{"id":8859,"date":"2025-12-11T08:59:13","date_gmt":"2025-12-11T08:59:13","guid":{"rendered":"https:\/\/skyhawksfusion.com\/gientnew\/?page_id=8859"},"modified":"2025-12-11T08:59:13","modified_gmt":"2025-12-11T08:59:13","slug":"khu-trung-chat-thai-y-te-so-voi-khu-khuan-chat-thai-y-te","status":"publish","type":"page","link":"https:\/\/skyhawksfusion.com\/gientnew\/vi\/khu-trung-chat-thai-y-te-so-voi-khu-khuan-chat-thai-y-te\/","title":{"rendered":"Kh\u1eed tr\u00f9ng ch\u1ea5t th\u1ea3i y t\u1ebf so v\u1edbi kh\u1eed khu\u1ea9n ch\u1ea5t th\u1ea3i y t\u1ebf"},"content":{"rendered":"<p><img decoding=\"async\" class=\"x-img x-img-none\" src=\"https:\/\/www.gient.net\/wp-content\/uploads\/2025\/10\/Medical-Waste-Sterilization.jpg\" \/><\/p>\n<h2 class=\"h-custom-headline cs-ta-left h2\">Kh\u1eed tr\u00f9ng ch\u1ea5t th\u1ea3i y t\u1ebf so v\u1edbi Kh\u1eed khu\u1ea9n<\/h2>\n<p>Ch\u1ea5t th\u1ea3i y t\u1ebf r\u1ea5t nguy hi\u1ec3m v\u00ec th\u01b0\u1eddng ch\u1ee9a c\u00e1c v\u1eadt li\u1ec7u l\u00e2y nhi\u1ec5m nh\u01b0 m\u00e1u, v\u1eadt s\u1eafc nh\u1ecdn v\u00e0 nh\u1ef1a b\u1ecb nhi\u1ec5m khu\u1ea9n. \u0110\u1ec3 l\u00e0m cho ch\u1ea5t th\u1ea3i n\u00e0y an to\u00e0n, n\u00f3 ph\u1ea3i \u0111\u01b0\u1ee3c <strong>kh\u1eed tr\u00f9ng<\/strong> ho\u1eb7c <strong>kh\u1eed khu\u1ea9n<\/strong>. M\u1eb7c d\u00f9 hai thu\u1eadt ng\u1eef n\u00e0y \u0111\u00f4i khi \u0111\u01b0\u1ee3c s\u1eed d\u1ee5ng thay th\u1ebf cho nhau, nh\u01b0ng ch\u00fang r\u1ea5t kh\u00e1c nhau trong th\u1ef1c t\u1ebf \u2014 v\u00e0 s\u1ef1 kh\u00e1c bi\u1ec7t n\u00e0y \u1ea3nh h\u01b0\u1edfng tr\u1ef1c ti\u1ebfp \u0111\u1ebfn s\u1ef1 an to\u00e0n, t\u00ednh b\u1ec1n v\u1eefng v\u00e0 kh\u1ea3 n\u0103ng t\u00e1i ch\u1ebf.<\/p>\n<h4><strong><b>Kh\u1eed tr\u00f9ng l\u00e0 g\u00ec?<\/b><\/strong><\/h4>\n<p><strong>\u0110\u1ecbnh ngh\u0129a<\/strong>: Kh\u1eed tr\u00f9ng lo\u1ea1i b\u1ecf <strong>t\u1ea5t c\u1ea3 c\u00e1c d\u1ea1ng s\u1ef1 s\u1ed1ng<\/strong> \u2014 vi khu\u1ea9n, vi r\u00fat, n\u1ea5m v\u00e0 th\u1eadm ch\u00ed c\u1ea3 b\u00e0o t\u1eed c\u00f3 kh\u1ea3 n\u0103ng kh\u00e1ng cao.<\/p>\n<p><strong>M\u1ee9c \u0111\u1ed9 \u0111\u1ea3m b\u1ea3o<\/strong>: \u0110\u01b0\u1ee3c x\u00e1c nh\u1eadn \u0111\u1ea1t <strong>M\u1ee9c \u0111\u1ed9 \u0111\u1ea3m b\u1ea3o v\u00f4 tr\u00f9ng (SAL) l\u00e0 10\u207b\u2076<\/strong>, ngh\u0129a l\u00e0 \u00edt h\u01a1n m\u1ed9t ph\u1ea7n tri\u1ec7u kh\u1ea3 n\u0103ng m\u1ed9t vi sinh v\u1eadt duy nh\u1ea5t s\u1ed1ng s\u00f3t.<\/p>\n<p><strong>Nh\u01b0ng SAL 10\u207b\u2076 kh\u00f4ng ph\u1ea3i l\u00e0 to\u00e0n b\u1ed9 c\u00e2u chuy\u1ec7n.<\/strong> Lo\u1ea1i b\u00e0o t\u1eed th\u1eed nghi\u1ec7m \u0111\u01b0\u1ee3c s\u1eed d\u1ee5ng \u0111\u1ec3 x\u00e1c nh\u1eadn quy tr\u00ecnh r\u1ea5t quan tr\u1ecdng:<\/p>\n<table>\n<tbody>\n<tr>\n<td><strong>C\u00f4ng ngh\u1ec7 kh\u1eed tr\u00f9ng<\/strong><\/td>\n<td><strong>Ch\u1ec9 th\u1ecb sinh h\u1ecdc<\/strong><\/p>\n<p><strong>(B\u00e0o t\u1eed th\u1eed nghi\u1ec7m)<\/strong><\/td>\n<td><strong>T\u1ea1i sao \u0111i\u1ec1u \u0111\u00f3 l\u1ea1i quan tr\u1ecdng<\/strong><\/td>\n<\/tr>\n<tr>\n<td><strong>Kh\u1eed tr\u00f9ng b\u1eb1ng h\u01a1i n\u01b0\u1edbc (N\u1ed3i h\u1ea5p, nhi\u1ec7t \u1ea9m)<\/strong><\/td>\n<td>B\u00e0o t\u1eed <em>Geobacillus stearothermophilus<\/em><\/td>\n<td>Nh\u1eefng b\u00e0o t\u1eed n\u00e0y c\u00f3 kh\u1ea3 n\u0103ng kh\u00e1ng cao v\u1edbi nhi\u1ec7t \u1ea9m. N\u1ebfu n\u1ed3i h\u1ea5p c\u00f3 th\u1ec3 ti\u00eau di\u1ec7t ch\u00fang, n\u00f3 c\u00f3 th\u1ec3 kh\u1eed tr\u00f9ng \u0111\u00e1ng tin c\u1eady t\u1ea5t c\u1ea3 c\u00e1c m\u1ea7m b\u1ec7nh kh\u00e1c.<\/td>\n<\/tr>\n<tr>\n<td><strong>Kh\u1eed tr\u00f9ng b\u1eb1ng nhi\u1ec7t kh\u00f4 (kh\u00f4ng kh\u00ed n\u00f3ng, kh\u00f4ng c\u00f3 \u0111\u1ed9 \u1ea9m)<\/strong><\/td>\n<td>B\u00e0o t\u1eed <em>Bacillus atrophaeus<\/em><\/td>\n<td>Nh\u1eefng b\u00e0o t\u1eed n\u00e0y c\u00f3 kh\u1ea3 n\u0103ng kh\u00e1ng nhi\u1ec7t kh\u00f4. \u0110\u01b0\u1ee3c s\u1eed d\u1ee5ng \u0111\u1ec3 x\u00e1c nh\u1eadn c\u00e1c ph\u01b0\u01a1ng ph\u00e1p kh\u1eed tr\u00f9ng b\u1eb1ng kh\u00f4ng kh\u00ed n\u00f3ng ho\u1eb7c h\u00f3a ch\u1ea5t.<\/td>\n<\/tr>\n<\/tbody>\n<\/table>\n<p>Khi qu\u00e1 tr\u00ecnh kh\u1eed tr\u00f9ng \u0111\u01b0\u1ee3c ch\u1ee9ng minh hi\u1ec7u qu\u1ea3 \u0111\u1ed1i v\u1edbi <strong>c\u00e1c b\u00e0o t\u1eed c\u00f3 kh\u1ea3 n\u0103ng kh\u00e1ng cao nh\u1ea5t \u0111\u1ed1i v\u1edbi ph\u01b0\u01a1ng ph\u00e1p \u0111\u00f3<\/strong>, s\u1ef1 an to\u00e0n \u0111\u01b0\u1ee3c \u0111\u1ea3m b\u1ea3o. N\u1ed3i h\u1ea5p (kh\u1eed tr\u00f9ng b\u1eb1ng h\u01a1i n\u01b0\u1edbc) \u0111\u01b0\u1ee3c x\u00e1c nh\u1eadn b\u1eb1ng b\u00e0o t\u1eed <em>G. stearothermophilus<\/em> cung c\u1ea5p s\u1ef1 \u0111\u1ea3m b\u1ea3o kh\u1eed tr\u00f9ng cao nh\u1ea5t cho ch\u1ea5t th\u1ea3i y t\u1ebf. <\/p>\n<h4><strong>Kh\u1eed tr\u00f9ng l\u00e0 g\u00ec?<\/strong><\/h4>\n<p><strong>\u0110\u1ecbnh ngh\u0129a<\/strong>: Kh\u1eed tr\u00f9ng l\u00e0m gi\u1ea3m s\u1ed1 l\u01b0\u1ee3ng vi sinh v\u1eadt nh\u01b0ng <strong>kh\u00f4ng nh\u1ea5t thi\u1ebft ph\u1ea3i ti\u00eau di\u1ec7t t\u1ea5t c\u1ea3 ch\u00fang<\/strong>.<\/p>\n<p><strong>H\u1ea1n ch\u1ebf<\/strong>: B\u00e0o t\u1eed v\u00e0 m\u1ed9t s\u1ed1 m\u1ea7m b\u1ec7nh c\u00f3 th\u1ec3 t\u1ed3n t\u1ea1i.<\/p>\n<p><strong>S\u1eed d\u1ee5ng<\/strong>: Th\u00edch h\u1ee3p \u0111\u1ec3 l\u00e0m s\u1ea1ch b\u1ec1 m\u1eb7t ho\u1eb7c ch\u1ea5t th\u1ea3i l\u1ecfng. Y\u00eau c\u1ea7u t\u1ed1i thi\u1ec3u \u0111\u01b0\u1ee3c khuy\u1ebfn ngh\u1ecb cho x\u1eed l\u00fd ch\u1ea5t th\u1ea3i y t\u1ebf n\u00f3i chung.<\/p>\n<h4><strong>Ti\u00eau chu\u1ea9n qu\u1ed1c t\u1ebf v\u1ec1 x\u1eed l\u00fd ch\u1ea5t th\u1ea3i y t\u1ebf<\/strong><\/h4>\n<p><strong>Ti\u00eau chu\u1ea9n STAATT<\/strong> (Hi\u1ec7p h\u1ed9i c\u00e1c ti\u1ec3u bang v\u00e0 v\u00f9ng l\u00e3nh th\u1ed5 v\u1ec1 c\u00f4ng ngh\u1ec7 x\u1eed l\u00fd thay th\u1ebf) x\u00e1c \u0111\u1ecbnh c\u00e1c m\u1ee9c \u0111\u1ed9 b\u1ea5t ho\u1ea1t vi sinh v\u1eadt:<\/p>\n<p><strong>C\u1ea5p \u0111\u1ed9 I<\/strong>: B\u1ea5t ho\u1ea1t vi khu\u1ea9n sinh d\u01b0\u1ee1ng, n\u1ea5m v\u00e0 virus \u01b0a lipid \u1edf m\u1ee9c gi\u1ea3m 6 Log10 tr\u1edf l\u00ean<\/p>\n<p><strong>C\u1ea5p \u0111\u1ed9 II<\/strong>: B\u1ea5t ho\u1ea1t vi khu\u1ea9n sinh d\u01b0\u1ee1ng, n\u1ea5m, virus \u01b0a lipid\/\u01b0a n\u01b0\u1edbc, k\u00fd sinh tr\u00f9ng v\u00e0 vi khu\u1ea9n lao \u1edf m\u1ee9c gi\u1ea3m 6 Log10 tr\u1edf l\u00ean<\/p>\n<p><strong>C\u1ea5p \u0111\u1ed9 III<\/strong>: B\u1ea5t ho\u1ea1t vi khu\u1ea9n sinh d\u01b0\u1ee1ng, n\u1ea5m, virus \u01b0a lipid\/\u01b0a n\u01b0\u1edbc, k\u00fd sinh tr\u00f9ng v\u00e0 vi khu\u1ea9n lao \u1edf m\u1ee9c gi\u1ea3m 6 Log10 tr\u1edf l\u00ean; v\u00e0 b\u1ea5t ho\u1ea1t b\u00e0o t\u1eed B. stearothermophilus (b\u00e0o t\u1eed Geobacillus stearothermophilus) v\u00e0 b\u00e0o t\u1eed B. subtilis (b\u00e0o t\u1eed Bacillus atrophaeus) \u1edf m\u1ee9c gi\u1ea3m 4 Log10 tr\u1edf l\u00ean<\/p>\n<p><strong>C\u1ea5p \u0111\u1ed9 IV<\/strong>: B\u1ea5t ho\u1ea1t vi khu\u1ea9n sinh d\u01b0\u1ee1ng, n\u1ea5m, virus \u01b0a lipid\/\u01b0a n\u01b0\u1edbc, k\u00fd sinh tr\u00f9ng v\u00e0 vi khu\u1ea9n lao, v\u00e0 <strong><u>B. B\u00e0o t\u1eed Stearothermophilus (b\u00e0o t\u1eed Geobacillus stearothermophilus) v\u1edbi m\u1ee9c gi\u1ea3m 6 Log10 tr\u1edf l\u00ean<\/b><\/u><\/strong><\/p>\n<p><strong><u><b>Kh\u1eed tr\u00f9ng c\u1ea5p \u0111\u1ed9 III l\u00e0 ti\u00eau chu\u1ea9n t\u1ed1i thi\u1ec3u \u0111\u01b0\u1ee3c STAATT khuy\u1ebfn ngh\u1ecb.<\/b><\/u><\/strong><\/p>\n<h4><strong><b>C\u00e1c c\u1ea5p \u0111\u1ed9 STAATT \u0111\u1ea1t \u0111\u01b0\u1ee3c b\u1eb1ng c\u00e1c c\u00f4ng ngh\u1ec7 ph\u1ed5 bi\u1ebfn<\/b><\/strong><\/h4>\n<table>\n<tbody>\n<tr>\n<td><strong>C\u00f4ng ngh\u1ec7<\/strong><\/td>\n<td><strong>Nhi\u1ec7t \u0111\u1ed9 ho\u1ea1t \u0111\u1ed9ng \u0111i\u1ec3n h\u00ecnh<\/strong><\/td>\n<td><strong>C\u1ea5p \u0111\u1ed9 STAATT<\/strong><\/td>\n<td><strong>Ch\u1ec9 th\u1ecb sinh h\u1ecdc (B\u00e0o t\u1eed th\u1eed nghi\u1ec7m)<\/strong><\/td>\n<td><strong>Gi\u1ea3i th\u00edch<\/strong><\/td>\n<\/tr>\n<tr>\n<td><strong>N\u1ed3i h\u1ea5p (Kh\u1eed tr\u00f9ng b\u1eb1ng h\u01a1i n\u01b0\u1edbc, ch\u00e2n kh\u00f4ng cao)<\/strong><\/td>\n<td>121\u2013134 \u00b0C (h\u01a1i n\u01b0\u1edbc \u00e1p su\u1ea5t cao)<\/td>\n<td><strong>C\u1ea5p \u0111\u1ed9 IV (Kh\u1eed tr\u00f9ng)<\/strong><\/td>\n<td><em>Geobacillus stearothermophilus<\/em><\/td>\n<td>Ti\u00eau chu\u1ea9n v\u00e0ng cho kh\u1eed tr\u00f9ng b\u1eb1ng nhi\u1ec7t \u1ea9m. \u0110\u00e3 \u0111\u01b0\u1ee3c ch\u1ee9ng minh SAL 10\u207b\u2076, v\u00f4 hi\u1ec7u h\u00f3a ho\u00e0n to\u00e0n t\u1ea5t c\u1ea3 c\u00e1c vi sinh v\u1eadt bao g\u1ed3m c\u1ea3 b\u00e0o t\u1eed kh\u00e1ng nhi\u1ec7t.<\/td>\n<\/tr>\n<tr>\n<td><strong>H\u1ec7 th\u1ed1ng n\u1ed3i h\u1ea5p t\u00edch h\u1ee3p v\u1edbi m\u00e1y nghi\u1ec1n<\/strong><\/td>\n<td>121\u2013134 \u00b0C (h\u01a1i n\u01b0\u1edbc \u00e1p su\u1ea5t cao)<\/td>\n<td><strong>C\u1ea5p \u0111\u1ed9 IV (Kh\u1eed tr\u00f9ng)<\/strong><\/td>\n<td><em>Geobacillus stearothermophilus<\/em><\/td>\n<td>\u0110\u1ea3m b\u1ea3o kh\u1eed tr\u00f9ng t\u01b0\u01a1ng t\u1ef1 nh\u01b0 n\u1ed3i h\u1ea5p, v\u1edbi ch\u1ee9c n\u0103ng nghi\u1ec1n \u0111\u1ec3 gi\u1ea3m th\u1ec3 t\u00edch v\u00e0 t\u00e1i ch\u1ebf.<\/td>\n<\/tr>\n<tr>\n<td><strong>Kh\u1eed tr\u00f9ng b\u1eb1ng nhi\u1ec7t kh\u00f4 (ma s\u00e1t, kh\u00f4ng kh\u00ed n\u00f3ng)<\/strong><\/td>\n<td>120\u2013150 \u00b0C<\/td>\n<td><strong>C\u1ea5p \u0111\u1ed9 III\u2013IV (t\u00f9y thu\u1ed9c v\u00e0o qu\u00e1 tr\u00ecnh x\u00e1c nh\u1eadn)<\/strong><\/td>\n<td><em>Bacillus atrophaeus<\/em><\/p>\n<p><em>Geobacillus stearothermophilus<\/em><\/td>\n<td>C\u00f3 th\u1ec3 \u0111\u1ea1t \u0111\u01b0\u1ee3c kh\u1eed tr\u00f9ng n\u1ebfu \u0111\u01b0\u1ee3c l\u00e0m n\u00f3ng \u0111\u1ec1u v\u00e0 \u0111\u01b0\u1ee3c x\u00e1c nh\u1eadn \u0111\u00fang c\u00e1ch, nh\u01b0ng k\u00e9m tin c\u1eady h\u01a1n so v\u1edbi h\u01a1i n\u01b0\u1edbc.<\/td>\n<\/tr>\n<tr>\n<td><strong>Kh\u1eed tr\u00f9ng b\u1eb1ng vi s\u00f3ng<\/strong><\/td>\n<td>95\u2013100 \u00b0C (ch\u1ee7 y\u1ebfu b\u1eb1ng c\u00e1ch l\u00e0m n\u00f3ng \u0111\u1ed9 \u1ea9m b\u00ean trong ho\u1eb7c \u0111\u01b0\u1ee3c b\u01a1m v\u00e0o)<\/td>\n<td><strong>C\u1ea5p \u0111\u1ed9 II\u2013III (Kh\u1eed tr\u00f9ng)<\/strong><\/td>\n<td><em>Bacillus atrophaeus<\/em><\/td>\n<td>L\u00e0m n\u00f3ng \u0111\u1ed9 \u1ea9m trong ch\u1ea5t th\u1ea3i, nh\u01b0ng ch\u01b0a \u0111\u01b0\u1ee3c x\u00e1c nh\u1eadn v\u1edbi b\u00e0o t\u1eed kh\u00e1ng nhi\u1ec7t. \u0110\u01b0\u1ee3c ph\u00e2n lo\u1ea1i l\u00e0 kh\u1eed tr\u00f9ng, kh\u00f4ng ph\u1ea3i ti\u1ec7t tr\u00f9ng.<\/td>\n<\/tr>\n<tr>\n<td><strong>Kh\u1eed tr\u00f9ng b\u1eb1ng h\u00f3a ch\u1ea5t<\/strong><\/td>\n<td>Nhi\u1ec7t \u0111\u1ed9 m\u00f4i tr\u01b0\u1eddng ho\u1eb7c h\u01a1i cao h\u01a1n<\/td>\n<td>C\u1ea5p \u0111\u1ed9 II\u2013III (Kh\u1eed tr\u00f9ng)<\/td>\n<td>Kh\u00f4ng c\u00f3 ti\u00eau chu\u1ea9n n\u00e0o cho b\u00e0o t\u1eed<\/td>\n<td>Hi\u1ec7u qu\u1ea3 \u0111\u1ed1i v\u1edbi ch\u1ea5t th\u1ea3i l\u1ecfng, nh\u01b0ng kh\u00f4ng \u0111\u1ea3m b\u1ea3o kh\u1eed tr\u00f9ng ch\u1ea5t r\u1eafn ho\u1eb7c b\u00e0o t\u1eed.<\/td>\n<\/tr>\n<tr>\n<td><strong>H\u1ed3 quang plasma<\/strong><\/td>\n<td>&gt;3.000 \u00b0C (ng\u1ecdn l\u1eeda plasma)<\/td>\n<td><strong>C\u1ea5p \u0111\u1ed9 IV (Kh\u1eed tr\u00f9ng)<\/strong><\/td>\n<td>Kh\u00f4ng d\u1ef1a tr\u00ean b\u00e0o t\u1eed; ph\u00e1 h\u1ee7y t\u1ea5t c\u1ea3 ch\u1ea5t h\u1eefu c\u01a1<\/td>\n<td>Nhi\u1ec7t \u0111\u1ed9 c\u1ef1c cao l\u00e0m kh\u00ed h\u00f3a ch\u1ea5t th\u1ea3i, \u0111\u1ea1t \u0111\u01b0\u1ee3c s\u1ef1 ph\u00e1 h\u1ee7y ho\u00e0n to\u00e0n.<\/td>\n<p> Chi ph\u00ed cao, s\u1eed d\u1ee5ng trong l\u0129nh v\u1ef1c chuy\u00ean bi\u1ec7t.<br \/>\n<strong>Ch\u1ec9 c\u00f3 n\u1ed3i h\u1ea5p ti\u1ec7t tr\u00f9ng m\u1edbi l\u00e0 c\u00f4ng ngh\u1ec7 \u0111\u01b0\u1ee3c s\u1eed d\u1ee5ng ph\u1ed5 bi\u1ebfn \u0111\u1ec3 \u0111\u1ea1t \u0111\u01b0\u1ee3c m\u1ee9c \u0111\u1ed9 ti\u1ec7t tr\u00f9ng STAATT C\u1ea5p IV v\u00e0 SAL-6 (6log10) m\u1ed9t c\u00e1ch \u0111\u00e1ng tin c\u1eady, \u0111\u01b0\u1ee3c x\u00e1c nh\u1eadn b\u1eb1ng b\u00e0o t\u1eed G. stearothermophilus.<\/strong><\/p>\n<h4><strong>T\u1ea1i sao l\u00f2 vi s\u00f3ng kh\u00f4ng ph\u1ea3i l\u00e0 ph\u01b0\u01a1ng ph\u00e1p ti\u1ec7t tr\u00f9ng<\/strong><\/h4>\n<p>H\u1ec7 th\u1ed1ng l\u00f2 vi s\u00f3ng \u0111\u00f4i khi b\u1ecb hi\u1ec3u nh\u1ea7m l\u00e0 &#8220;ti\u1ec7t tr\u00f9ng&#8221;, nh\u01b0ng tr\u00ean th\u1ef1c t\u1ebf ch\u00fang l\u00e0 c\u00f4ng ngh\u1ec7 kh\u1eed tr\u00f9ng.<\/p>\n<p><strong>C\u00e1ch th\u1ee9c ho\u1ea1t \u0111\u1ed9ng c\u1ee7a l\u00f2 vi s\u00f3ng<\/strong><\/p>\n<p>L\u00f2 vi s\u00f3ng th\u01b0\u1eddng kh\u00f4ng tr\u1ef1c ti\u1ebfp ti\u00eau di\u1ec7t vi tr\u00f9ng. Thay v\u00e0o \u0111\u00f3, ch\u00fang ch\u1ee7 y\u1ebfu l\u00e0m n\u00f3ng \u0111\u1ed9 \u1ea9m b\u00ean trong ch\u1ea5t th\u1ea3i (ho\u1eb7c \u0111\u1ed9 \u1ea9m b\u1ed5 sung \u0111\u01b0\u1ee3c b\u01a1m v\u00e0o h\u1ec7 th\u1ed1ng). M\u00f4i tr\u01b0\u1eddng nhi\u1ec7t \u0111\u1ed9 cao c\u00f3 th\u1ec3 ti\u00eau di\u1ec7t nhi\u1ec1u vi khu\u1ea9n v\u00e0 virus, nh\u01b0ng n\u00f3 kh\u00f4ng gi\u1ed1ng v\u1edbi nhi\u1ec7t \u0111\u1ed9 \u0111\u01b0\u1ee3c ki\u1ec3m so\u00e1t trong qu\u00e1 tr\u00ecnh ti\u1ec7t tr\u00f9ng b\u1eb1ng h\u01a1i n\u01b0\u1edbc \u00e1p su\u1ea5t cao.<\/p>\n<p><strong>Kh\u00f4ng s\u1eed d\u1ee5ng \u0111\u00fang lo\u1ea1i b\u00e0o t\u1eed \u0111\u1ec3 x\u00e1c nh\u1eadn<\/strong><\/p>\n<p>H\u1ec7 th\u1ed1ng l\u00f2 vi s\u00f3ng s\u1eed d\u1ee5ng b\u00e0o t\u1eed <em>Bacillus atrophaeus<\/em> \u0111\u1ec3 th\u1eed nghi\u1ec7m, tuy nhi\u00ean, lo\u1ea1i b\u00e0o t\u1eed n\u00e0y \u0111\u01b0\u1ee3c s\u1eed d\u1ee5ng cho nhi\u1ec7t kh\u00f4. Trong m\u00f4i tr\u01b0\u1eddng x\u1eed l\u00fd \u1ea9m, 6log10 (99,9999%) b\u00e0o t\u1eed <em>Bacillus atrophaeus<\/em> kh\u00f4ng x\u00e1c nh\u1eadn \u0111\u01b0\u1ee3c m\u1ee9c \u0111\u1ed9 \u0111\u1ea3m b\u1ea3o ti\u1ec7t tr\u00f9ng SAL 10\u207b\u2076. \u0110i\u1ec1u \u0111\u00f3 c\u00f3 ngh\u0129a l\u00e0 l\u00f2 vi s\u00f3ng kh\u00f4ng th\u1ec3 ch\u1ee9ng minh m\u1ed9t c\u00e1ch khoa h\u1ecdc kh\u1ea3 n\u0103ng ti\u1ec7t tr\u00f9ng \u1edf m\u1ee9c \u0111\u1ed9 y\u00eau c\u1ea7u.<\/p>\n<p><strong>S\u1ef1 c\u00f4ng nh\u1eadn c\u1ee7a ng\u00e0nh c\u00f4ng nghi\u1ec7p<\/strong><\/p>\n<p>Trong ng\u00e0nh y t\u1ebf tr\u00ean to\u00e0n th\u1ebf gi\u1edbi, h\u1ec7 th\u1ed1ng l\u00f2 vi s\u00f3ng kh\u00f4ng \u0111\u01b0\u1ee3c x\u00e1c nh\u1eadn ho\u1eb7c ch\u1ea5p nh\u1eadn l\u00e0 c\u00f4ng ngh\u1ec7 ti\u1ec7t tr\u00f9ng.<\/p>\n<h4><strong>T\u1ea1i sao ti\u1ec7t tr\u00f9ng b\u1eb1ng n\u1ed3i h\u1ea5p an to\u00e0n h\u01a1n<\/strong><\/h4>\n<p><strong>\u0110\u01b0\u1ee3c ch\u1ee9ng minh b\u1eb1ng c\u00e1c lo\u1ea1i b\u00e0o t\u1eed kh\u00f3 ti\u00eau di\u1ec7t nh\u1ea5t<\/strong> (<em>G. stearothermophilus<\/em>), ch\u1ee9 kh\u00f4ng ch\u1ec9 c\u00e1c sinh v\u1eadt d\u1ec5 b\u1ecb ti\u00eau di\u1ec7t.<\/p>\n<p><strong>An to\u00e0n tuy\u1ec7t \u0111\u1ed1i<\/strong>: lo\u1ea1i b\u1ecf t\u1ea5t c\u1ea3 c\u00e1c m\u1ea7m b\u1ec7nh, bao g\u1ed3m HIV, vi\u00eam gan, lao v\u00e0 COVID-19.<\/p>\n<p><strong>Kh\u00f4ng ph\u00e1t th\u1ea3i \u0111\u1ed9c h\u1ea1i<\/strong>: kh\u00f4ng gi\u1ed1ng nh\u01b0 \u0111\u1ed1t r\u00e1c.<\/p>\n<p><strong>Hi\u1ec7u qu\u1ea3 v\u1ec1 chi ph\u00ed:<\/strong> hi\u1ec7u qu\u1ea3 v\u1ec1 chi ph\u00ed v\u1eadn h\u00e0nh v\u00e0 b\u1ea3o tr\u00ec.<\/p>\n<p><strong>Cho ph\u00e9p t\u00e1i ch\u1ebf<\/strong>: nh\u1ef1a v\u00e0 c\u00e1c v\u1eadt li\u1ec7u kh\u00e1c \u0111\u00e3 \u0111\u01b0\u1ee3c ti\u1ec7t tr\u00f9ng c\u00f3 th\u1ec3 \u0111\u01b0\u1ee3c t\u00e1i ch\u1ebf m\u1ed9t c\u00e1ch an to\u00e0n. <strong>Tu\u00e2n th\u1ee7 ti\u00eau chu\u1ea9n to\u00e0n c\u1ea7u<\/strong>: \u0111\u00e1p \u1ee9ng c\u00e1c ti\u00eau chu\u1ea9n c\u1ee7a WHO, EU v\u00e0 EPA.<\/p>\n<p><strong><b>Ti\u00ean ti\u1ebfn:<\/b><\/strong> H\u1ec7 th\u1ed1ng kh\u1eed tr\u00f9ng ch\u1ea5t th\u1ea3i y t\u1ebf hi\u1ec7n \u0111\u1ea1i gi\u1ea3i quy\u1ebft hi\u1ec7u qu\u1ea3 h\u1ea7u h\u1ebft c\u00e1c v\u1ea5n \u0111\u1ec1 trong l\u0129nh v\u1ef1c x\u1eed l\u00fd ch\u1ea5t th\u1ea3i y t\u1ebf.<\/p>\n<p>T\u1ea1i <strong><b>Gient,<\/b><\/strong> \u01b0u ti\u00ean h\u00e0ng \u0111\u1ea7u c\u1ee7a ch\u00fang t\u00f4i l\u00e0 b\u1ea3o v\u1ec7 con ng\u01b0\u1eddi v\u00e0 h\u00e0nh tinh. Ch\u00fang t\u00f4i cam k\u1ebft tu\u00e2n th\u1ee7 c\u00e1c ti\u00eau chu\u1ea9n an to\u00e0n v\u00e0 b\u1ec1n v\u1eefng cao nh\u1ea5t trong m\u1ecdi gi\u1ea3i ph\u00e1p m\u00e0 ch\u00fang t\u00f4i cung c\u1ea5p.<\/p>\n","protected":false},"excerpt":{"rendered":"<p>Kh\u1eed tr\u00f9ng ch\u1ea5t th\u1ea3i y t\u1ebf so v\u1edbi Kh\u1eed khu\u1ea9n Ch\u1ea5t th\u1ea3i y t\u1ebf r\u1ea5t nguy hi\u1ec3m v\u00ec th\u01b0\u1eddng ch\u1ee9a c\u00e1c v\u1eadt li\u1ec7u l\u00e2y nhi\u1ec5m nh\u01b0 m\u00e1u, v\u1eadt s\u1eafc nh\u1ecdn v\u00e0 nh\u1ef1a b\u1ecb nhi\u1ec5m khu\u1ea9n. \u0110\u1ec3 l\u00e0m cho ch\u1ea5t th\u1ea3i n\u00e0y an to\u00e0n, n\u00f3 ph\u1ea3i \u0111\u01b0\u1ee3c kh\u1eed tr\u00f9ng ho\u1eb7c kh\u1eed khu\u1ea9n. M\u1eb7c d\u00f9 hai thu\u1eadt [&hellip;]<\/p>\n","protected":false},"author":1,"featured_media":0,"parent":0,"menu_order":0,"comment_status":"closed","ping_status":"closed","template":"template-medical-wasteinci.php","meta":{"_acf_changed":false,"footnotes":""},"class_list":["post-8859","page","type-page","status-publish","hentry"],"acf":[],"yoast_head":"<!-- This site is optimized with the Yoast SEO Premium plugin v25.6 (Yoast SEO v26.7) - https:\/\/yoast.com\/wordpress\/plugins\/seo\/ -->\n<title>Kh\u1eed tr\u00f9ng ch\u1ea5t th\u1ea3i y t\u1ebf so v\u1edbi kh\u1eed khu\u1ea9n ch\u1ea5t th\u1ea3i y t\u1ebf - GIENT - Medical waste treatment and disposal equipment<\/title>\n<meta name=\"robots\" content=\"noindex, follow, max-snippet:-1, max-image-preview:large, max-video-preview:-1\" \/>\n<meta property=\"og:locale\" content=\"en_US\" \/>\n<meta property=\"og:type\" content=\"article\" \/>\n<meta property=\"og:title\" content=\"Kh\u1eed tr\u00f9ng ch\u1ea5t th\u1ea3i y t\u1ebf so v\u1edbi kh\u1eed khu\u1ea9n ch\u1ea5t th\u1ea3i y t\u1ebf\" \/>\n<meta property=\"og:description\" content=\"Kh\u1eed tr\u00f9ng ch\u1ea5t th\u1ea3i y t\u1ebf so v\u1edbi Kh\u1eed khu\u1ea9n Ch\u1ea5t th\u1ea3i y t\u1ebf r\u1ea5t nguy hi\u1ec3m v\u00ec th\u01b0\u1eddng ch\u1ee9a c\u00e1c v\u1eadt li\u1ec7u l\u00e2y nhi\u1ec5m nh\u01b0 m\u00e1u, v\u1eadt s\u1eafc nh\u1ecdn v\u00e0 nh\u1ef1a b\u1ecb nhi\u1ec5m khu\u1ea9n. \u0110\u1ec3 l\u00e0m cho ch\u1ea5t th\u1ea3i n\u00e0y an to\u00e0n, n\u00f3 ph\u1ea3i \u0111\u01b0\u1ee3c kh\u1eed tr\u00f9ng ho\u1eb7c kh\u1eed khu\u1ea9n. M\u1eb7c d\u00f9 hai thu\u1eadt [&hellip;]\" \/>\n<meta property=\"og:url\" content=\"https:\/\/skyhawksfusion.com\/gientnew\/vi\/khu-trung-chat-thai-y-te-so-voi-khu-khuan-chat-thai-y-te\/\" \/>\n<meta property=\"og:site_name\" content=\"GIENT - Medical waste treatment and disposal equipment\" \/>\n<meta property=\"article:publisher\" content=\"https:\/\/www.facebook.com\/gient.net\/?fref=ts\" \/>\n<meta property=\"og:image\" content=\"https:\/\/www.gient.net\/wp-content\/uploads\/2025\/10\/Medical-Waste-Sterilization.jpg\" \/>\n<meta name=\"twitter:card\" content=\"summary_large_image\" \/>\n<meta name=\"twitter:site\" content=\"@GientNews\" \/>\n<meta name=\"twitter:label1\" content=\"Est. reading time\" \/>\n\t<meta name=\"twitter:data1\" content=\"11 minutes\" \/>\n<script type=\"application\/ld+json\" class=\"yoast-schema-graph\">{\"@context\":\"https:\/\/schema.org\",\"@graph\":[{\"@type\":\"WebPage\",\"@id\":\"https:\/\/skyhawksfusion.com\/gientnew\/vi\/khu-trung-chat-thai-y-te-so-voi-khu-khuan-chat-thai-y-te\/\",\"url\":\"https:\/\/skyhawksfusion.com\/gientnew\/vi\/khu-trung-chat-thai-y-te-so-voi-khu-khuan-chat-thai-y-te\/\",\"name\":\"Kh\u1eed tr\u00f9ng ch\u1ea5t th\u1ea3i y t\u1ebf so v\u1edbi kh\u1eed khu\u1ea9n ch\u1ea5t th\u1ea3i y t\u1ebf - GIENT - Medical waste treatment and disposal equipment\",\"isPartOf\":{\"@id\":\"https:\/\/skyhawksfusion.com\/gientnew\/#website\"},\"primaryImageOfPage\":{\"@id\":\"https:\/\/skyhawksfusion.com\/gientnew\/vi\/khu-trung-chat-thai-y-te-so-voi-khu-khuan-chat-thai-y-te\/#primaryimage\"},\"image\":{\"@id\":\"https:\/\/skyhawksfusion.com\/gientnew\/vi\/khu-trung-chat-thai-y-te-so-voi-khu-khuan-chat-thai-y-te\/#primaryimage\"},\"thumbnailUrl\":\"https:\/\/www.gient.net\/wp-content\/uploads\/2025\/10\/Medical-Waste-Sterilization.jpg\",\"datePublished\":\"2025-12-11T08:59:13+00:00\",\"breadcrumb\":{\"@id\":\"https:\/\/skyhawksfusion.com\/gientnew\/vi\/khu-trung-chat-thai-y-te-so-voi-khu-khuan-chat-thai-y-te\/#breadcrumb\"},\"inLanguage\":\"en-US\",\"potentialAction\":[{\"@type\":\"ReadAction\",\"target\":[\"https:\/\/skyhawksfusion.com\/gientnew\/vi\/khu-trung-chat-thai-y-te-so-voi-khu-khuan-chat-thai-y-te\/\"]}]},{\"@type\":\"ImageObject\",\"inLanguage\":\"en-US\",\"@id\":\"https:\/\/skyhawksfusion.com\/gientnew\/vi\/khu-trung-chat-thai-y-te-so-voi-khu-khuan-chat-thai-y-te\/#primaryimage\",\"url\":\"https:\/\/www.gient.net\/wp-content\/uploads\/2025\/10\/Medical-Waste-Sterilization.jpg\",\"contentUrl\":\"https:\/\/www.gient.net\/wp-content\/uploads\/2025\/10\/Medical-Waste-Sterilization.jpg\"},{\"@type\":\"BreadcrumbList\",\"@id\":\"https:\/\/skyhawksfusion.com\/gientnew\/vi\/khu-trung-chat-thai-y-te-so-voi-khu-khuan-chat-thai-y-te\/#breadcrumb\",\"itemListElement\":[{\"@type\":\"ListItem\",\"position\":1,\"name\":\"Home\",\"item\":\"https:\/\/skyhawksfusion.com\/gientnew\/\"},{\"@type\":\"ListItem\",\"position\":2,\"name\":\"Kh\u1eed tr\u00f9ng ch\u1ea5t th\u1ea3i y t\u1ebf so v\u1edbi kh\u1eed khu\u1ea9n ch\u1ea5t th\u1ea3i y t\u1ebf\"}]},{\"@type\":\"WebSite\",\"@id\":\"https:\/\/skyhawksfusion.com\/gientnew\/#website\",\"url\":\"https:\/\/skyhawksfusion.com\/gientnew\/\",\"name\":\"GIENT - Medical waste treatment and disposal equipment\",\"description\":\"medical waste treatment, medical waste disposal, medical waste autoclave\",\"potentialAction\":[{\"@type\":\"SearchAction\",\"target\":{\"@type\":\"EntryPoint\",\"urlTemplate\":\"https:\/\/skyhawksfusion.com\/gientnew\/?s={search_term_string}\"},\"query-input\":{\"@type\":\"PropertyValueSpecification\",\"valueRequired\":true,\"valueName\":\"search_term_string\"}}],\"inLanguage\":\"en-US\"}]}<\/script>\n<!-- \/ Yoast SEO Premium plugin. -->","yoast_head_json":{"title":"Kh\u1eed tr\u00f9ng ch\u1ea5t th\u1ea3i y t\u1ebf so v\u1edbi kh\u1eed khu\u1ea9n ch\u1ea5t th\u1ea3i y t\u1ebf - GIENT - Medical waste treatment and disposal equipment","robots":{"index":"noindex","follow":"follow","max-snippet":"max-snippet:-1","max-image-preview":"max-image-preview:large","max-video-preview":"max-video-preview:-1"},"og_locale":"en_US","og_type":"article","og_title":"Kh\u1eed tr\u00f9ng ch\u1ea5t th\u1ea3i y t\u1ebf so v\u1edbi kh\u1eed khu\u1ea9n ch\u1ea5t th\u1ea3i y t\u1ebf","og_description":"Kh\u1eed tr\u00f9ng ch\u1ea5t th\u1ea3i y t\u1ebf so v\u1edbi Kh\u1eed khu\u1ea9n Ch\u1ea5t th\u1ea3i y t\u1ebf r\u1ea5t nguy hi\u1ec3m v\u00ec th\u01b0\u1eddng ch\u1ee9a c\u00e1c v\u1eadt li\u1ec7u l\u00e2y nhi\u1ec5m nh\u01b0 m\u00e1u, v\u1eadt s\u1eafc nh\u1ecdn v\u00e0 nh\u1ef1a b\u1ecb nhi\u1ec5m khu\u1ea9n. \u0110\u1ec3 l\u00e0m cho ch\u1ea5t th\u1ea3i n\u00e0y an to\u00e0n, n\u00f3 ph\u1ea3i \u0111\u01b0\u1ee3c kh\u1eed tr\u00f9ng ho\u1eb7c kh\u1eed khu\u1ea9n. M\u1eb7c d\u00f9 hai thu\u1eadt [&hellip;]","og_url":"https:\/\/skyhawksfusion.com\/gientnew\/vi\/khu-trung-chat-thai-y-te-so-voi-khu-khuan-chat-thai-y-te\/","og_site_name":"GIENT - Medical waste treatment and disposal equipment","article_publisher":"https:\/\/www.facebook.com\/gient.net\/?fref=ts","og_image":[{"url":"https:\/\/www.gient.net\/wp-content\/uploads\/2025\/10\/Medical-Waste-Sterilization.jpg","type":"","width":"","height":""}],"twitter_card":"summary_large_image","twitter_site":"@GientNews","twitter_misc":{"Est. reading time":"11 minutes"},"schema":{"@context":"https:\/\/schema.org","@graph":[{"@type":"WebPage","@id":"https:\/\/skyhawksfusion.com\/gientnew\/vi\/khu-trung-chat-thai-y-te-so-voi-khu-khuan-chat-thai-y-te\/","url":"https:\/\/skyhawksfusion.com\/gientnew\/vi\/khu-trung-chat-thai-y-te-so-voi-khu-khuan-chat-thai-y-te\/","name":"Kh\u1eed tr\u00f9ng ch\u1ea5t th\u1ea3i y t\u1ebf so v\u1edbi kh\u1eed khu\u1ea9n ch\u1ea5t th\u1ea3i y t\u1ebf - GIENT - Medical waste treatment and disposal equipment","isPartOf":{"@id":"https:\/\/skyhawksfusion.com\/gientnew\/#website"},"primaryImageOfPage":{"@id":"https:\/\/skyhawksfusion.com\/gientnew\/vi\/khu-trung-chat-thai-y-te-so-voi-khu-khuan-chat-thai-y-te\/#primaryimage"},"image":{"@id":"https:\/\/skyhawksfusion.com\/gientnew\/vi\/khu-trung-chat-thai-y-te-so-voi-khu-khuan-chat-thai-y-te\/#primaryimage"},"thumbnailUrl":"https:\/\/www.gient.net\/wp-content\/uploads\/2025\/10\/Medical-Waste-Sterilization.jpg","datePublished":"2025-12-11T08:59:13+00:00","breadcrumb":{"@id":"https:\/\/skyhawksfusion.com\/gientnew\/vi\/khu-trung-chat-thai-y-te-so-voi-khu-khuan-chat-thai-y-te\/#breadcrumb"},"inLanguage":"en-US","potentialAction":[{"@type":"ReadAction","target":["https:\/\/skyhawksfusion.com\/gientnew\/vi\/khu-trung-chat-thai-y-te-so-voi-khu-khuan-chat-thai-y-te\/"]}]},{"@type":"ImageObject","inLanguage":"en-US","@id":"https:\/\/skyhawksfusion.com\/gientnew\/vi\/khu-trung-chat-thai-y-te-so-voi-khu-khuan-chat-thai-y-te\/#primaryimage","url":"https:\/\/www.gient.net\/wp-content\/uploads\/2025\/10\/Medical-Waste-Sterilization.jpg","contentUrl":"https:\/\/www.gient.net\/wp-content\/uploads\/2025\/10\/Medical-Waste-Sterilization.jpg"},{"@type":"BreadcrumbList","@id":"https:\/\/skyhawksfusion.com\/gientnew\/vi\/khu-trung-chat-thai-y-te-so-voi-khu-khuan-chat-thai-y-te\/#breadcrumb","itemListElement":[{"@type":"ListItem","position":1,"name":"Home","item":"https:\/\/skyhawksfusion.com\/gientnew\/"},{"@type":"ListItem","position":2,"name":"Kh\u1eed tr\u00f9ng ch\u1ea5t th\u1ea3i y t\u1ebf so v\u1edbi kh\u1eed khu\u1ea9n ch\u1ea5t th\u1ea3i y t\u1ebf"}]},{"@type":"WebSite","@id":"https:\/\/skyhawksfusion.com\/gientnew\/#website","url":"https:\/\/skyhawksfusion.com\/gientnew\/","name":"GIENT - Medical waste treatment and disposal equipment","description":"medical waste treatment, medical waste disposal, medical waste autoclave","potentialAction":[{"@type":"SearchAction","target":{"@type":"EntryPoint","urlTemplate":"https:\/\/skyhawksfusion.com\/gientnew\/?s={search_term_string}"},"query-input":{"@type":"PropertyValueSpecification","valueRequired":true,"valueName":"search_term_string"}}],"inLanguage":"en-US"}]}},"_links":{"self":[{"href":"https:\/\/skyhawksfusion.com\/gientnew\/wp-json\/wp\/v2\/pages\/8859","targetHints":{"allow":["GET"]}}],"collection":[{"href":"https:\/\/skyhawksfusion.com\/gientnew\/wp-json\/wp\/v2\/pages"}],"about":[{"href":"https:\/\/skyhawksfusion.com\/gientnew\/wp-json\/wp\/v2\/types\/page"}],"author":[{"embeddable":true,"href":"https:\/\/skyhawksfusion.com\/gientnew\/wp-json\/wp\/v2\/users\/1"}],"replies":[{"embeddable":true,"href":"https:\/\/skyhawksfusion.com\/gientnew\/wp-json\/wp\/v2\/comments?post=8859"}],"version-history":[{"count":1,"href":"https:\/\/skyhawksfusion.com\/gientnew\/wp-json\/wp\/v2\/pages\/8859\/revisions"}],"predecessor-version":[{"id":8860,"href":"https:\/\/skyhawksfusion.com\/gientnew\/wp-json\/wp\/v2\/pages\/8859\/revisions\/8860"}],"wp:attachment":[{"href":"https:\/\/skyhawksfusion.com\/gientnew\/wp-json\/wp\/v2\/media?parent=8859"}],"curies":[{"name":"wp","href":"https:\/\/api.w.org\/{rel}","templated":true}]}}