{"id":8854,"date":"2025-12-11T08:54:33","date_gmt":"2025-12-11T08:54:33","guid":{"rendered":"https:\/\/skyhawksfusion.com\/gientnew\/?page_id=8854"},"modified":"2025-12-11T08:54:33","modified_gmt":"2025-12-11T08:54:33","slug":"sterilisation-des-dechets-medicaux-ou-desinfection","status":"publish","type":"page","link":"https:\/\/skyhawksfusion.com\/gientnew\/fr\/sterilisation-des-dechets-medicaux-ou-desinfection\/","title":{"rendered":"St\u00e9rilisation des d\u00e9chets m\u00e9dicaux ou d\u00e9sinfection ?"},"content":{"rendered":"<div class=\"x-container max width\">\n<div class=\"x-column x-sm x-1-1\">\n<p><img decoding=\"async\" class=\"x-img x-img-none\" src=\"https:\/\/www.gient.net\/wp-content\/uploads\/2025\/10\/Medical-Waste-Sterilization.jpg\" \/><\/p>\n<h2 class=\"h-custom-headline cs-ta-left h2\">St\u00e9rilisation vs. D\u00e9sinfection des d\u00e9chets m\u00e9dicaux<\/h2>\n<\/div>\n<\/div>\n<div class=\"x-container max width\">\n<div class=\"x-column x-sm x-1-1\">\n<div class=\"x-text cs-ta-justify\">\n<p>Les d\u00e9chets m\u00e9dicaux sont dangereux car ils contiennent souvent des mati\u00e8res infectieuses telles que du sang, des objets tranchants et des plastiques contamin\u00e9s. Pour rendre ces d\u00e9chets inoffensifs, ils doivent \u00eatre soit <strong>st\u00e9rilis\u00e9s<\/strong>, soit <strong>d\u00e9sinfect\u00e9s<\/strong>. Bien que ces deux termes soient parfois utilis\u00e9s de mani\u00e8re interchangeable, ils sont tr\u00e8s diff\u00e9rents en pratique \u2013 et cette diff\u00e9rence a un impact direct sur la s\u00e9curit\u00e9, la durabilit\u00e9 et le recyclage.<\/p>\n<h4><strong><b>Qu&#8217;est-ce que la st\u00e9rilisation ?<\/b><\/strong><\/h4>\n<p><strong>D\u00e9finition<\/strong> : La st\u00e9rilisation \u00e9limine <strong>toutes les formes de vie<\/strong> \u2013 bact\u00e9ries, virus, champignons et m\u00eame les spores hautement r\u00e9sistantes.<\/p>\n<p><strong>Niveau d&#8217;assurance<\/strong> : Valid\u00e9 \u00e0 un <strong>niveau d&#8217;assurance de st\u00e9rilit\u00e9 (SAL) de 10\u207b\u2076<\/strong>, ce qui signifie moins d&#8217;une chance sur un million qu&#8217;un seul micro-organisme survive.<\/p>\n<p><strong>Mais le SAL 10\u207b\u2076 ne suffit pas.<\/strong> Le type de spore test utilis\u00e9 pour valider le processus est important :<\/p>\n<table>\n<tbody>\n<tr>\n<td><strong>Technologie de st\u00e9rilisation<\/strong><\/td>\n<td><strong>Indicateur biologique<\/strong><\/p>\n<p><strong>(Spore test)<\/strong><\/td>\n<td><strong>Pourquoi est-ce important ?<\/strong><\/td>\n<\/tr>\n<tr>\n<td><strong>St\u00e9rilisation \u00e0 la vapeur (Autoclave, chaleur humide)<\/strong><\/td>\n<td>Spores de <em>Geobacillus stearothermophilus<\/em><\/td>\n<td>Ces spores sont tr\u00e8s r\u00e9sistantes \u00e0 la chaleur humide. Si un autoclave peut les \u00e9liminer, il peut st\u00e9riliser de mani\u00e8re fiable tous les autres agents pathog\u00e8nes.<\/td>\n<\/tr>\n<tr>\n<td><strong>St\u00e9rilisation \u00e0 la chaleur s\u00e8che (air chaud, sans humidit\u00e9)<\/strong><\/td>\n<td>Spores de <em>Bacillus atrophaeus<\/em><\/td>\n<td>Ces spores sont r\u00e9sistantes \u00e0 la chaleur s\u00e8che. Utilis\u00e9es pour valider les m\u00e9thodes de st\u00e9rilisation \u00e0 l&#8217;air chaud ou chimique.<\/td>\n<\/tr>\n<\/tbody>\n<\/table>\n<p>Lorsque la st\u00e9rilisation est prouv\u00e9e efficace contre les <strong>spores les plus r\u00e9sistantes pour cette m\u00e9thode<\/strong>, la s\u00e9curit\u00e9 est garantie. Les autoclaves (st\u00e9rilisation \u00e0 la vapeur) valid\u00e9s avec des spores de <em>G. stearothermophilus<\/em> offrent la plus haute garantie de st\u00e9rilisation pour les d\u00e9chets m\u00e9dicaux.<\/p>\n<h4><strong><b>Qu&#8217;est-ce que la d\u00e9sinfection ?<\/b><\/strong><\/h4>\n<p><strong>D\u00e9finition<\/strong> : La d\u00e9sinfection r\u00e9duit les micro-organismes mais ne les <strong>tue pas n\u00e9cessairement tous<\/strong>.<\/p>\n<p><strong>Limitations<\/strong> : Les spores et certains agents pathog\u00e8nes peuvent survivre.<\/p>\n<p><strong>Utilisation<\/strong> : Convient au nettoyage des surfaces ou des d\u00e9chets liquides. Exigence minimale recommand\u00e9e pour le traitement g\u00e9n\u00e9ral des d\u00e9chets m\u00e9dicaux.<\/p>\n<h4><strong><b>Crit\u00e8res internationaux de traitement des d\u00e9chets m\u00e9dicaux<\/b><\/strong><\/h4>\n<p>Les <strong>crit\u00e8res STAATT<\/strong> (State and Territorial Association on Alternative Treatment Technologies) d\u00e9finissent les niveaux d&#8217;inactivation microbienne :<\/p>\n<p><strong><b>Niveau I<\/b><\/strong> Inactivation des bact\u00e9ries v\u00e9g\u00e9tatives, des champignons et des virus lipophiles avec une r\u00e9duction de 6 Log10 ou plus<\/p>\n<p><strong><b>Niveau II<\/b><\/strong> Inactivation des bact\u00e9ries v\u00e9g\u00e9tatives, des champignons, des virus lipophiles\/hydrophiles, des parasites et des mycobact\u00e9ries avec une r\u00e9duction de 6 Log10 ou plus<\/p>\n<p><strong><b>Niveau III<\/b><\/strong> Inactivation des bact\u00e9ries v\u00e9g\u00e9tatives, des champignons, des virus lipophiles\/hydrophiles, des parasites et des mycobact\u00e9ries avec une r\u00e9duction de 6 Log10 ou plus ; et inactivation des spores de B. stearothermophilus (spores de Geobacillus stearothermophilus) et des spores de B. subtilis (spores de Bacillus atrophaeus) avec une r\u00e9duction de 4 Log10 ou plus<\/p>\n<p><strong><b>Niveau IV<\/b><\/strong> Inactivation des bact\u00e9ries v\u00e9g\u00e9tatives, des champignons, des virus lipophiles\/hydrophiles, des parasites et des mycobact\u00e9ries, et des <strong><u><b>spores de B. stearothermophilus<\/b><\/u><\/strong> <strong><u><b>(<\/b><\/u><\/strong><strong><u><b>spores de Geobacillus stearothermophilus<\/b><\/u><\/strong><strong><u><b>)<\/b><\/u><\/strong> <strong><u><b>avec une r\u00e9duction de 6 Log10 ou plus<\/b><\/u><\/strong><\/p>\n<p><strong><u><b>La d\u00e9sinfection de niveau III a \u00e9t\u00e9 le crit\u00e8re minimum recommand\u00e9 par le STAATT.<\/b><\/u><\/strong><\/p>\n<h4><strong><b>Niveaux STAATT atteints par les technologies courantes<\/b><\/strong><\/h4>\n<table>\n<tbody>\n<tr>\n<td><strong>Technologie<\/strong><\/td>\n<td><strong>Temp\u00e9rature de fonctionnement typique<\/strong><\/td>\n<td><strong>Niveau STAATT<\/strong><\/td>\n<td><strong>Indicateur biologique (spore test)<\/strong><\/td>\n<td><strong>Explication<\/strong><\/td>\n<\/tr>\n<tr>\n<td><strong>Autoclave (St\u00e9rilisation \u00e0 la vapeur, vide pouss\u00e9)<\/strong><\/td>\n<td>121\u2013134 \u00b0C (vapeur sous pression)<\/td>\n<td><strong>Niveau IV (St\u00e9rilisation)<\/strong><\/td>\n<td><em>Geobacillus stearothermophilus<\/em><\/td>\n<td>R\u00e9f\u00e9rence en mati\u00e8re de st\u00e9rilisation par chaleur humide. SAL 10\u207b\u2076 prouv\u00e9, inactivation compl\u00e8te de tous les micro-organismes, y compris les spores r\u00e9sistantes.<br \/>\n<\/tr>\n<tr>\n<td><strong>Autoclave int\u00e9gr\u00e9 avec syst\u00e8mes de broyage<\/strong><\/td>\n<td>121\u2013134 \u00b0C (vapeur sous pression)<\/td>\n<td><strong>Niveau IV (St\u00e9rilisation)<\/strong><\/td>\n<td><em>Geobacillus stearothermophilus<\/em><\/td>\n<td>M\u00eame assurance de st\u00e9rilisation qu&#8217;un autoclave, avec broyage pour la r\u00e9duction du volume et le recyclage.<\/td>\n<\/tr>\n<tr>\n<td><strong>St\u00e9rilisation par chaleur s\u00e8che (friction, air chaud)<\/strong><\/td>\n<td>120\u2013150 \u00b0C<\/td>\n<td><strong>Niveau III\u2013IV (selon la validation)<\/strong><\/td>\n<td><em>Bacillus atrophaeus<\/em><\/p>\n<p><em>Geobacillus stearothermophilus<\/em><\/td>\n<td>Peut atteindre la st\u00e9rilisation si le chauffage est uniforme et correctement valid\u00e9, mais moins fiable que la vapeur.<\/td>\n<\/tr>\n<tr>\n<td><strong>D\u00e9sinfection par micro-ondes<\/strong><\/td>\n<td>95\u2013100 \u00b0C (principalement par chauffage de l&#8217;humidit\u00e9 interne ou inject\u00e9e)<\/td>\n<td><strong>Niveau II\u2013III (D\u00e9sinfection)<\/strong><\/td>\n<td><em>Bacillus atrophaeus<\/em><\/td>\n<td>Chauffe l&#8217;humidit\u00e9 des d\u00e9chets, mais non valid\u00e9 avec des spores r\u00e9sistantes. Class\u00e9 comme d\u00e9sinfection, et non st\u00e9rilisation.<\/td>\n<\/tr>\n<tr>\n<td><strong>D\u00e9sinfection chimique<\/strong><\/td>\n<td>Temp\u00e9rature ambiante ou l\u00e9g\u00e8rement \u00e9lev\u00e9e<\/td>\n<td>Niveau II\u2013III (D\u00e9sinfection)<\/td>\n<td>Aucun standardis\u00e9 pour les spores<\/td>\n<td>Efficace pour les d\u00e9chets liquides, mais n&#8217;assure pas la st\u00e9rilisation des solides ou des spores.<\/td>\n<\/tr>\n<tr>\n<td><strong>Arc plasma<\/strong><\/td>\n<td>&gt;3\u00a0000 \u00b0C (torche \u00e0 plasma)<\/td>\n<td><strong>Niveau IV (St\u00e9rilisation)<\/strong><\/td>\n<td>Non applicable aux spores<\/td>\n<td>Non bas\u00e9 sur les spores ; d\u00e9truit toute la mati\u00e8re organique<\/td>\n<td>Les temp\u00e9ratures extr\u00eamement \u00e9lev\u00e9es gaz\u00e9ifient les d\u00e9chets, assurant une destruction compl\u00e8te. Co\u00fbt \u00e9lev\u00e9, utilisation de niche.<\/td>\n<\/tr>\n<\/tbody>\n<\/table>\n<p><strong><b>Seuls les autoclaves sont les technologies couramment utilis\u00e9es pour atteindre de mani\u00e8re fiable la st\u00e9rilisation de niveau IV STAATT et SAL-6 (6log10), valid\u00e9e avec des spores de G. stearothermophilus.<\/b><\/strong><\/p>\n<h4><strong><b>Pourquoi les micro-ondes ne sont pas une m\u00e9thode de st\u00e9rilisation<\/b><\/strong><\/h4>\n<p>Les syst\u00e8mes \u00e0 micro-ondes sont parfois consid\u00e9r\u00e9s \u00e0 tort comme des syst\u00e8mes de \u00ab st\u00e9rilisation \u00bb, mais en r\u00e9alit\u00e9, ce sont des <strong>technologies de d\u00e9sinfection<\/strong>.<\/p>\n<p><strong>Comment fonctionnent les micro-ondes<\/strong><\/p>\n<p>Les micro-ondes ne tuent g\u00e9n\u00e9ralement pas directement les germes. Au lieu de cela, elles chauffent principalement <strong>l&#8217;humidit\u00e9 contenue dans les d\u00e9chets<\/strong> (ou l&#8217;humidit\u00e9 suppl\u00e9mentaire inject\u00e9e dans le syst\u00e8me). L&#8217;environnement chaud peut tuer de nombreuses bact\u00e9ries et virus, mais ce n&#8217;est pas la m\u00eame chose que la temp\u00e9rature contr\u00f4l\u00e9e lors de la st\u00e9rilisation \u00e0 la vapeur sous pression.<\/p>\n<p><strong>Spores non adapt\u00e9es \u00e0 la validation<\/strong><\/p>\n<p>Les syst\u00e8mes \u00e0 micro-ondes utilisent des spores de <em>Bacillus atrophaeus<\/em> pour les tests, cependant, celles-ci sont utilis\u00e9es pour la <strong>chaleur s\u00e8che<\/strong>. Dans un environnement de traitement humide, 6log10 (99,9999 %) de spores de <em>Bacillus atrophaeus<\/em> ne valident pas un SAL 10\u207b\u2076 d&#8217;assurance de st\u00e9rilit\u00e9. Cela signifie que les micro-ondes ne peuvent pas prouver scientifiquement la st\u00e9rilisation au niveau requis.<\/p>\n<p><strong>Reconnaissance par l&#8217;industrie<\/strong><\/p>\n<p>Dans l&#8217;<strong>industrie m\u00e9dicale mondiale<\/strong>, les syst\u00e8mes \u00e0 micro-ondes ne sont <strong>ni valid\u00e9s ni accept\u00e9s comme technologie de st\u00e9rilisation<\/strong>.<\/p>\n<h4><strong><b>Pourquoi la st\u00e9rilisation par autoclave est plus s\u00fbre<\/b><\/strong><\/h4>\n<p><strong>Prouv\u00e9e par les spores les plus r\u00e9sistantes<\/strong> (<em>G. stearothermophilus<\/em>), et non par de simples organismes faciles \u00e0 \u00e9liminer.<\/p>\n<p><strong>S\u00e9curit\u00e9 totale<\/strong> : \u00e9limine tous les agents pathog\u00e8nes, y compris le VIH, l&#8217;h\u00e9patite, la tuberculose et la COVID-19.<\/p>\n<p><strong>Aucune \u00e9mission toxique<\/strong> : contrairement \u00e0 l&#8217;incin\u00e9ration.<\/p>\n<p><strong>Rentable :<\/strong> rentable en termes de fonctionnement et d&#8217;entretien. <strong>Permet le recyclage<\/strong> : les plastiques et autres mat\u00e9riaux st\u00e9rilis\u00e9s peuvent \u00eatre recycl\u00e9s en toute s\u00e9curit\u00e9.<\/p>\n<p><strong>Conforme aux normes internationales<\/strong> : respecte les normes de l&#8217;OMS, de l&#8217;UE et de l&#8217;EPA.<\/p>\n<p><strong>Technologie de pointe :<\/strong> Le syst\u00e8me d&#8217;autoclave moderne pour d\u00e9chets m\u00e9dicaux r\u00e9sout efficacement la plupart des probl\u00e8mes li\u00e9s \u00e0 la gestion des d\u00e9chets m\u00e9dicaux.<\/p>\n<p>Chez <strong>Gient<\/strong>, notre priorit\u00e9 absolue est la protection des personnes et de la plan\u00e8te. Nous nous engageons \u00e0 respecter les normes les plus strictes en mati\u00e8re de s\u00e9curit\u00e9 et de d\u00e9veloppement durable dans toutes les solutions que nous proposons.\n<\/div>\n<\/div>\n<\/div>\n","protected":false},"excerpt":{"rendered":"<p>St\u00e9rilisation vs. D\u00e9sinfection des d\u00e9chets m\u00e9dicaux Les d\u00e9chets m\u00e9dicaux sont dangereux car ils contiennent souvent des mati\u00e8res infectieuses telles que du sang, des objets tranchants et des plastiques contamin\u00e9s. Pour rendre ces d\u00e9chets inoffensifs, ils doivent \u00eatre soit st\u00e9rilis\u00e9s, soit d\u00e9sinfect\u00e9s. Bien que ces deux termes soient parfois utilis\u00e9s de mani\u00e8re interchangeable, ils sont tr\u00e8s [&hellip;]<\/p>\n","protected":false},"author":1,"featured_media":0,"parent":0,"menu_order":0,"comment_status":"closed","ping_status":"closed","template":"template-medical-wasteinci.php","meta":{"_acf_changed":false,"footnotes":""},"class_list":["post-8854","page","type-page","status-publish","hentry"],"acf":[],"yoast_head":"<!-- This site is optimized with the Yoast SEO Premium plugin v25.6 (Yoast SEO v26.7) - https:\/\/yoast.com\/wordpress\/plugins\/seo\/ -->\n<title>St\u00e9rilisation des d\u00e9chets m\u00e9dicaux ou d\u00e9sinfection ? - GIENT - Medical waste treatment and disposal equipment<\/title>\n<meta name=\"robots\" content=\"noindex, follow, max-snippet:-1, max-image-preview:large, max-video-preview:-1\" \/>\n<meta property=\"og:locale\" content=\"en_US\" \/>\n<meta property=\"og:type\" content=\"article\" \/>\n<meta property=\"og:title\" content=\"St\u00e9rilisation des d\u00e9chets m\u00e9dicaux ou d\u00e9sinfection ?\" \/>\n<meta property=\"og:description\" content=\"St\u00e9rilisation vs. D\u00e9sinfection des d\u00e9chets m\u00e9dicaux Les d\u00e9chets m\u00e9dicaux sont dangereux car ils contiennent souvent des mati\u00e8res infectieuses telles que du sang, des objets tranchants et des plastiques contamin\u00e9s. Pour rendre ces d\u00e9chets inoffensifs, ils doivent \u00eatre soit st\u00e9rilis\u00e9s, soit d\u00e9sinfect\u00e9s. Bien que ces deux termes soient parfois utilis\u00e9s de mani\u00e8re interchangeable, ils sont tr\u00e8s [&hellip;]\" \/>\n<meta property=\"og:url\" content=\"https:\/\/skyhawksfusion.com\/gientnew\/fr\/sterilisation-des-dechets-medicaux-ou-desinfection\/\" \/>\n<meta property=\"og:site_name\" content=\"GIENT - Medical waste treatment and disposal equipment\" \/>\n<meta property=\"article:publisher\" content=\"https:\/\/www.facebook.com\/gient.net\/?fref=ts\" \/>\n<meta property=\"og:image\" content=\"https:\/\/www.gient.net\/wp-content\/uploads\/2025\/10\/Medical-Waste-Sterilization.jpg\" \/>\n<meta name=\"twitter:card\" content=\"summary_large_image\" \/>\n<meta name=\"twitter:site\" content=\"@GientNews\" \/>\n<meta name=\"twitter:label1\" content=\"Est. reading time\" \/>\n\t<meta name=\"twitter:data1\" content=\"6 minutes\" \/>\n<script type=\"application\/ld+json\" class=\"yoast-schema-graph\">{\"@context\":\"https:\/\/schema.org\",\"@graph\":[{\"@type\":\"WebPage\",\"@id\":\"https:\/\/skyhawksfusion.com\/gientnew\/fr\/sterilisation-des-dechets-medicaux-ou-desinfection\/\",\"url\":\"https:\/\/skyhawksfusion.com\/gientnew\/fr\/sterilisation-des-dechets-medicaux-ou-desinfection\/\",\"name\":\"St\u00e9rilisation des d\u00e9chets m\u00e9dicaux ou d\u00e9sinfection ? - GIENT - Medical waste treatment and disposal equipment\",\"isPartOf\":{\"@id\":\"https:\/\/skyhawksfusion.com\/gientnew\/#website\"},\"primaryImageOfPage\":{\"@id\":\"https:\/\/skyhawksfusion.com\/gientnew\/fr\/sterilisation-des-dechets-medicaux-ou-desinfection\/#primaryimage\"},\"image\":{\"@id\":\"https:\/\/skyhawksfusion.com\/gientnew\/fr\/sterilisation-des-dechets-medicaux-ou-desinfection\/#primaryimage\"},\"thumbnailUrl\":\"https:\/\/www.gient.net\/wp-content\/uploads\/2025\/10\/Medical-Waste-Sterilization.jpg\",\"datePublished\":\"2025-12-11T08:54:33+00:00\",\"breadcrumb\":{\"@id\":\"https:\/\/skyhawksfusion.com\/gientnew\/fr\/sterilisation-des-dechets-medicaux-ou-desinfection\/#breadcrumb\"},\"inLanguage\":\"en-US\",\"potentialAction\":[{\"@type\":\"ReadAction\",\"target\":[\"https:\/\/skyhawksfusion.com\/gientnew\/fr\/sterilisation-des-dechets-medicaux-ou-desinfection\/\"]}]},{\"@type\":\"ImageObject\",\"inLanguage\":\"en-US\",\"@id\":\"https:\/\/skyhawksfusion.com\/gientnew\/fr\/sterilisation-des-dechets-medicaux-ou-desinfection\/#primaryimage\",\"url\":\"https:\/\/www.gient.net\/wp-content\/uploads\/2025\/10\/Medical-Waste-Sterilization.jpg\",\"contentUrl\":\"https:\/\/www.gient.net\/wp-content\/uploads\/2025\/10\/Medical-Waste-Sterilization.jpg\"},{\"@type\":\"BreadcrumbList\",\"@id\":\"https:\/\/skyhawksfusion.com\/gientnew\/fr\/sterilisation-des-dechets-medicaux-ou-desinfection\/#breadcrumb\",\"itemListElement\":[{\"@type\":\"ListItem\",\"position\":1,\"name\":\"Home\",\"item\":\"https:\/\/skyhawksfusion.com\/gientnew\/\"},{\"@type\":\"ListItem\",\"position\":2,\"name\":\"St\u00e9rilisation des d\u00e9chets m\u00e9dicaux ou d\u00e9sinfection ?\"}]},{\"@type\":\"WebSite\",\"@id\":\"https:\/\/skyhawksfusion.com\/gientnew\/#website\",\"url\":\"https:\/\/skyhawksfusion.com\/gientnew\/\",\"name\":\"GIENT - Medical waste treatment and disposal equipment\",\"description\":\"medical waste treatment, medical waste disposal, medical waste autoclave\",\"potentialAction\":[{\"@type\":\"SearchAction\",\"target\":{\"@type\":\"EntryPoint\",\"urlTemplate\":\"https:\/\/skyhawksfusion.com\/gientnew\/?s={search_term_string}\"},\"query-input\":{\"@type\":\"PropertyValueSpecification\",\"valueRequired\":true,\"valueName\":\"search_term_string\"}}],\"inLanguage\":\"en-US\"}]}<\/script>\n<!-- \/ Yoast SEO Premium plugin. -->","yoast_head_json":{"title":"St\u00e9rilisation des d\u00e9chets m\u00e9dicaux ou d\u00e9sinfection ? - GIENT - Medical waste treatment and disposal equipment","robots":{"index":"noindex","follow":"follow","max-snippet":"max-snippet:-1","max-image-preview":"max-image-preview:large","max-video-preview":"max-video-preview:-1"},"og_locale":"en_US","og_type":"article","og_title":"St\u00e9rilisation des d\u00e9chets m\u00e9dicaux ou d\u00e9sinfection ?","og_description":"St\u00e9rilisation vs. D\u00e9sinfection des d\u00e9chets m\u00e9dicaux Les d\u00e9chets m\u00e9dicaux sont dangereux car ils contiennent souvent des mati\u00e8res infectieuses telles que du sang, des objets tranchants et des plastiques contamin\u00e9s. Pour rendre ces d\u00e9chets inoffensifs, ils doivent \u00eatre soit st\u00e9rilis\u00e9s, soit d\u00e9sinfect\u00e9s. Bien que ces deux termes soient parfois utilis\u00e9s de mani\u00e8re interchangeable, ils sont tr\u00e8s [&hellip;]","og_url":"https:\/\/skyhawksfusion.com\/gientnew\/fr\/sterilisation-des-dechets-medicaux-ou-desinfection\/","og_site_name":"GIENT - Medical waste treatment and disposal equipment","article_publisher":"https:\/\/www.facebook.com\/gient.net\/?fref=ts","og_image":[{"url":"https:\/\/www.gient.net\/wp-content\/uploads\/2025\/10\/Medical-Waste-Sterilization.jpg","type":"","width":"","height":""}],"twitter_card":"summary_large_image","twitter_site":"@GientNews","twitter_misc":{"Est. reading time":"6 minutes"},"schema":{"@context":"https:\/\/schema.org","@graph":[{"@type":"WebPage","@id":"https:\/\/skyhawksfusion.com\/gientnew\/fr\/sterilisation-des-dechets-medicaux-ou-desinfection\/","url":"https:\/\/skyhawksfusion.com\/gientnew\/fr\/sterilisation-des-dechets-medicaux-ou-desinfection\/","name":"St\u00e9rilisation des d\u00e9chets m\u00e9dicaux ou d\u00e9sinfection ? - GIENT - Medical waste treatment and disposal equipment","isPartOf":{"@id":"https:\/\/skyhawksfusion.com\/gientnew\/#website"},"primaryImageOfPage":{"@id":"https:\/\/skyhawksfusion.com\/gientnew\/fr\/sterilisation-des-dechets-medicaux-ou-desinfection\/#primaryimage"},"image":{"@id":"https:\/\/skyhawksfusion.com\/gientnew\/fr\/sterilisation-des-dechets-medicaux-ou-desinfection\/#primaryimage"},"thumbnailUrl":"https:\/\/www.gient.net\/wp-content\/uploads\/2025\/10\/Medical-Waste-Sterilization.jpg","datePublished":"2025-12-11T08:54:33+00:00","breadcrumb":{"@id":"https:\/\/skyhawksfusion.com\/gientnew\/fr\/sterilisation-des-dechets-medicaux-ou-desinfection\/#breadcrumb"},"inLanguage":"en-US","potentialAction":[{"@type":"ReadAction","target":["https:\/\/skyhawksfusion.com\/gientnew\/fr\/sterilisation-des-dechets-medicaux-ou-desinfection\/"]}]},{"@type":"ImageObject","inLanguage":"en-US","@id":"https:\/\/skyhawksfusion.com\/gientnew\/fr\/sterilisation-des-dechets-medicaux-ou-desinfection\/#primaryimage","url":"https:\/\/www.gient.net\/wp-content\/uploads\/2025\/10\/Medical-Waste-Sterilization.jpg","contentUrl":"https:\/\/www.gient.net\/wp-content\/uploads\/2025\/10\/Medical-Waste-Sterilization.jpg"},{"@type":"BreadcrumbList","@id":"https:\/\/skyhawksfusion.com\/gientnew\/fr\/sterilisation-des-dechets-medicaux-ou-desinfection\/#breadcrumb","itemListElement":[{"@type":"ListItem","position":1,"name":"Home","item":"https:\/\/skyhawksfusion.com\/gientnew\/"},{"@type":"ListItem","position":2,"name":"St\u00e9rilisation des d\u00e9chets m\u00e9dicaux ou d\u00e9sinfection ?"}]},{"@type":"WebSite","@id":"https:\/\/skyhawksfusion.com\/gientnew\/#website","url":"https:\/\/skyhawksfusion.com\/gientnew\/","name":"GIENT - Medical waste treatment and disposal equipment","description":"medical waste treatment, medical waste disposal, medical waste autoclave","potentialAction":[{"@type":"SearchAction","target":{"@type":"EntryPoint","urlTemplate":"https:\/\/skyhawksfusion.com\/gientnew\/?s={search_term_string}"},"query-input":{"@type":"PropertyValueSpecification","valueRequired":true,"valueName":"search_term_string"}}],"inLanguage":"en-US"}]}},"_links":{"self":[{"href":"https:\/\/skyhawksfusion.com\/gientnew\/wp-json\/wp\/v2\/pages\/8854","targetHints":{"allow":["GET"]}}],"collection":[{"href":"https:\/\/skyhawksfusion.com\/gientnew\/wp-json\/wp\/v2\/pages"}],"about":[{"href":"https:\/\/skyhawksfusion.com\/gientnew\/wp-json\/wp\/v2\/types\/page"}],"author":[{"embeddable":true,"href":"https:\/\/skyhawksfusion.com\/gientnew\/wp-json\/wp\/v2\/users\/1"}],"replies":[{"embeddable":true,"href":"https:\/\/skyhawksfusion.com\/gientnew\/wp-json\/wp\/v2\/comments?post=8854"}],"version-history":[{"count":1,"href":"https:\/\/skyhawksfusion.com\/gientnew\/wp-json\/wp\/v2\/pages\/8854\/revisions"}],"predecessor-version":[{"id":8855,"href":"https:\/\/skyhawksfusion.com\/gientnew\/wp-json\/wp\/v2\/pages\/8854\/revisions\/8855"}],"wp:attachment":[{"href":"https:\/\/skyhawksfusion.com\/gientnew\/wp-json\/wp\/v2\/media?parent=8854"}],"curies":[{"name":"wp","href":"https:\/\/api.w.org\/{rel}","templated":true}]}}