{"id":8850,"date":"2025-12-11T08:50:31","date_gmt":"2025-12-11T08:50:31","guid":{"rendered":"https:\/\/skyhawksfusion.com\/gientnew\/?page_id=8850"},"modified":"2025-12-11T08:50:31","modified_gmt":"2025-12-11T08:50:31","slug":"esterilizacion-frente-a-desinfeccion-de-residuos-medicos","status":"publish","type":"page","link":"https:\/\/skyhawksfusion.com\/gientnew\/es\/esterilizacion-frente-a-desinfeccion-de-residuos-medicos\/","title":{"rendered":"Esterilizaci\u00f3n frente a desinfecci\u00f3n de residuos m\u00e9dicos."},"content":{"rendered":"<div class=\"x-container max width\">\n<div class=\"x-column x-sm x-1-1\">\n<p><img decoding=\"async\" class=\"x-img x-img-none\" src=\"https:\/\/www.gient.net\/wp-content\/uploads\/2025\/10\/Medical-Waste-Sterilization.jpg\" \/><\/p>\n<h2 class=\"h-custom-headline cs-ta-left h2\">Esterilizaci\u00f3n vs. Desinfecci\u00f3n de Residuos M\u00e9dicos<\/h2>\n<\/div>\n<\/div>\n<div class=\"x-container max width\">\n<div class=\"x-column x-sm x-1-1\">\n<div class=\"x-text cs-ta-justify\">\n<p>Los residuos m\u00e9dicos son peligrosos porque a menudo contienen materiales infecciosos como sangre, objetos punzantes y pl\u00e1sticos contaminados. Para que estos residuos sean seguros, deben ser <strong>esterilizados<\/strong> o <strong>desinfectados<\/strong>. Si bien ambos t\u00e9rminos a veces se usan indistintamente, son muy diferentes en la pr\u00e1ctica, y la diferencia afecta directamente la seguridad, la sostenibilidad y el reciclaje.<\/p>\n<h4><strong><b>\u00bfQu\u00e9 es la esterilizaci\u00f3n?<\/b><\/strong><\/h4>\n<p><strong>Definici\u00f3n<\/strong>: La esterilizaci\u00f3n elimina <strong>todas las formas de vida<\/strong>: bacterias, virus, hongos e incluso esporas altamente resistentes.<\/p>\n<p><strong>Nivel de garant\u00eda<\/strong>: Validado con un <strong>Nivel de Garant\u00eda de Esterilidad (SAL) de 10\u207b\u2076<\/strong>, lo que significa que hay menos de una posibilidad entre un mill\u00f3n de que sobreviva un solo microorganismo.<\/p>\n<p><strong>Pero el SAL 10\u207b\u2076 no lo es todo.<\/strong> El tipo de espora de prueba utilizada para validar el proceso es importante:<\/p>\n<table>\n<tbody>\n<tr>\n<td><strong>Tecnolog\u00eda de Esterilizaci\u00f3n<\/strong><\/td>\n<td><strong>Indicador Biol\u00f3gico<\/strong><\/p>\n<p><strong>(Espora de Prueba)<\/strong><\/td>\n<td><strong>Por qu\u00e9 es importante<\/strong><\/td>\n<\/tr>\n<tr>\n<td><strong>Esterilizaci\u00f3n por vapor (Autoclave, calor h\u00famedo)<\/strong><\/td>\n<td>Esporas de <em>Geobacillus stearothermophilus<\/em><\/td>\n<td>Estas esporas son altamente resistentes al calor h\u00famedo. Si un autoclave puede eliminarlas, puede esterilizar de forma fiable todos los dem\u00e1s pat\u00f3genos.<\/td>\n<\/tr>\n<tr>\n<td><strong>Esterilizaci\u00f3n por calor seco (aire caliente, sin humedad)<\/strong><\/td>\n<td>Esporas de <em>Bacillus atrophaeus<\/em><\/td>\n<td>Estas esporas son resistentes al calor seco.<\/td>\n<\/tr>\n<\/tbody>\n<\/table>\n<\/div>\n<\/div>\n<\/div>\n<p> Se utiliza para validar los m\u00e9todos de esterilizaci\u00f3n por aire caliente o qu\u00edmica.<\/td>\n<\/tr>\n<\/tbody>\n<\/table>\n<p>Cuando se comprueba la esterilizaci\u00f3n frente a las <strong>esporas m\u00e1s resistentes para ese m\u00e9todo<\/strong>, se garantiza la seguridad. Los autoclaves (esterilizaci\u00f3n por vapor) validados con esporas de <em>G. stearothermophilus<\/em> proporcionan la mayor garant\u00eda de esterilizaci\u00f3n para los residuos m\u00e9dicos.<\/p>\n<h4><strong>\u00bfQu\u00e9 es la desinfecci\u00f3n?<\/strong><\/h4>\n<p><strong>Definici\u00f3n<\/strong>: La desinfecci\u00f3n reduce los microorganismos, pero <strong>no necesariamente los elimina por completo<\/strong>.<\/p>\n<p><strong>Limitaciones<\/strong>: Las esporas y algunos pat\u00f3genos pueden sobrevivir.<\/p>\n<p><strong>Uso<\/strong>: Adecuada para la limpieza de superficies o residuos l\u00edquidos. Un requisito m\u00ednimo recomendado para el tratamiento general de residuos m\u00e9dicos.<\/p>\n<h4><strong>Criterios internacionales de tratamiento de residuos m\u00e9dicos<\/strong><\/h4>\n<p>Los <strong>criterios STAATT<\/strong> (State and Territorial Association on Alternative Treatment Technologies) definen los niveles de inactivaci\u00f3n microbiana:<\/p>\n<p><strong>Nivel I<\/strong> Inactivaci\u00f3n de bacterias vegetativas, hongos y virus lipof\u00edlicos con una reducci\u00f3n de 6 Log10 o superior<\/p>\n<p><strong>Nivel II<\/strong> Inactivaci\u00f3n de bacterias vegetativas, hongos, virus lipof\u00edlicos\/hidrof\u00edlicos, par\u00e1sitos y micobacterias con una reducci\u00f3n de 6 Log10 o superior<\/p>\n<p><strong>Nivel III<\/strong> Inactivaci\u00f3n de bacterias vegetativas, hongos, virus lipof\u00edlicos\/hidrof\u00edlicos, par\u00e1sitos y micobacterias con una reducci\u00f3n de 6 Log10 o superior; e inactivaci\u00f3n de esporas de B. stearothermophilus (esporas de Geobacillus stearothermophilus) y esporas de B. subtilis (esporas de Bacillus atrophaeus) con una reducci\u00f3n de 4 Log10 o superior<\/p>\n<p><strong>Nivel IV<\/strong> Inactivaci\u00f3n de bacterias vegetativas, hongos, virus lipof\u00edlicos\/hidrof\u00edlicos, par\u00e1sitos y micobacterias, y <strong><u>B. Esporas de Stearothermophilus (esporas de Geobacillus stearothermophilus) con una reducci\u00f3n de 6 Log10 o superior.<\/p>\n<p>La desinfecci\u00f3n de nivel III ha sido el criterio m\u00ednimo recomendado por STAATT.<\/p>\n<h4>Niveles STAATT alcanzados por tecnolog\u00edas comunes<\/h4>\n<table>\n<tbody>\n<tr>\n<td><strong>Tecnolog\u00eda<\/strong><\/td>\n<td><strong>Temperatura de funcionamiento t\u00edpica<\/strong><\/td>\n<td><strong>Nivel STAATT<\/strong><\/td>\n<td><strong>Indicador biol\u00f3gico (espora de prueba)<\/strong><\/td>\n<td><strong>Explicaci\u00f3n<\/strong><\/td>\n<\/tr>\n<tr>\n<td><strong>Autoclave (Esterilizaci\u00f3n por vapor, alto vac\u00edo)<\/strong><\/td>\n<td>121\u2013134 \u00b0C (vapor a presi\u00f3n)<\/td>\n<td><strong>Nivel IV (Esterilizaci\u00f3n)<\/strong><\/td>\n<td><em>Geobacillus stearothermophilus<\/em><\/td>\n<td>Est\u00e1ndar de oro para la esterilizaci\u00f3n por calor h\u00famedo. SAL 10\u207b\u2076 comprobado, inactivaci\u00f3n completa de todos los microorganismos, incluidas las esporas resistentes.<\/td>\n<\/tr>\n<tr>\n<td><strong>Autoclave integrada con sistemas de trituraci\u00f3n<\/strong><\/td>\n<td>121\u2013134 \u00b0C (vapor a presi\u00f3n)<\/td>\n<td><strong>Nivel IV (Esterilizaci\u00f3n)<\/strong><\/td>\n<td><em>Geobacillus stearothermophilus<\/em><\/td>\n<td>Misma garant\u00eda de esterilizaci\u00f3n que el autoclave, con trituraci\u00f3n para la reducci\u00f3n de volumen y el reciclaje.<\/td>\n<\/tr>\n<tr>\n<td><strong>Esterilizaci\u00f3n por calor seco (fricci\u00f3n, aire caliente)<\/strong><\/td>\n<td>120\u2013150 \u00b0C<\/td>\n<td><strong>Nivel III\u2013IV (seg\u00fan la validaci\u00f3n)<\/strong><\/td>\n<td><em>Bacillus atrophaeus<\/em><\/p>\n<p><em>Geobacillus stearothermophilus<\/em><\/td>\n<td>Puede lograr la esterilizaci\u00f3n si se calienta uniformemente y se valida correctamente, pero es menos fiable que el vapor.<\/td>\n<\/tr>\n<tr>\n<td><strong>Desinfecci\u00f3n por microondas<\/strong><\/td>\n<td>95\u2013100 \u00b0C (principalmente por calentamiento de la humedad interna o inyectada)<\/td>\n<td><strong>Nivel II\u2013III (Desinfecci\u00f3n)<\/strong><\/td>\n<td><em>Bacillus atrophaeus<\/em><\/td>\n<td>Calienta la humedad en los residuos, pero no est\u00e1 validado con esporas resistentes. Clasificado como desinfecci\u00f3n, no esterilizaci\u00f3n.<\/td>\n<\/tr>\n<tr>\n<td><strong>Desinfecci\u00f3n qu\u00edmica<\/strong><\/td>\n<td>Temperatura ambiente o ligeramente elevada<\/td>\n<td>Nivel II\u2013III (Desinfecci\u00f3n)<\/td>\n<td>Ninguno estandarizado para esporas<\/td>\n<td>Eficaz para residuos l\u00edquidos, pero no garantiza la esterilizaci\u00f3n de s\u00f3lidos o esporas.<\/td>\n<\/tr>\n<tr>\n<td><strong>Arco de plasma<\/strong><\/td>\n<td>&gt;3.000 \u00b0C (antorcha de plasma)<\/td>\n<td><strong>Nivel IV (Esterilizaci\u00f3n)<\/strong><\/td>\n<td>No basado en esporas; destruye toda la materia org\u00e1nica<\/td>\n<td>Las temperaturas extremadamente altas gasifican los residuos, logrando una destrucci\u00f3n completa. Alto costo, uso especializado.<\/td>\n<\/tr>\n<\/tbody>\n<\/table>\n<p><strong><b>Solo los autoclaves son las tecnolog\u00edas de uso com\u00fan que logran de forma fiable la esterilizaci\u00f3n de nivel IV de STAATT y SAL-6 (6log10), validada con esporas de G. stearothermophilus.<\/b><\/strong><\/p>\n<h4><strong><b>Por qu\u00e9 las microondas no son esterilizaci\u00f3n<\/b><\/strong><\/h4>\n<p>Los sistemas de microondas a veces se confunden con la &#8220;esterilizaci\u00f3n&#8221;, pero en realidad son <strong>tecnolog\u00edas de desinfecci\u00f3n<\/strong>.<\/p>\n<p><strong>C\u00f3mo funcionan las microondas<\/strong><\/p>\n<p>Las microondas generalmente no matan directamente los g\u00e9rmenes. En cambio, principalmente <strong>calientan la humedad dentro de los residuos<\/strong> (o la humedad adicional inyectada en el sistema). El ambiente caliente puede matar muchas bacterias y virus, pero no es lo mismo que la temperatura controlada en la esterilizaci\u00f3n con vapor a presi\u00f3n.<\/p>\n<p><strong>No son las esporas adecuadas para la validaci\u00f3n<\/strong><\/p>\n<p>Los sistemas de microondas utilizan esporas de <em>Bacillus atrophaeus<\/em> para las pruebas; sin embargo, estas se utilizan para <strong>calor seco<\/strong>. En un ambiente de procesamiento h\u00famedo, el 6log10 (99,9999%) de las esporas de <em>Bacillus atrophaeus<\/em> no valida el SAL 10\u207b\u2076 de garant\u00eda de esterilizaci\u00f3n. Esto significa que las microondas no pueden demostrar cient\u00edficamente la esterilizaci\u00f3n al nivel requerido.<\/p>\n<p><strong>Reconocimiento de la industria<\/strong><\/p>\n<p>En la <strong>industria m\u00e9dica a nivel mundial<\/strong>, los sistemas de microondas <strong>no est\u00e1n validados ni aceptados como tecnolog\u00eda de esterilizaci\u00f3n<\/strong>.<\/p>\n<h4><strong><b>Por qu\u00e9 la esterilizaci\u00f3n en autoclave es m\u00e1s segura<\/b><\/strong><\/h4>\n<p><strong>Probada con las esporas m\u00e1s resistentes<\/strong> (<em>G. stearothermophilus<\/em>), no solo con organismos f\u00e1ciles de eliminar.<\/p>\n<p><strong>Seguridad completa<\/strong>: elimina todos los pat\u00f3genos, incluidos el VIH, la hepatitis, la tuberculosis y la COVID-19.<\/p>\n<p><strong>Sin emisiones t\u00f3xicas<\/strong>: a diferencia de la incineraci\u00f3n.<\/p>\n<p><strong>Rentable:<\/strong> rentable en operaci\u00f3n y mantenimiento. <strong>Permite el reciclaje<\/strong>: los pl\u00e1sticos y otros materiales esterilizados se pueden reciclar de forma segura.<\/p>\n<p><strong>Cumple con las normativas internacionales<\/strong>: cumple con los est\u00e1ndares de la OMS, la UE y la EPA.<\/p>\n<p><strong>Avanzado:<\/strong> El moderno sistema de autoclave para residuos m\u00e9dicos resuelve eficazmente la mayor\u00eda de los problemas relacionados con la gesti\u00f3n de residuos m\u00e9dicos a nivel mundial.<\/p>\n<p>En <strong>Gient<\/strong>, nuestra principal prioridad es proteger a las personas y al planeta. Nos comprometemos con los m\u00e1s altos est\u00e1ndares de seguridad y sostenibilidad en cada soluci\u00f3n que ofrecemos.\n<\/div>\n<\/div>\n<\/div>\n","protected":false},"excerpt":{"rendered":"<p>Esterilizaci\u00f3n vs. Desinfecci\u00f3n de Residuos M\u00e9dicos Los residuos m\u00e9dicos son peligrosos porque a menudo contienen materiales infecciosos como sangre, objetos punzantes y pl\u00e1sticos contaminados. Para que estos residuos sean seguros, deben ser esterilizados o desinfectados. Si bien ambos t\u00e9rminos a veces se usan indistintamente, son muy diferentes en la pr\u00e1ctica, y la diferencia afecta directamente [&hellip;]<\/p>\n","protected":false},"author":1,"featured_media":0,"parent":0,"menu_order":0,"comment_status":"closed","ping_status":"closed","template":"template-medical-wasteinci.php","meta":{"_acf_changed":false,"footnotes":""},"class_list":["post-8850","page","type-page","status-publish","hentry"],"acf":[],"yoast_head":"<!-- This site is optimized with the Yoast SEO Premium plugin v25.6 (Yoast SEO v26.7) - https:\/\/yoast.com\/wordpress\/plugins\/seo\/ -->\n<title>Esterilizaci\u00f3n frente a desinfecci\u00f3n de residuos m\u00e9dicos. - GIENT - Medical waste treatment and disposal equipment<\/title>\n<meta name=\"robots\" content=\"noindex, follow, max-snippet:-1, max-image-preview:large, max-video-preview:-1\" \/>\n<meta property=\"og:locale\" content=\"en_US\" \/>\n<meta property=\"og:type\" content=\"article\" \/>\n<meta property=\"og:title\" content=\"Esterilizaci\u00f3n frente a desinfecci\u00f3n de residuos m\u00e9dicos.\" \/>\n<meta property=\"og:description\" content=\"Esterilizaci\u00f3n vs. Desinfecci\u00f3n de Residuos M\u00e9dicos Los residuos m\u00e9dicos son peligrosos porque a menudo contienen materiales infecciosos como sangre, objetos punzantes y pl\u00e1sticos contaminados. Para que estos residuos sean seguros, deben ser esterilizados o desinfectados. Si bien ambos t\u00e9rminos a veces se usan indistintamente, son muy diferentes en la pr\u00e1ctica, y la diferencia afecta directamente [&hellip;]\" \/>\n<meta property=\"og:url\" content=\"https:\/\/skyhawksfusion.com\/gientnew\/es\/esterilizacion-frente-a-desinfeccion-de-residuos-medicos\/\" \/>\n<meta property=\"og:site_name\" content=\"GIENT - Medical waste treatment and disposal equipment\" \/>\n<meta property=\"article:publisher\" content=\"https:\/\/www.facebook.com\/gient.net\/?fref=ts\" \/>\n<meta property=\"og:image\" content=\"https:\/\/www.gient.net\/wp-content\/uploads\/2025\/10\/Medical-Waste-Sterilization.jpg\" \/>\n<meta name=\"twitter:card\" content=\"summary_large_image\" \/>\n<meta name=\"twitter:site\" content=\"@GientNews\" \/>\n<meta name=\"twitter:label1\" content=\"Est. reading time\" \/>\n\t<meta name=\"twitter:data1\" content=\"6 minutes\" \/>\n<script type=\"application\/ld+json\" class=\"yoast-schema-graph\">{\"@context\":\"https:\/\/schema.org\",\"@graph\":[{\"@type\":\"WebPage\",\"@id\":\"https:\/\/skyhawksfusion.com\/gientnew\/es\/esterilizacion-frente-a-desinfeccion-de-residuos-medicos\/\",\"url\":\"https:\/\/skyhawksfusion.com\/gientnew\/es\/esterilizacion-frente-a-desinfeccion-de-residuos-medicos\/\",\"name\":\"Esterilizaci\u00f3n frente a desinfecci\u00f3n de residuos m\u00e9dicos. - GIENT - Medical waste treatment and disposal equipment\",\"isPartOf\":{\"@id\":\"https:\/\/skyhawksfusion.com\/gientnew\/#website\"},\"primaryImageOfPage\":{\"@id\":\"https:\/\/skyhawksfusion.com\/gientnew\/es\/esterilizacion-frente-a-desinfeccion-de-residuos-medicos\/#primaryimage\"},\"image\":{\"@id\":\"https:\/\/skyhawksfusion.com\/gientnew\/es\/esterilizacion-frente-a-desinfeccion-de-residuos-medicos\/#primaryimage\"},\"thumbnailUrl\":\"https:\/\/www.gient.net\/wp-content\/uploads\/2025\/10\/Medical-Waste-Sterilization.jpg\",\"datePublished\":\"2025-12-11T08:50:31+00:00\",\"breadcrumb\":{\"@id\":\"https:\/\/skyhawksfusion.com\/gientnew\/es\/esterilizacion-frente-a-desinfeccion-de-residuos-medicos\/#breadcrumb\"},\"inLanguage\":\"en-US\",\"potentialAction\":[{\"@type\":\"ReadAction\",\"target\":[\"https:\/\/skyhawksfusion.com\/gientnew\/es\/esterilizacion-frente-a-desinfeccion-de-residuos-medicos\/\"]}]},{\"@type\":\"ImageObject\",\"inLanguage\":\"en-US\",\"@id\":\"https:\/\/skyhawksfusion.com\/gientnew\/es\/esterilizacion-frente-a-desinfeccion-de-residuos-medicos\/#primaryimage\",\"url\":\"https:\/\/www.gient.net\/wp-content\/uploads\/2025\/10\/Medical-Waste-Sterilization.jpg\",\"contentUrl\":\"https:\/\/www.gient.net\/wp-content\/uploads\/2025\/10\/Medical-Waste-Sterilization.jpg\"},{\"@type\":\"BreadcrumbList\",\"@id\":\"https:\/\/skyhawksfusion.com\/gientnew\/es\/esterilizacion-frente-a-desinfeccion-de-residuos-medicos\/#breadcrumb\",\"itemListElement\":[{\"@type\":\"ListItem\",\"position\":1,\"name\":\"Home\",\"item\":\"https:\/\/skyhawksfusion.com\/gientnew\/\"},{\"@type\":\"ListItem\",\"position\":2,\"name\":\"Esterilizaci\u00f3n frente a desinfecci\u00f3n de residuos m\u00e9dicos.\"}]},{\"@type\":\"WebSite\",\"@id\":\"https:\/\/skyhawksfusion.com\/gientnew\/#website\",\"url\":\"https:\/\/skyhawksfusion.com\/gientnew\/\",\"name\":\"GIENT - Medical waste treatment and disposal equipment\",\"description\":\"medical waste treatment, medical waste disposal, medical waste autoclave\",\"potentialAction\":[{\"@type\":\"SearchAction\",\"target\":{\"@type\":\"EntryPoint\",\"urlTemplate\":\"https:\/\/skyhawksfusion.com\/gientnew\/?s={search_term_string}\"},\"query-input\":{\"@type\":\"PropertyValueSpecification\",\"valueRequired\":true,\"valueName\":\"search_term_string\"}}],\"inLanguage\":\"en-US\"}]}<\/script>\n<!-- \/ Yoast SEO Premium plugin. -->","yoast_head_json":{"title":"Esterilizaci\u00f3n frente a desinfecci\u00f3n de residuos m\u00e9dicos. - GIENT - Medical waste treatment and disposal equipment","robots":{"index":"noindex","follow":"follow","max-snippet":"max-snippet:-1","max-image-preview":"max-image-preview:large","max-video-preview":"max-video-preview:-1"},"og_locale":"en_US","og_type":"article","og_title":"Esterilizaci\u00f3n frente a desinfecci\u00f3n de residuos m\u00e9dicos.","og_description":"Esterilizaci\u00f3n vs. Desinfecci\u00f3n de Residuos M\u00e9dicos Los residuos m\u00e9dicos son peligrosos porque a menudo contienen materiales infecciosos como sangre, objetos punzantes y pl\u00e1sticos contaminados. Para que estos residuos sean seguros, deben ser esterilizados o desinfectados. Si bien ambos t\u00e9rminos a veces se usan indistintamente, son muy diferentes en la pr\u00e1ctica, y la diferencia afecta directamente [&hellip;]","og_url":"https:\/\/skyhawksfusion.com\/gientnew\/es\/esterilizacion-frente-a-desinfeccion-de-residuos-medicos\/","og_site_name":"GIENT - Medical waste treatment and disposal equipment","article_publisher":"https:\/\/www.facebook.com\/gient.net\/?fref=ts","og_image":[{"url":"https:\/\/www.gient.net\/wp-content\/uploads\/2025\/10\/Medical-Waste-Sterilization.jpg","type":"","width":"","height":""}],"twitter_card":"summary_large_image","twitter_site":"@GientNews","twitter_misc":{"Est. reading time":"6 minutes"},"schema":{"@context":"https:\/\/schema.org","@graph":[{"@type":"WebPage","@id":"https:\/\/skyhawksfusion.com\/gientnew\/es\/esterilizacion-frente-a-desinfeccion-de-residuos-medicos\/","url":"https:\/\/skyhawksfusion.com\/gientnew\/es\/esterilizacion-frente-a-desinfeccion-de-residuos-medicos\/","name":"Esterilizaci\u00f3n frente a desinfecci\u00f3n de residuos m\u00e9dicos. - GIENT - Medical waste treatment and disposal equipment","isPartOf":{"@id":"https:\/\/skyhawksfusion.com\/gientnew\/#website"},"primaryImageOfPage":{"@id":"https:\/\/skyhawksfusion.com\/gientnew\/es\/esterilizacion-frente-a-desinfeccion-de-residuos-medicos\/#primaryimage"},"image":{"@id":"https:\/\/skyhawksfusion.com\/gientnew\/es\/esterilizacion-frente-a-desinfeccion-de-residuos-medicos\/#primaryimage"},"thumbnailUrl":"https:\/\/www.gient.net\/wp-content\/uploads\/2025\/10\/Medical-Waste-Sterilization.jpg","datePublished":"2025-12-11T08:50:31+00:00","breadcrumb":{"@id":"https:\/\/skyhawksfusion.com\/gientnew\/es\/esterilizacion-frente-a-desinfeccion-de-residuos-medicos\/#breadcrumb"},"inLanguage":"en-US","potentialAction":[{"@type":"ReadAction","target":["https:\/\/skyhawksfusion.com\/gientnew\/es\/esterilizacion-frente-a-desinfeccion-de-residuos-medicos\/"]}]},{"@type":"ImageObject","inLanguage":"en-US","@id":"https:\/\/skyhawksfusion.com\/gientnew\/es\/esterilizacion-frente-a-desinfeccion-de-residuos-medicos\/#primaryimage","url":"https:\/\/www.gient.net\/wp-content\/uploads\/2025\/10\/Medical-Waste-Sterilization.jpg","contentUrl":"https:\/\/www.gient.net\/wp-content\/uploads\/2025\/10\/Medical-Waste-Sterilization.jpg"},{"@type":"BreadcrumbList","@id":"https:\/\/skyhawksfusion.com\/gientnew\/es\/esterilizacion-frente-a-desinfeccion-de-residuos-medicos\/#breadcrumb","itemListElement":[{"@type":"ListItem","position":1,"name":"Home","item":"https:\/\/skyhawksfusion.com\/gientnew\/"},{"@type":"ListItem","position":2,"name":"Esterilizaci\u00f3n frente a desinfecci\u00f3n de residuos m\u00e9dicos."}]},{"@type":"WebSite","@id":"https:\/\/skyhawksfusion.com\/gientnew\/#website","url":"https:\/\/skyhawksfusion.com\/gientnew\/","name":"GIENT - Medical waste treatment and disposal equipment","description":"medical waste treatment, medical waste disposal, medical waste autoclave","potentialAction":[{"@type":"SearchAction","target":{"@type":"EntryPoint","urlTemplate":"https:\/\/skyhawksfusion.com\/gientnew\/?s={search_term_string}"},"query-input":{"@type":"PropertyValueSpecification","valueRequired":true,"valueName":"search_term_string"}}],"inLanguage":"en-US"}]}},"_links":{"self":[{"href":"https:\/\/skyhawksfusion.com\/gientnew\/wp-json\/wp\/v2\/pages\/8850","targetHints":{"allow":["GET"]}}],"collection":[{"href":"https:\/\/skyhawksfusion.com\/gientnew\/wp-json\/wp\/v2\/pages"}],"about":[{"href":"https:\/\/skyhawksfusion.com\/gientnew\/wp-json\/wp\/v2\/types\/page"}],"author":[{"embeddable":true,"href":"https:\/\/skyhawksfusion.com\/gientnew\/wp-json\/wp\/v2\/users\/1"}],"replies":[{"embeddable":true,"href":"https:\/\/skyhawksfusion.com\/gientnew\/wp-json\/wp\/v2\/comments?post=8850"}],"version-history":[{"count":1,"href":"https:\/\/skyhawksfusion.com\/gientnew\/wp-json\/wp\/v2\/pages\/8850\/revisions"}],"predecessor-version":[{"id":8851,"href":"https:\/\/skyhawksfusion.com\/gientnew\/wp-json\/wp\/v2\/pages\/8850\/revisions\/8851"}],"wp:attachment":[{"href":"https:\/\/skyhawksfusion.com\/gientnew\/wp-json\/wp\/v2\/media?parent=8850"}],"curies":[{"name":"wp","href":"https:\/\/api.w.org\/{rel}","templated":true}]}}