{"id":8840,"date":"2025-12-11T08:42:58","date_gmt":"2025-12-11T08:42:58","guid":{"rendered":"https:\/\/skyhawksfusion.com\/gientnew\/?page_id=8840"},"modified":"2026-02-10T07:56:41","modified_gmt":"2026-02-10T07:56:41","slug":"technologies-de-traitement-des-dechets-medicaux","status":"publish","type":"page","link":"https:\/\/skyhawksfusion.com\/gientnew\/fr\/technologies-de-traitement-des-dechets-medicaux\/","title":{"rendered":"Technologies de traitement des d\u00e9chets m\u00e9dicaux"},"content":{"rendered":"<p><img decoding=\"async\" class=\"x-img x-img-none\" src=\"https:\/\/www.gient.net\/wp-content\/uploads\/2025\/10\/3.-Medical-Waste-Treatment-Technologies-scaled.jpg\" \/><\/p>\n<h2 class=\"h-custom-headline cs-ta-left h2\">Technologies de traitement des d\u00e9chets m\u00e9dicaux<\/h2>\n<p>Les technologies de traitement des d\u00e9chets m\u00e9dicaux se divisent principalement en m\u00e9thodes d&#8217;<strong>incin\u00e9ration<\/strong> et de <strong>non-incin\u00e9ration<\/strong>. L&#8217;incin\u00e9ration \u00e9tait autrefois la m\u00e9thode dominante dans le monde entier, car elle permet de d\u00e9truire rapidement les agents pathog\u00e8nes et de r\u00e9duire le volume des d\u00e9chets. Cependant, elle produit \u00e9galement des \u00e9missions dangereuses, notamment des <strong>dioxines, des furanes et des m\u00e9taux lourds<\/strong>, qui pr\u00e9sentent des risques s\u00e9rieux pour la sant\u00e9 humaine et l&#8217;environnement.<\/p>\n<p><u>Curieux d&#8217;en savoir plus sur l&#8217;incin\u00e9ration et ses d\u00e9fis ?<\/u><\/p>\n<p>En revanche, les <strong>technologies de non-incin\u00e9ration<\/strong> sont apparues comme des alternatives plus s\u00fbres et plus durables. Certaines, comme l&#8217;autoclavage (st\u00e9rilisation \u00e0 la vapeur), sont d\u00e9sormais largement adopt\u00e9es et reconnues comme des solutions fiables, \u00e0 faibles \u00e9missions et courantes. D&#8217;autres, comme la d\u00e9sinfection par micro-ondes, la d\u00e9sinfection chimique, les syst\u00e8mes \u00e0 chaleur s\u00e8che et les technologies \u00e0 arc plasma, pr\u00e9sentent diff\u00e9rents niveaux de maturit\u00e9 et d&#8217;application, chacune avec ses propres avantages et limites.<\/p>\n<p>Sous l&#8217;impulsion de r\u00e9glementations environnementales plus strictes et d&#8217;une prise de conscience croissante des risques de pollution, de nombreux pays abandonnent l&#8217;incin\u00e9ration traditionnelle au profit d&#8217;un ensemble plus diversifi\u00e9 de m\u00e9thodes de traitement, les solutions sans combustion \u00e9tant de plus en plus privil\u00e9gi\u00e9es pour l&#8217;avenir de la gestion des d\u00e9chets m\u00e9dicaux.<\/p>\n<h4><strong><u>Un bref historique<\/u><\/strong><strong><u> : <\/u><\/strong><strong><u>La r\u00e9glementation comme catalyseur<\/u><\/strong><\/h4>\n<p>L&#8217;histoire du traitement des d\u00e9chets m\u00e9dicaux a \u00e9t\u00e9 r\u00e9volutionn\u00e9e par la r\u00e9glementation environnementale. Pendant des d\u00e9cennies, l&#8217;<strong>incin\u00e9ration<\/strong> a \u00e9t\u00e9 la m\u00e9thode dominante, largement non r\u00e9glement\u00e9e. Un tournant majeur a \u00e9t\u00e9 la loi am\u00e9ricaine sur la qualit\u00e9 de l&#8217;air (<strong>Clean Air Act<\/strong>) de 1990, qui a \u00e9tabli des normes d&#8217;\u00e9mission strictes pour les incin\u00e9rateurs de d\u00e9chets m\u00e9dicaux en 1997. Cela a consid\u00e9rablement augment\u00e9 le co\u00fbt et la complexit\u00e9 de l&#8217;incin\u00e9ration conforme. \u00c0 cette \u00e9poque, plus de <strong>6\u00a0000 incin\u00e9rateurs de d\u00e9chets m\u00e9dicaux<\/strong> \u00e9taient en service dans tout le pays. En quelques ann\u00e9es seulement, la grande majorit\u00e9 a \u00e9t\u00e9 ferm\u00e9e car ils ne pouvaient pas se conformer aux nouvelles limites. Ce changement r\u00e9glementaire a <strong><u>directement catalys\u00e9 le d\u00e9veloppement et la commercialisation de technologies alternatives sans incin\u00e9ration<\/u><\/strong>. Dans les ann\u00e9es qui ont suivi l&#8217;adoption de la loi sur la qualit\u00e9 de l&#8217;air (Clean Air Act), des technologies telles que l&#8217;<strong><u>autoclavage (st\u00e9rilisation \u00e0 la vapeur), la d\u00e9sinfection par micro-ondes, la d\u00e9sinfection chimique, l&#8217;arc plasma, le traitement \u00e0 l&#8217;ozone et la chaleur s\u00e8che<\/u><\/strong> sont devenues disponibles et ont \u00e9t\u00e9 adopt\u00e9es, cr\u00e9ant ainsi une industrie plus s\u00fbre, plus diversifi\u00e9e et plus respectueuse de l&#8217;environnement. Aujourd&#8217;hui, plus de 90 % des d\u00e9chets m\u00e9dicaux aux \u00c9tats-Unis sont trait\u00e9s par autoclave, ce qui prouve que les alternatives plus propres sont \u00e0 la fois pratiques et efficaces.<\/p>\n<h4><strong><u>Technologies alternatives courantes et leur \u00e9tat d&#8217;application<\/u><\/strong><\/h4>\n<p>d\u00e9chets (partiellement)<strong><u><b>Utilisation mod\u00e9r\u00e9e.<\/b><\/u><\/strong> Courant pour les d\u00e9chets liquides et les applications sp\u00e9cifiques.<\/p>\n<p>\u0178 Technologie de st\u00e9rilisation, s\u00fbre pour le contr\u00f4le des infections<\/p>\n<p>\u0178 Haute efficacit\u00e9<\/p>\n<p>\u0178 Aucune \u00e9mission toxique<\/p>\n<p>Ne peut pas traiter les d\u00e9chets chimiques ou pharmaceutiques.<\/p>\n<table>\n<tbody>\n<tr>\n<td width=\"62\">Technologie<\/td>\n<td width=\"97\">Fonctionnement<\/td>\n<td width=\"70\">Id\u00e9al pour<\/td>\n<td width=\"74\">\u00c9tat d&#8217;application<\/td>\n<td width=\"86\">Principaux avantages<\/td>\n<td width=\"63\">Principaux inconv\u00e9nients<\/td>\n<\/tr>\n<tr>\n<td width=\"62\"><strong><u><b>Autoclave (St\u00e9rilisation \u00e0 la vapeur<\/b><\/u><\/strong><strong><u><b>)<\/b><\/u><\/strong><\/td>\n<td width=\"97\">Utilise le vide pouss\u00e9 ou le pr\u00e9-broyage + la vapeur \u00e0 haute temp\u00e9rature pour chauffer et st\u00e9riliser les d\u00e9chets.<\/td>\n<td width=\"70\">D\u00e9chets infectieux, objets tranchants, d\u00e9chets pathologiques (partiellement)<\/td>\n<td width=\"74\"><strong><u><b>La plus largement adopt\u00e9e.<\/b><\/u><\/strong><\/p>\n<p>La technologie sans incin\u00e9ration la\u00a0<strong><u><b>plus courante<\/b><\/u><\/strong>\u00a0au monde.<\/td>\n<td width=\"86\">\u25c6 Technologie de st\u00e9rilisation, s\u00fbre pour le contr\u00f4le des infections<\/p>\n<p>\u25c6 Tr\u00e8s fiable<\/p>\n<p>\u25c6 Faible co\u00fbt d&#8217;exploitation et de maintenance<\/p>\n<p>\u25c6 Aucune \u00e9mission toxique<\/td>\n<td width=\"63\">Ne peut pas traiter les d\u00e9chets chimiques ou pharmaceutiques.<\/td>\n<\/tr>\n<tr>\n<td width=\"62\"><strong><u><b>D\u00e9sinfection par micro-ondes<\/b><\/u><\/strong><\/td>\n<td width=\"97\">Broie les d\u00e9chets et utilise les micro-ondes pour chauffer l&#8217;humidit\u00e9 et transf\u00e9rer la chaleur afin de d\u00e9sinfecter les d\u00e9chets.<\/td>\n<td width=\"70\">D\u00e9chets infectieux, objets tranchants, d\u00e9chets pathologiques (partiellement)<\/td>\n<td width=\"74\"><strong><u><b>Largement adopt\u00e9e.<\/b><\/u><\/strong>\u00a0 Une technologie sans incin\u00e9ration courante.<\/td>\n<td width=\"86\">\u25c6 Technologie de d\u00e9sinfection<\/p>\n<p>\u25c6 Aucun r\u00e9sidu liquide (\u00e9vapor\u00e9 dans l&#8217;air)<\/p>\n<p>\u25c6 Faible co\u00fbt de production (r\u00e9cipient sans pression)<\/td>\n<td width=\"63\">Ne peut pas traiter les d\u00e9chets chimiques ou pharmaceutiques.<\/td>\n<\/tr>\n<tr>\n<td width=\"62\"><strong><u><b>St\u00e9rilisation vapeur-micro-ondes<\/b><\/u><\/strong><\/td>\n<td width=\"97\">Utilise un autoclave (r\u00e9cipient sous pression) + micro-ondes pour chauffer et st\u00e9riliser les d\u00e9chets.<\/td>\n<td width=\"70\">D\u00e9chets infectieux, objets tranchants, d\u00e9chets pathologiques<\/td>\n<\/tr>\n<tr>\n<td width=\"62\"><strong><u><b>Chaleur s\u00e8che<\/b><\/u><\/strong><\/td>\n<td width=\"97\">Utilise des lames de m\u00e9langeur pour g\u00e9n\u00e9rer de la chaleur par friction afin de d\u00e9sinfecter les d\u00e9chets.<\/td>\n<td width=\"70\">D\u00e9chets infectieux, objets tranchants, d\u00e9chets pathologiques (partiellement)<\/td>\n<td width=\"74\"><strong><u><b>Utilisation mod\u00e9r\u00e9e.<\/b><\/u><\/strong> Courant pour les d\u00e9chets liquides et les applications sp\u00e9cifiques.<\/td>\n<td width=\"86\">\u25c6 Faible co\u00fbt de production<\/td>\n<td width=\"63\">Fragile, limit\u00e9 \u00e0 de tr\u00e8s petites quantit\u00e9s de d\u00e9chets. Ne permet pas de traiter les d\u00e9chets chimiques ou pharmaceutiques.<\/td>\n<\/tr>\n<tr>\n<td width=\"62\"><strong><u><b>D\u00e9sinfection chimique<\/b><\/u><\/strong><\/td>\n<td width=\"97\">Broie les d\u00e9chets et les m\u00e9lange \u00e0 un d\u00e9sinfectant chimique.<\/td>\n<td width=\"70\">D\u00e9chets liquides, sang, fluides corporels.<\/td>\n<td width=\"74\"><strong><u><b>Utilisation mod\u00e9r\u00e9e.<\/b><\/u><\/strong> Courant pour les d\u00e9chets liquides et certaines applications sp\u00e9cifiques.<\/td>\n<td width=\"86\">Efficace pour les d\u00e9chets liquides, peut \u00eatre r\u00e9alis\u00e9 sur place.<\/td>\n<td width=\"63\">Manipulation de produits chimiques requise, ne convient pas \u00e0 tous les types de d\u00e9chets.<\/td>\n<\/tr>\n<tr>\n<td width=\"62\"><strong><u><b>Arc plasma<\/b><\/u><\/strong><\/td>\n<td width=\"97\">Une torche \u00e0 plasma \u00e0 tr\u00e8s haute temp\u00e9rature gazeifie les d\u00e9chets.<\/td>\n<td width=\"70\">Tous types de d\u00e9chets, y compris \u00e0 haut risque.<\/td>\n<td width=\"74\"><strong><u><b>Utilisation de niche.<\/b><\/u><\/strong> Technologie de pointe, mais\u00a0<strong><u><b>peu r\u00e9pandue<\/b><\/u><\/strong>\u00a0en raison des co\u00fbts d&#8217;investissement tr\u00e8s \u00e9lev\u00e9s.<\/td>\n<td width=\"86\">\u00c9missions extr\u00eamement faibles, convertit les d\u00e9chets en scories inertes.<\/td>\n<td width=\"63\">Investissement initial extr\u00eamement \u00e9lev\u00e9, complexit\u00e9 op\u00e9rationnelle.<\/td>\n<\/tr>\n<\/tbody>\n<\/table>\n<p><strong>Pourquoi les alternatives sont importantes<\/strong><\/p>\n<p>Sant\u00e9 et s\u00e9curit\u00e9 : Pas de dioxines, de furanes ou d&#8217;\u00e9missions toxiques.<\/p>\n<p>Protection de l&#8217;environnement : Moins de pollution, risque de contamination r\u00e9duit.<\/p>\n<p>Rentabilit\u00e9 : Co\u00fbts d&#8217;exploitation et de maintenance \u00e0 long terme r\u00e9duits.<\/p>\n<p>Conformit\u00e9 r\u00e9glementaire : Respect des normes d&#8217;\u00e9mission modernes et strictes.<\/p>\n<p><strong><b>Trouvez une solution de traitement des d\u00e9chets m\u00e9dicaux<\/b><\/strong><\/p>\n<p>L&#8217;avenir de la gestion des d\u00e9chets m\u00e9dicaux r\u00e9side dans les technologies durables. Chez Gient, nous nous engageons \u00e0 faire progresser ces technologies, afin que le traitement des d\u00e9chets m\u00e9dicaux prot\u00e8ge les personnes et la plan\u00e8te.<\/p>\n","protected":false},"excerpt":{"rendered":"<p>Technologies de traitement des d\u00e9chets m\u00e9dicaux Les technologies de traitement des d\u00e9chets m\u00e9dicaux se divisent principalement en m\u00e9thodes d&#8217;incin\u00e9ration et de non-incin\u00e9ration. L&#8217;incin\u00e9ration \u00e9tait autrefois la m\u00e9thode dominante dans le monde entier, car elle permet de d\u00e9truire rapidement les agents pathog\u00e8nes et de r\u00e9duire le volume des d\u00e9chets. Cependant, elle produit \u00e9galement des \u00e9missions dangereuses, [&hellip;]<\/p>\n","protected":false},"author":1,"featured_media":0,"parent":0,"menu_order":0,"comment_status":"closed","ping_status":"closed","template":"template-medical-wasteinci.php","meta":{"_acf_changed":false,"footnotes":""},"class_list":["post-8840","page","type-page","status-publish","hentry"],"acf":[],"yoast_head":"<!-- This site is optimized with the Yoast SEO Premium plugin v25.6 (Yoast SEO v26.7) - https:\/\/yoast.com\/wordpress\/plugins\/seo\/ -->\n<title>Technologies de traitement des d\u00e9chets m\u00e9dicaux - GIENT - Medical waste treatment and disposal equipment<\/title>\n<meta name=\"robots\" content=\"noindex, follow, max-snippet:-1, max-image-preview:large, max-video-preview:-1\" \/>\n<meta property=\"og:locale\" content=\"en_US\" \/>\n<meta property=\"og:type\" content=\"article\" \/>\n<meta property=\"og:title\" content=\"Technologies de traitement des d\u00e9chets m\u00e9dicaux\" \/>\n<meta property=\"og:description\" content=\"Technologies de traitement des d\u00e9chets m\u00e9dicaux Les technologies de traitement des d\u00e9chets m\u00e9dicaux se divisent principalement en m\u00e9thodes d&#8217;incin\u00e9ration et de non-incin\u00e9ration. L&#8217;incin\u00e9ration \u00e9tait autrefois la m\u00e9thode dominante dans le monde entier, car elle permet de d\u00e9truire rapidement les agents pathog\u00e8nes et de r\u00e9duire le volume des d\u00e9chets. Cependant, elle produit \u00e9galement des \u00e9missions dangereuses, [&hellip;]\" \/>\n<meta property=\"og:url\" content=\"https:\/\/skyhawksfusion.com\/gientnew\/fr\/technologies-de-traitement-des-dechets-medicaux\/\" \/>\n<meta property=\"og:site_name\" content=\"GIENT - Medical waste treatment and disposal equipment\" \/>\n<meta property=\"article:publisher\" content=\"https:\/\/www.facebook.com\/gient.net\/?fref=ts\" \/>\n<meta property=\"article:modified_time\" content=\"2026-02-10T07:56:41+00:00\" \/>\n<meta property=\"og:image\" content=\"https:\/\/www.gient.net\/wp-content\/uploads\/2025\/10\/3.-Medical-Waste-Treatment-Technologies-scaled.jpg\" \/>\n<meta name=\"twitter:card\" content=\"summary_large_image\" \/>\n<meta name=\"twitter:site\" content=\"@GientNews\" \/>\n<meta name=\"twitter:label1\" content=\"Est. reading time\" \/>\n\t<meta name=\"twitter:data1\" content=\"5 minutes\" \/>\n<script type=\"application\/ld+json\" class=\"yoast-schema-graph\">{\"@context\":\"https:\/\/schema.org\",\"@graph\":[{\"@type\":\"WebPage\",\"@id\":\"https:\/\/skyhawksfusion.com\/gientnew\/fr\/technologies-de-traitement-des-dechets-medicaux\/\",\"url\":\"https:\/\/skyhawksfusion.com\/gientnew\/fr\/technologies-de-traitement-des-dechets-medicaux\/\",\"name\":\"Technologies de traitement des d\u00e9chets m\u00e9dicaux - GIENT - Medical waste treatment and disposal equipment\",\"isPartOf\":{\"@id\":\"https:\/\/skyhawksfusion.com\/gientnew\/#website\"},\"primaryImageOfPage\":{\"@id\":\"https:\/\/skyhawksfusion.com\/gientnew\/fr\/technologies-de-traitement-des-dechets-medicaux\/#primaryimage\"},\"image\":{\"@id\":\"https:\/\/skyhawksfusion.com\/gientnew\/fr\/technologies-de-traitement-des-dechets-medicaux\/#primaryimage\"},\"thumbnailUrl\":\"https:\/\/www.gient.net\/wp-content\/uploads\/2025\/10\/3.-Medical-Waste-Treatment-Technologies-scaled.jpg\",\"datePublished\":\"2025-12-11T08:42:58+00:00\",\"dateModified\":\"2026-02-10T07:56:41+00:00\",\"breadcrumb\":{\"@id\":\"https:\/\/skyhawksfusion.com\/gientnew\/fr\/technologies-de-traitement-des-dechets-medicaux\/#breadcrumb\"},\"inLanguage\":\"en-US\",\"potentialAction\":[{\"@type\":\"ReadAction\",\"target\":[\"https:\/\/skyhawksfusion.com\/gientnew\/fr\/technologies-de-traitement-des-dechets-medicaux\/\"]}]},{\"@type\":\"ImageObject\",\"inLanguage\":\"en-US\",\"@id\":\"https:\/\/skyhawksfusion.com\/gientnew\/fr\/technologies-de-traitement-des-dechets-medicaux\/#primaryimage\",\"url\":\"https:\/\/www.gient.net\/wp-content\/uploads\/2025\/10\/3.-Medical-Waste-Treatment-Technologies-scaled.jpg\",\"contentUrl\":\"https:\/\/www.gient.net\/wp-content\/uploads\/2025\/10\/3.-Medical-Waste-Treatment-Technologies-scaled.jpg\"},{\"@type\":\"BreadcrumbList\",\"@id\":\"https:\/\/skyhawksfusion.com\/gientnew\/fr\/technologies-de-traitement-des-dechets-medicaux\/#breadcrumb\",\"itemListElement\":[{\"@type\":\"ListItem\",\"position\":1,\"name\":\"Home\",\"item\":\"https:\/\/skyhawksfusion.com\/gientnew\/\"},{\"@type\":\"ListItem\",\"position\":2,\"name\":\"Technologies de traitement des d\u00e9chets m\u00e9dicaux\"}]},{\"@type\":\"WebSite\",\"@id\":\"https:\/\/skyhawksfusion.com\/gientnew\/#website\",\"url\":\"https:\/\/skyhawksfusion.com\/gientnew\/\",\"name\":\"GIENT - Medical waste treatment and disposal equipment\",\"description\":\"medical waste treatment, medical waste disposal, medical waste autoclave\",\"potentialAction\":[{\"@type\":\"SearchAction\",\"target\":{\"@type\":\"EntryPoint\",\"urlTemplate\":\"https:\/\/skyhawksfusion.com\/gientnew\/?s={search_term_string}\"},\"query-input\":{\"@type\":\"PropertyValueSpecification\",\"valueRequired\":true,\"valueName\":\"search_term_string\"}}],\"inLanguage\":\"en-US\"}]}<\/script>\n<!-- \/ Yoast SEO Premium plugin. -->","yoast_head_json":{"title":"Technologies de traitement des d\u00e9chets m\u00e9dicaux - GIENT - Medical waste treatment and disposal equipment","robots":{"index":"noindex","follow":"follow","max-snippet":"max-snippet:-1","max-image-preview":"max-image-preview:large","max-video-preview":"max-video-preview:-1"},"og_locale":"en_US","og_type":"article","og_title":"Technologies de traitement des d\u00e9chets m\u00e9dicaux","og_description":"Technologies de traitement des d\u00e9chets m\u00e9dicaux Les technologies de traitement des d\u00e9chets m\u00e9dicaux se divisent principalement en m\u00e9thodes d&#8217;incin\u00e9ration et de non-incin\u00e9ration. L&#8217;incin\u00e9ration \u00e9tait autrefois la m\u00e9thode dominante dans le monde entier, car elle permet de d\u00e9truire rapidement les agents pathog\u00e8nes et de r\u00e9duire le volume des d\u00e9chets. Cependant, elle produit \u00e9galement des \u00e9missions dangereuses, [&hellip;]","og_url":"https:\/\/skyhawksfusion.com\/gientnew\/fr\/technologies-de-traitement-des-dechets-medicaux\/","og_site_name":"GIENT - Medical waste treatment and disposal equipment","article_publisher":"https:\/\/www.facebook.com\/gient.net\/?fref=ts","article_modified_time":"2026-02-10T07:56:41+00:00","og_image":[{"url":"https:\/\/www.gient.net\/wp-content\/uploads\/2025\/10\/3.-Medical-Waste-Treatment-Technologies-scaled.jpg","type":"","width":"","height":""}],"twitter_card":"summary_large_image","twitter_site":"@GientNews","twitter_misc":{"Est. reading time":"5 minutes"},"schema":{"@context":"https:\/\/schema.org","@graph":[{"@type":"WebPage","@id":"https:\/\/skyhawksfusion.com\/gientnew\/fr\/technologies-de-traitement-des-dechets-medicaux\/","url":"https:\/\/skyhawksfusion.com\/gientnew\/fr\/technologies-de-traitement-des-dechets-medicaux\/","name":"Technologies de traitement des d\u00e9chets m\u00e9dicaux - GIENT - Medical waste treatment and disposal equipment","isPartOf":{"@id":"https:\/\/skyhawksfusion.com\/gientnew\/#website"},"primaryImageOfPage":{"@id":"https:\/\/skyhawksfusion.com\/gientnew\/fr\/technologies-de-traitement-des-dechets-medicaux\/#primaryimage"},"image":{"@id":"https:\/\/skyhawksfusion.com\/gientnew\/fr\/technologies-de-traitement-des-dechets-medicaux\/#primaryimage"},"thumbnailUrl":"https:\/\/www.gient.net\/wp-content\/uploads\/2025\/10\/3.-Medical-Waste-Treatment-Technologies-scaled.jpg","datePublished":"2025-12-11T08:42:58+00:00","dateModified":"2026-02-10T07:56:41+00:00","breadcrumb":{"@id":"https:\/\/skyhawksfusion.com\/gientnew\/fr\/technologies-de-traitement-des-dechets-medicaux\/#breadcrumb"},"inLanguage":"en-US","potentialAction":[{"@type":"ReadAction","target":["https:\/\/skyhawksfusion.com\/gientnew\/fr\/technologies-de-traitement-des-dechets-medicaux\/"]}]},{"@type":"ImageObject","inLanguage":"en-US","@id":"https:\/\/skyhawksfusion.com\/gientnew\/fr\/technologies-de-traitement-des-dechets-medicaux\/#primaryimage","url":"https:\/\/www.gient.net\/wp-content\/uploads\/2025\/10\/3.-Medical-Waste-Treatment-Technologies-scaled.jpg","contentUrl":"https:\/\/www.gient.net\/wp-content\/uploads\/2025\/10\/3.-Medical-Waste-Treatment-Technologies-scaled.jpg"},{"@type":"BreadcrumbList","@id":"https:\/\/skyhawksfusion.com\/gientnew\/fr\/technologies-de-traitement-des-dechets-medicaux\/#breadcrumb","itemListElement":[{"@type":"ListItem","position":1,"name":"Home","item":"https:\/\/skyhawksfusion.com\/gientnew\/"},{"@type":"ListItem","position":2,"name":"Technologies de traitement des d\u00e9chets m\u00e9dicaux"}]},{"@type":"WebSite","@id":"https:\/\/skyhawksfusion.com\/gientnew\/#website","url":"https:\/\/skyhawksfusion.com\/gientnew\/","name":"GIENT - Medical waste treatment and disposal equipment","description":"medical waste treatment, medical waste disposal, medical waste autoclave","potentialAction":[{"@type":"SearchAction","target":{"@type":"EntryPoint","urlTemplate":"https:\/\/skyhawksfusion.com\/gientnew\/?s={search_term_string}"},"query-input":{"@type":"PropertyValueSpecification","valueRequired":true,"valueName":"search_term_string"}}],"inLanguage":"en-US"}]}},"_links":{"self":[{"href":"https:\/\/skyhawksfusion.com\/gientnew\/wp-json\/wp\/v2\/pages\/8840","targetHints":{"allow":["GET"]}}],"collection":[{"href":"https:\/\/skyhawksfusion.com\/gientnew\/wp-json\/wp\/v2\/pages"}],"about":[{"href":"https:\/\/skyhawksfusion.com\/gientnew\/wp-json\/wp\/v2\/types\/page"}],"author":[{"embeddable":true,"href":"https:\/\/skyhawksfusion.com\/gientnew\/wp-json\/wp\/v2\/users\/1"}],"replies":[{"embeddable":true,"href":"https:\/\/skyhawksfusion.com\/gientnew\/wp-json\/wp\/v2\/comments?post=8840"}],"version-history":[{"count":4,"href":"https:\/\/skyhawksfusion.com\/gientnew\/wp-json\/wp\/v2\/pages\/8840\/revisions"}],"predecessor-version":[{"id":9012,"href":"https:\/\/skyhawksfusion.com\/gientnew\/wp-json\/wp\/v2\/pages\/8840\/revisions\/9012"}],"wp:attachment":[{"href":"https:\/\/skyhawksfusion.com\/gientnew\/wp-json\/wp\/v2\/media?parent=8840"}],"curies":[{"name":"wp","href":"https:\/\/api.w.org\/{rel}","templated":true}]}}