{"id":8836,"date":"2025-12-11T08:40:42","date_gmt":"2025-12-11T08:40:42","guid":{"rendered":"https:\/\/skyhawksfusion.com\/gientnew\/?page_id=8836"},"modified":"2026-02-10T07:52:14","modified_gmt":"2026-02-10T07:52:14","slug":"tecnologias-de-tratamiento-de-residuos-medicos","status":"publish","type":"page","link":"https:\/\/skyhawksfusion.com\/gientnew\/es\/tecnologias-de-tratamiento-de-residuos-medicos\/","title":{"rendered":"Tecnolog\u00edas de tratamiento de residuos m\u00e9dicos"},"content":{"rendered":"<p><img decoding=\"async\" class=\"x-img x-img-none\" src=\"https:\/\/www.gient.net\/wp-content\/uploads\/2025\/10\/3.-Medical-Waste-Treatment-Technologies-scaled.jpg\" \/><\/p>\n<h2 class=\"h-custom-headline cs-ta-left h2\">Tecnolog\u00edas de tratamiento de residuos m\u00e9dicos<\/h2>\n<p>Las tecnolog\u00edas de tratamiento de residuos m\u00e9dicos se dividen principalmente en m\u00e9todos de <strong><b>incineraci\u00f3n<\/b><\/strong> y <strong><b>no incineraci\u00f3n<\/b><\/strong>. La incineraci\u00f3n fue en su momento la opci\u00f3n dominante en todo el mundo, ya que permite destruir r\u00e1pidamente los pat\u00f3genos y reducir el volumen de los residuos. Sin embargo, tambi\u00e9n produce emisiones peligrosas, especialmente <strong><b>dioxinas, furanos y metales pesados<\/b><\/strong>, que representan graves riesgos para la salud humana y el medio ambiente.<\/p>\n<p><u>\u00bfTiene curiosidad sobre la incineraci\u00f3n y sus desaf\u00edos?<\/u><\/p>\n<p>En contraste, las <strong><b>tecnolog\u00edas de no incineraci\u00f3n<\/b><\/strong> han surgido como alternativas m\u00e1s seguras y sostenibles. Algunas, como el autoclave (esterilizaci\u00f3n por vapor), est\u00e1n ampliamente adoptadas y reconocidas como soluciones convencionales fiables y de bajas emisiones. Otras, como la desinfecci\u00f3n por microondas, la desinfecci\u00f3n qu\u00edmica, los sistemas de calor seco y las tecnolog\u00edas de arco de plasma, ofrecen diferentes niveles de madurez y aplicaci\u00f3n, cada una con sus propias ventajas y limitaciones.<\/p>\n<p>Impulsados \u200b\u200bpor regulaciones ambientales m\u00e1s estrictas y una creciente concienciaci\u00f3n sobre los riesgos de la contaminaci\u00f3n, muchos pa\u00edses est\u00e1n pasando de la incineraci\u00f3n tradicional a una combinaci\u00f3n m\u00e1s diversificada de m\u00e9todos de tratamiento, con soluciones sin combusti\u00f3n cada vez m\u00e1s favorecidas como el futuro de la gesti\u00f3n de residuos m\u00e9dicos.<\/p>\n<h4><strong><u>Breve historia<\/u><\/strong><strong><u>:<\/u><\/strong><strong><u> La regulaci\u00f3n como catalizador<\/u><\/strong><\/h4>\n<p>La historia del tratamiento de residuos m\u00e9dicos se revolucion\u00f3 con la regulaci\u00f3n ambiental. Durante d\u00e9cadas, la <strong><u><b>incineraci\u00f3n<\/b><\/u><\/strong> fue el m\u00e9todo dominante, en gran medida sin regular. Un punto de inflexi\u00f3n importante fue la <strong><u><b>Ley de Aire Limpio<\/b><\/u><\/strong> de Estados Unidos de 1990, que estableci\u00f3 estrictos est\u00e1ndares de emisi\u00f3n para los incineradores de residuos m\u00e9dicos en 1997. Esto aument\u00f3 dr\u00e1sticamente el costo y la complejidad de la incineraci\u00f3n que cumpl\u00eda con la normativa. En ese momento, hab\u00eda m\u00e1s de <strong><u><b>6.000 incineradores de residuos m\u00e9dicos<\/b><\/u><\/strong> operando en todo el pa\u00eds. En pocos a\u00f1os, la gran mayor\u00eda fueron cerrados porque no pod\u00edan cumplir con los nuevos l\u00edmites. Este cambio normativo <strong><u>cataliz\u00f3 directamente el desarrollo y la comercializaci\u00f3n de tecnolog\u00edas alternativas que no implican combusti\u00f3n<\/u><\/strong>. En los a\u00f1os posteriores a la Ley de Aire Limpio, tecnolog\u00edas como la <strong><u>esterilizaci\u00f3n en autoclave (esterilizaci\u00f3n por vapor), la desinfecci\u00f3n por microondas, la desinfecci\u00f3n qu\u00edmica, el arco de plasma, el tratamiento con ozono y el calor seco<\/u><\/strong> se hicieron disponibles y se adoptaron, creando una industria m\u00e1s segura, diversa y respetuosa con el medio ambiente. Hoy en d\u00eda, m\u00e1s del 90% de los residuos m\u00e9dicos de Estados Unidos se tratan con autoclaves, lo que demuestra que las alternativas m\u00e1s limpias son pr\u00e1cticas y efectivas.<\/p>\n<h4><strong><u>Tecnolog\u00edas alternativas comunes y su estado de aplicaci\u00f3n<\/u><\/strong><\/h4>\n<p>Residuos (parcialmente)<\/p>\n<table>\n<tbody>\n<tr>\n<td width=\"62\">Tecnolog\u00eda<\/td>\n<td width=\"97\">C\u00f3mo funciona<\/td>\n<td width=\"70\">Ideal para<\/td>\n<td width=\"74\">Estado de aplicaci\u00f3n<\/td>\n<td width=\"86\">Ventajas clave<\/td>\n<td width=\"63\">Desventajas clave<\/td>\n<\/tr>\n<tr>\n<td width=\"62\"><strong><u><b>Autoclave (Esterilizaci\u00f3n por vapor<\/b><\/u><\/strong><strong><u><b>)<\/b><\/u><\/strong><\/td>\n<td width=\"97\">Utiliza alto vac\u00edo o pretrituraci\u00f3n + vapor a alta temperatura para calentar y esterilizar los residuos.<\/td>\n<td width=\"70\">Residuos infecciosos, objetos punzocortantes, residuos patol\u00f3gicos (parcialmente)<\/td>\n<td width=\"74\"><strong><u><b>La m\u00e1s utilizada.<\/b><\/u><\/strong><\/p>\n<p>La tecnolog\u00eda sin combusti\u00f3n\u00a0<strong><u><b>m\u00e1s com\u00fan<\/b><\/u><\/strong>\u00a0a nivel mundial.<\/td>\n<td width=\"86\">\u25c6 Tecnolog\u00eda de esterilizaci\u00f3n, segura para el control de infecciones<\/p>\n<p>\u25c6 Altamente confiable<\/p>\n<p>\u25c6 Bajo costo de operaci\u00f3n y mantenimiento<\/p>\n<p>\u25c6 Sin emisiones t\u00f3xicas<\/td>\n<td width=\"63\">No puede tratar residuos qu\u00edmicos o farmac\u00e9uticos.<\/td>\n<\/tr>\n<tr>\n<td width=\"62\"><strong><u><b>Desinfecci\u00f3n por microondas<\/b><\/u><\/strong><\/td>\n<td width=\"97\">Tritura los residuos y utiliza microondas para calentar la humedad y transferir calor para desinfectarlos.<\/td>\n<td width=\"70\">Residuos infecciosos, objetos punzocortantes, residuos patol\u00f3gicos (parcialmente)<\/td>\n<td width=\"74\"><strong><u><b>Ampliamente utilizada.<\/b><\/u><\/strong> Una tecnolog\u00eda sin combusti\u00f3n com\u00fan.<\/td>\n<td width=\"86\">\u25c6 Tecnolog\u00eda de desinfecci\u00f3n<\/p>\n<p>\u25c6 Sin residuos l\u00edquidos (se evaporan al aire)<\/p>\n<p>\u25c6 Bajo costo de producci\u00f3n (recipiente sin presi\u00f3n)<\/td>\n<td width=\"63\">No puede tratar residuos qu\u00edmicos o farmac\u00e9uticos.<\/td>\n<\/tr>\n<tr>\n<td width=\"62\"><strong><u><b>Esterilizaci\u00f3n por vapor y microondas<\/b><\/u><\/strong><\/td>\n<td width=\"97\">Utiliza autoclave (recipiente a presi\u00f3n) + microondas para calentar y esterilizar los residuos.<\/td>\n<td width=\"70\">Residuos infecciosos, objetos punzocortantes, residuos patol\u00f3gicos<\/td>\n<td width=\"74\"><strong><u><b>Uso moderado.<\/b><\/u><\/strong> Com\u00fan para residuos l\u00edquidos y aplicaciones espec\u00edficas.<\/td>\n<td width=\"86\">\u25c6 Tecnolog\u00eda de esterilizaci\u00f3n, segura para el control de infecciones<\/p>\n<p>\u25c6 Alta eficiencia<\/p>\n<p>\u25c6 Sin emisiones t\u00f3xicas<\/td>\n<td width=\"63\">No puede tratar residuos qu\u00edmicos o farmac\u00e9uticos.<\/td>\n<\/tr>\n<tr>\n<td width=\"62\"><strong><u><b>Calor seco<\/b><\/u><\/strong><\/td>\n<td width=\"97\">Utiliza cuchillas mezcladoras para generar calor por fricci\u00f3n y desinfectar los residuos.<\/td>\n<td width=\"70\">Residuos infecciosos, objetos punzantes, residuos patol\u00f3gicos (parcialmente)<\/td>\n<td width=\"74\"><strong><u><b>Uso moderado.<\/b><\/u><\/strong> Com\u00fan para residuos l\u00edquidos y aplicaciones espec\u00edficas.<\/td>\n<td width=\"86\">\u25c6 Bajo costo de producci\u00f3n<\/td>\n<td width=\"63\">Fr\u00e1gil, limitado a cantidades muy peque\u00f1as de residuos. No se pueden tratar residuos qu\u00edmicos ni farmac\u00e9uticos.<\/td>\n<\/tr>\n<tr>\n<td width=\"62\"><strong><u><b>Desinfecci\u00f3n qu\u00edmica<\/b><\/u><\/strong><\/td>\n<td width=\"97\">Tritura los residuos y los mezcla con un desinfectante qu\u00edmico.<\/td>\n<td width=\"70\">Residuos l\u00edquidos, sangre, fluidos corporales.<\/td>\n<td width=\"74\"><strong><u><b>Uso moderado.<\/b><\/u><\/strong> Com\u00fan para residuos l\u00edquidos y aplicaciones espec\u00edficas.<\/td>\n<td width=\"86\">Eficaz para residuos l\u00edquidos, se puede realizar in situ.<\/td>\n<td width=\"63\">Requiere manipulaci\u00f3n de productos qu\u00edmicos, no apto para todo tipo de residuos.<\/td>\n<\/tr>\n<tr>\n<td width=\"62\"><strong><u><b>Arco de plasma<\/b><\/u><\/strong><\/td>\n<td width=\"97\">Una antorcha de plasma de alt\u00edsima temperatura gasifica los residuos.<\/td>\n<td width=\"70\">Todo tipo de residuos, incluidos los de alto riesgo.<\/td>\n<td width=\"74\"><strong><u><b>Uso especializado.<\/b><\/u><\/strong> Tecnol\u00f3gicamente avanzado, pero\u00a0<strong><u><b>no ampliamente adoptado<\/b><\/u><\/strong>\u00a0debido a los elevados costos de inversi\u00f3n inicial.<\/td>\n<td width=\"86\">Emisiones extremadamente bajas, convierte los residuos en escoria inerte.<\/td>\n<td width=\"63\">Inversi\u00f3n inicial extremadamente alta, complejidad operativa.<\/td>\n<\/tr>\n<\/tbody>\n<\/table>\n<p><strong>Por qu\u00e9 son importantes las alternativas<\/strong><\/p>\n<p>Salud y seguridad: Sin dioxinas, furanos ni emisiones t\u00f3xicas.<\/p>\n<p>Protecci\u00f3n del medio ambiente: Menor contaminaci\u00f3n, menor riesgo de contaminaci\u00f3n.<\/p>\n<p>Rentabilidad: Menores costos operativos y de mantenimiento a largo plazo.<\/p>\n<p>Cumplimiento normativo: Cumple con las estrictas normas de emisiones modernas.<\/p>\n<p><strong><b>Encuentre una soluci\u00f3n para el tratamiento de residuos m\u00e9dicos<\/b><\/strong><\/p>\n<p>El futuro de la gesti\u00f3n de residuos m\u00e9dicos reside en las tecnolog\u00edas sostenibles. En Gient, nos comprometemos a impulsar estas tecnolog\u00edas, garantizando que el tratamiento de residuos m\u00e9dicos proteja a las personas y al planeta.<\/p>\n","protected":false},"excerpt":{"rendered":"<p>Tecnolog\u00edas de tratamiento de residuos m\u00e9dicos Las tecnolog\u00edas de tratamiento de residuos m\u00e9dicos se dividen principalmente en m\u00e9todos de incineraci\u00f3n y no incineraci\u00f3n. La incineraci\u00f3n fue en su momento la opci\u00f3n dominante en todo el mundo, ya que permite destruir r\u00e1pidamente los pat\u00f3genos y reducir el volumen de los residuos. Sin embargo, tambi\u00e9n produce emisiones [&hellip;]<\/p>\n","protected":false},"author":1,"featured_media":0,"parent":0,"menu_order":0,"comment_status":"closed","ping_status":"closed","template":"template-medical-wasteinci.php","meta":{"_acf_changed":false,"footnotes":""},"class_list":["post-8836","page","type-page","status-publish","hentry"],"acf":[],"yoast_head":"<!-- This site is optimized with the Yoast SEO Premium plugin v25.6 (Yoast SEO v26.7) - https:\/\/yoast.com\/wordpress\/plugins\/seo\/ -->\n<title>Tecnolog\u00edas de tratamiento de residuos m\u00e9dicos - GIENT - Medical waste treatment and disposal equipment<\/title>\n<meta name=\"robots\" content=\"noindex, follow, max-snippet:-1, max-image-preview:large, max-video-preview:-1\" \/>\n<meta property=\"og:locale\" content=\"en_US\" \/>\n<meta property=\"og:type\" content=\"article\" \/>\n<meta property=\"og:title\" content=\"Tecnolog\u00edas de tratamiento de residuos m\u00e9dicos\" \/>\n<meta property=\"og:description\" content=\"Tecnolog\u00edas de tratamiento de residuos m\u00e9dicos Las tecnolog\u00edas de tratamiento de residuos m\u00e9dicos se dividen principalmente en m\u00e9todos de incineraci\u00f3n y no incineraci\u00f3n. La incineraci\u00f3n fue en su momento la opci\u00f3n dominante en todo el mundo, ya que permite destruir r\u00e1pidamente los pat\u00f3genos y reducir el volumen de los residuos. Sin embargo, tambi\u00e9n produce emisiones [&hellip;]\" \/>\n<meta property=\"og:url\" content=\"https:\/\/skyhawksfusion.com\/gientnew\/es\/tecnologias-de-tratamiento-de-residuos-medicos\/\" \/>\n<meta property=\"og:site_name\" content=\"GIENT - Medical waste treatment and disposal equipment\" \/>\n<meta property=\"article:publisher\" content=\"https:\/\/www.facebook.com\/gient.net\/?fref=ts\" \/>\n<meta property=\"article:modified_time\" content=\"2026-02-10T07:52:14+00:00\" \/>\n<meta property=\"og:image\" content=\"https:\/\/www.gient.net\/wp-content\/uploads\/2025\/10\/3.-Medical-Waste-Treatment-Technologies-scaled.jpg\" \/>\n<meta name=\"twitter:card\" content=\"summary_large_image\" \/>\n<meta name=\"twitter:site\" content=\"@GientNews\" \/>\n<meta name=\"twitter:label1\" content=\"Est. reading time\" \/>\n\t<meta name=\"twitter:data1\" content=\"4 minutes\" \/>\n<script type=\"application\/ld+json\" class=\"yoast-schema-graph\">{\"@context\":\"https:\/\/schema.org\",\"@graph\":[{\"@type\":\"WebPage\",\"@id\":\"https:\/\/skyhawksfusion.com\/gientnew\/es\/tecnologias-de-tratamiento-de-residuos-medicos\/\",\"url\":\"https:\/\/skyhawksfusion.com\/gientnew\/es\/tecnologias-de-tratamiento-de-residuos-medicos\/\",\"name\":\"Tecnolog\u00edas de tratamiento de residuos m\u00e9dicos - GIENT - Medical waste treatment and disposal equipment\",\"isPartOf\":{\"@id\":\"https:\/\/skyhawksfusion.com\/gientnew\/#website\"},\"primaryImageOfPage\":{\"@id\":\"https:\/\/skyhawksfusion.com\/gientnew\/es\/tecnologias-de-tratamiento-de-residuos-medicos\/#primaryimage\"},\"image\":{\"@id\":\"https:\/\/skyhawksfusion.com\/gientnew\/es\/tecnologias-de-tratamiento-de-residuos-medicos\/#primaryimage\"},\"thumbnailUrl\":\"https:\/\/www.gient.net\/wp-content\/uploads\/2025\/10\/3.-Medical-Waste-Treatment-Technologies-scaled.jpg\",\"datePublished\":\"2025-12-11T08:40:42+00:00\",\"dateModified\":\"2026-02-10T07:52:14+00:00\",\"breadcrumb\":{\"@id\":\"https:\/\/skyhawksfusion.com\/gientnew\/es\/tecnologias-de-tratamiento-de-residuos-medicos\/#breadcrumb\"},\"inLanguage\":\"en-US\",\"potentialAction\":[{\"@type\":\"ReadAction\",\"target\":[\"https:\/\/skyhawksfusion.com\/gientnew\/es\/tecnologias-de-tratamiento-de-residuos-medicos\/\"]}]},{\"@type\":\"ImageObject\",\"inLanguage\":\"en-US\",\"@id\":\"https:\/\/skyhawksfusion.com\/gientnew\/es\/tecnologias-de-tratamiento-de-residuos-medicos\/#primaryimage\",\"url\":\"https:\/\/www.gient.net\/wp-content\/uploads\/2025\/10\/3.-Medical-Waste-Treatment-Technologies-scaled.jpg\",\"contentUrl\":\"https:\/\/www.gient.net\/wp-content\/uploads\/2025\/10\/3.-Medical-Waste-Treatment-Technologies-scaled.jpg\"},{\"@type\":\"BreadcrumbList\",\"@id\":\"https:\/\/skyhawksfusion.com\/gientnew\/es\/tecnologias-de-tratamiento-de-residuos-medicos\/#breadcrumb\",\"itemListElement\":[{\"@type\":\"ListItem\",\"position\":1,\"name\":\"Home\",\"item\":\"https:\/\/skyhawksfusion.com\/gientnew\/\"},{\"@type\":\"ListItem\",\"position\":2,\"name\":\"Tecnolog\u00edas de tratamiento de residuos m\u00e9dicos\"}]},{\"@type\":\"WebSite\",\"@id\":\"https:\/\/skyhawksfusion.com\/gientnew\/#website\",\"url\":\"https:\/\/skyhawksfusion.com\/gientnew\/\",\"name\":\"GIENT - Medical waste treatment and disposal equipment\",\"description\":\"medical waste treatment, medical waste disposal, medical waste autoclave\",\"potentialAction\":[{\"@type\":\"SearchAction\",\"target\":{\"@type\":\"EntryPoint\",\"urlTemplate\":\"https:\/\/skyhawksfusion.com\/gientnew\/?s={search_term_string}\"},\"query-input\":{\"@type\":\"PropertyValueSpecification\",\"valueRequired\":true,\"valueName\":\"search_term_string\"}}],\"inLanguage\":\"en-US\"}]}<\/script>\n<!-- \/ Yoast SEO Premium plugin. -->","yoast_head_json":{"title":"Tecnolog\u00edas de tratamiento de residuos m\u00e9dicos - GIENT - Medical waste treatment and disposal equipment","robots":{"index":"noindex","follow":"follow","max-snippet":"max-snippet:-1","max-image-preview":"max-image-preview:large","max-video-preview":"max-video-preview:-1"},"og_locale":"en_US","og_type":"article","og_title":"Tecnolog\u00edas de tratamiento de residuos m\u00e9dicos","og_description":"Tecnolog\u00edas de tratamiento de residuos m\u00e9dicos Las tecnolog\u00edas de tratamiento de residuos m\u00e9dicos se dividen principalmente en m\u00e9todos de incineraci\u00f3n y no incineraci\u00f3n. La incineraci\u00f3n fue en su momento la opci\u00f3n dominante en todo el mundo, ya que permite destruir r\u00e1pidamente los pat\u00f3genos y reducir el volumen de los residuos. Sin embargo, tambi\u00e9n produce emisiones [&hellip;]","og_url":"https:\/\/skyhawksfusion.com\/gientnew\/es\/tecnologias-de-tratamiento-de-residuos-medicos\/","og_site_name":"GIENT - Medical waste treatment and disposal equipment","article_publisher":"https:\/\/www.facebook.com\/gient.net\/?fref=ts","article_modified_time":"2026-02-10T07:52:14+00:00","og_image":[{"url":"https:\/\/www.gient.net\/wp-content\/uploads\/2025\/10\/3.-Medical-Waste-Treatment-Technologies-scaled.jpg","type":"","width":"","height":""}],"twitter_card":"summary_large_image","twitter_site":"@GientNews","twitter_misc":{"Est. reading time":"4 minutes"},"schema":{"@context":"https:\/\/schema.org","@graph":[{"@type":"WebPage","@id":"https:\/\/skyhawksfusion.com\/gientnew\/es\/tecnologias-de-tratamiento-de-residuos-medicos\/","url":"https:\/\/skyhawksfusion.com\/gientnew\/es\/tecnologias-de-tratamiento-de-residuos-medicos\/","name":"Tecnolog\u00edas de tratamiento de residuos m\u00e9dicos - GIENT - Medical waste treatment and disposal equipment","isPartOf":{"@id":"https:\/\/skyhawksfusion.com\/gientnew\/#website"},"primaryImageOfPage":{"@id":"https:\/\/skyhawksfusion.com\/gientnew\/es\/tecnologias-de-tratamiento-de-residuos-medicos\/#primaryimage"},"image":{"@id":"https:\/\/skyhawksfusion.com\/gientnew\/es\/tecnologias-de-tratamiento-de-residuos-medicos\/#primaryimage"},"thumbnailUrl":"https:\/\/www.gient.net\/wp-content\/uploads\/2025\/10\/3.-Medical-Waste-Treatment-Technologies-scaled.jpg","datePublished":"2025-12-11T08:40:42+00:00","dateModified":"2026-02-10T07:52:14+00:00","breadcrumb":{"@id":"https:\/\/skyhawksfusion.com\/gientnew\/es\/tecnologias-de-tratamiento-de-residuos-medicos\/#breadcrumb"},"inLanguage":"en-US","potentialAction":[{"@type":"ReadAction","target":["https:\/\/skyhawksfusion.com\/gientnew\/es\/tecnologias-de-tratamiento-de-residuos-medicos\/"]}]},{"@type":"ImageObject","inLanguage":"en-US","@id":"https:\/\/skyhawksfusion.com\/gientnew\/es\/tecnologias-de-tratamiento-de-residuos-medicos\/#primaryimage","url":"https:\/\/www.gient.net\/wp-content\/uploads\/2025\/10\/3.-Medical-Waste-Treatment-Technologies-scaled.jpg","contentUrl":"https:\/\/www.gient.net\/wp-content\/uploads\/2025\/10\/3.-Medical-Waste-Treatment-Technologies-scaled.jpg"},{"@type":"BreadcrumbList","@id":"https:\/\/skyhawksfusion.com\/gientnew\/es\/tecnologias-de-tratamiento-de-residuos-medicos\/#breadcrumb","itemListElement":[{"@type":"ListItem","position":1,"name":"Home","item":"https:\/\/skyhawksfusion.com\/gientnew\/"},{"@type":"ListItem","position":2,"name":"Tecnolog\u00edas de tratamiento de residuos m\u00e9dicos"}]},{"@type":"WebSite","@id":"https:\/\/skyhawksfusion.com\/gientnew\/#website","url":"https:\/\/skyhawksfusion.com\/gientnew\/","name":"GIENT - Medical waste treatment and disposal equipment","description":"medical waste treatment, medical waste disposal, medical waste autoclave","potentialAction":[{"@type":"SearchAction","target":{"@type":"EntryPoint","urlTemplate":"https:\/\/skyhawksfusion.com\/gientnew\/?s={search_term_string}"},"query-input":{"@type":"PropertyValueSpecification","valueRequired":true,"valueName":"search_term_string"}}],"inLanguage":"en-US"}]}},"_links":{"self":[{"href":"https:\/\/skyhawksfusion.com\/gientnew\/wp-json\/wp\/v2\/pages\/8836","targetHints":{"allow":["GET"]}}],"collection":[{"href":"https:\/\/skyhawksfusion.com\/gientnew\/wp-json\/wp\/v2\/pages"}],"about":[{"href":"https:\/\/skyhawksfusion.com\/gientnew\/wp-json\/wp\/v2\/types\/page"}],"author":[{"embeddable":true,"href":"https:\/\/skyhawksfusion.com\/gientnew\/wp-json\/wp\/v2\/users\/1"}],"replies":[{"embeddable":true,"href":"https:\/\/skyhawksfusion.com\/gientnew\/wp-json\/wp\/v2\/comments?post=8836"}],"version-history":[{"count":2,"href":"https:\/\/skyhawksfusion.com\/gientnew\/wp-json\/wp\/v2\/pages\/8836\/revisions"}],"predecessor-version":[{"id":9009,"href":"https:\/\/skyhawksfusion.com\/gientnew\/wp-json\/wp\/v2\/pages\/8836\/revisions\/9009"}],"wp:attachment":[{"href":"https:\/\/skyhawksfusion.com\/gientnew\/wp-json\/wp\/v2\/media?parent=8836"}],"curies":[{"name":"wp","href":"https:\/\/api.w.org\/{rel}","templated":true}]}}