{"id":8830,"date":"2025-12-11T08:27:21","date_gmt":"2025-12-11T08:27:21","guid":{"rendered":"https:\/\/skyhawksfusion.com\/gientnew\/?page_id=8830"},"modified":"2025-12-11T08:47:44","modified_gmt":"2025-12-11T08:47:44","slug":"incineration-des-dechets-medicaux-et-emissions-de-dioxines","status":"publish","type":"page","link":"https:\/\/skyhawksfusion.com\/gientnew\/fr\/incineration-des-dechets-medicaux-et-emissions-de-dioxines\/","title":{"rendered":"Incin\u00e9ration des d\u00e9chets m\u00e9dicaux et \u00e9missions de dioxines"},"content":{"rendered":"<p><img decoding=\"async\" class=\"x-img x-img-none\" src=\"https:\/\/www.gient.net\/wp-content\/uploads\/2025\/10\/Medical-Waste-Incineration.jpg\" \/><\/p>\n<h2 class=\"h-custom-headline cs-ta-left h2\">Incin\u00e9ration des d\u00e9chets m\u00e9dicaux et \u00e9missions de dioxines<\/h2>\n<p>Une gestion ad\u00e9quate des d\u00e9chets m\u00e9dicaux est fondamentale pour la protection de la sant\u00e9 publique et de l&#8217;environnement. Bien que l&#8217;incin\u00e9ration soit utilis\u00e9e depuis des d\u00e9cennies comme principale m\u00e9thode d&#8217;\u00e9limination dans le monde entier, elle pr\u00e9sente \u00e9galement des risques s\u00e9rieux. Lorsqu&#8217;elle n&#8217;est pas correctement con\u00e7ue ou exploit\u00e9e, l&#8217;incin\u00e9ration des d\u00e9chets m\u00e9dicaux est une source majeure de sous-produits invisibles mais extr\u00eamement dangereux, notamment les dioxines et les furanes, parmi les compos\u00e9s les plus toxiques connus. <img loading=\"lazy\" decoding=\"async\" class=\" wp-image-8361 alignright\" src=\"https:\/\/www.gient.net\/wp-content\/uploads\/2025\/10\/Picture2-300x186.png\" sizes=\"auto, (max-width: 242px) 100vw, 242px\" srcset=\"https:\/\/www.gient.net\/wp-content\/uploads\/2025\/10\/Picture2-300x186.png 300w, https:\/\/www.gient.net\/wp-content\/uploads\/2025\/10\/Picture2-1024x636.png 1024w, https:\/\/www.gient.net\/wp-content\/uploads\/2025\/10\/Picture2-768x477.png 768w, https:\/\/www.gient.net\/wp-content\/uploads\/2025\/10\/Picture2-100x62.png 100w, https:\/\/www.gient.net\/wp-content\/uploads\/2025\/10\/Picture2-1000x621.png 1000w, https:\/\/www.gient.net\/wp-content\/uploads\/2025\/10\/Picture2.png 1092w\" alt=\"\" width=\"242\" height=\"150\" \/><\/p>\n<p><strong><b>Qu&#8217;est-ce que la dioxine ?<\/b><\/strong><\/p>\n<p>Les \u00ab dioxines \u00bb sont un groupe de compos\u00e9s chimiquement apparent\u00e9s :<\/p>\n<ul>\n<li>Polychlorodibenzo-p-dioxines (PCDD) et<\/li>\n<li>Polychlorodibenzofuranes (PCDF).<\/li>\n<\/ul>\n<p>class\u00e9es comme polluants organiques persistants (POP) produits involontairement lors de l&#8217;incin\u00e9ration de d\u00e9chets contenant du chlore<br \/>\n(par exemple, les plastiques PVC). Ils sont incolores, inodores et hautement toxiques, m\u00eame \u00e0 l&#8217;\u00e9tat de traces.<img loading=\"lazy\" decoding=\"async\" class=\" wp-image-8360 alignright\" src=\"https:\/\/www.gient.net\/wp-content\/uploads\/2025\/10\/Picture3-300x192.png\" sizes=\"auto, (max-width: 211px) 100vw, 211px\" srcset=\"https:\/\/www.gient.net\/wp-content\/uploads\/2025\/10\/Picture3-300x192.png 300w, https:\/\/www.gient.net\/wp-content\/uploads\/2025\/10\/Picture3-1024x654.png 1024w, https:\/\/www.gient.net\/wp-content\/uploads\/2025\/10\/Picture3-768x490.png 768w, https:\/\/www.gient.net\/wp-content\/uploads\/2025\/10\/Picture3-100x64.png 100w, https:\/\/www.gient.net\/wp-content\/uploads\/2025\/10\/Picture3-1000x638.png 1000w, https:\/\/www.gient.net\/wp-content\/uploads\/2025\/10\/Picture3.png 1062w\" alt=\"\" width=\"211\" height=\"135\" \/><\/p>\n<ul>\n<li><b><\/b><strong><b>Hautement toxiques :<\/b><\/strong> Connus pour provoquer des cancers, des probl\u00e8mes de reproduction et de d\u00e9veloppement, et des dommages au syst\u00e8me immunitaire.<\/li>\n<li><b><\/b><strong><b>Persistants :<\/b><\/strong> Restent dans l&#8217;environnement pendant des ann\u00e9es.<\/li>\n<li><b><\/b><strong><b>Bioaccumulatifs :<\/b><\/strong> S&#8217;accumulent dans la cha\u00eene alimentaire, en particulier dans les graisses animales.<\/li>\n<\/ul>\n<p>M\u00eame de petites quantit\u00e9s d&#8217;exposition aux dioxines peuvent avoir des cons\u00e9quences importantes sur la sant\u00e9. L&#8217;Organisation mondiale de la sant\u00e9 a class\u00e9 les dioxines parmi les contaminants environnementaux les plus dangereux. <strong><b>Comment se forment les dioxines ?<\/b><\/strong><\/p>\n<p>Les dioxines sont des sous-produits involontaires form\u00e9s lors des processus de combustion impliquant du chlore et de l&#8217;oxyg\u00e8ne, dans une certaine plage de temp\u00e9ratures. Leur formation dans les incin\u00e9rateurs de d\u00e9chets m\u00e9dicaux est un processus chimique complexe, mais il peut \u00eatre d\u00e9compos\u00e9 en trois \u00e9l\u00e9ments cl\u00e9s :<\/p>\n<ol>\n<li>Les conditions n\u00e9cessaires<\/li>\n<\/ol>\n<p>Pour que les dioxines se forment, trois \u00e9l\u00e9ments de base doivent \u00eatre pr\u00e9sents :<\/p>\n<ul>\n<li style=\"list-style-type: none;\">\n<ul>\n<li><b><\/b><strong><b>Chlore :<\/b><\/strong> provenant du PVC, des d\u00e9sinfectants chlor\u00e9s, des r\u00e9sidus salins, etc. Sans chlore, il n&#8217;y a pratiquement pas de formation de dioxines.<\/li>\n<li><b><\/b><strong><b>Oxyg\u00e8ne :<\/b><\/strong> facilement disponible dans l&#8217;air utilis\u00e9 pour la combustion.<\/li>\n<li><b><\/b><strong><b>Plage de temp\u00e9rature :<\/b><\/strong> les dioxines se forment de mani\u00e8re significative dans la plage de temp\u00e9ratures de 300 \u00e0 500 \u00b0C.<\/li>\n<\/ul>\n<\/li>\n<\/ul>\n<p>Dans le four \u00e0 haute temp\u00e9rature (g\u00e9n\u00e9ralement sup\u00e9rieure \u00e0 850 \u00b0C), le chlore et les compos\u00e9s carbon\u00e9s se d\u00e9composent. Cependant, pendant le <strong>refroidissement<\/strong>, ils traversent cette plage de temp\u00e9rature critique. C&#8217;est l\u00e0 que se produit la formation la plus importante de dioxines.<\/p>\n<p><img loading=\"lazy\" decoding=\"async\" class=\"alignnone size-medium wp-image-8349\" src=\"https:\/\/www.gient.net\/wp-content\/uploads\/2025\/10\/Picture1-300x208.png\" sizes=\"auto, (max-width: 300px) 100vw, 300px\" srcset=\"https:\/\/www.gient.net\/wp-content\/uploads\/2025\/10\/Picture1-300x208.png 300w, https:\/\/www.gient.net\/wp-content\/uploads\/2025\/10\/Picture1-100x69.png 100w, https:\/\/www.gient.net\/wp-content\/uploads\/2025\/10\/Picture1.png 510w\" alt=\"\" width=\"300\" height=\"208\" \/><\/p>\n<p>Source : Taux de formation relatifs des dioxines (par rapport au cas \u00e0 400 \u00b0C) \u00e0 diff\u00e9rentes temp\u00e9ratures des gaz de combustion (McKay, 2001).<\/p>\n<p><strong>Pourquoi l&#8217;incin\u00e9ration des d\u00e9chets m\u00e9dicaux g\u00e9n\u00e8re-t-elle des dioxines ?<\/strong><\/p>\n<p>Les d\u00e9chets m\u00e9dicaux <strong>remplissent souvent toutes les conditions n\u00e9cessaires \u00e0 la formation de dioxines :<\/strong><\/p>\n<ul>\n<li>une proportion importante de plastiques, de d\u00e9sinfectants et de r\u00e9sidus chimiques.<\/li>\n<li>Pr\u00e9sence d&#8217;oxyg\u00e8ne.<\/li>\n<li>Dans les incin\u00e9rateurs qui n&#8217;atteignent pas et ne maintiennent pas les temp\u00e9ratures \u00e9lev\u00e9es n\u00e9cessaires (850-1100 \u00b0C) ou qui ne disposent pas de syst\u00e8mes ad\u00e9quats de traitement des gaz de combustion, la combustion est incompl\u00e8te. Cela cr\u00e9e un sc\u00e9nario id\u00e9al pour la production de dioxines.<\/li>\n<\/ul>\n<p>Une fois \u00e9mises, les dioxines se dispersent dans l&#8217;air, se d\u00e9posent sur le sol et la v\u00e9g\u00e9tation et finissent par entrer dans la cha\u00eene alimentaire. Contrairement \u00e0 de nombreux polluants, ils ne se d\u00e9gradent pas facilement, ce qui fait que m\u00eame de faibles rejets constituent une pr\u00e9occupation \u00e0 long terme pour l&#8217;environnement et la sant\u00e9 publique.<\/p>\n<p><strong>Diff\u00e9rents types d&#8217;incin\u00e9ration utilis\u00e9s<\/strong><\/p>\n<ol>\n<li><strong>Incin\u00e9ration \u00e0 ciel ouvert<\/strong><\/li>\n<\/ol>\n<ul>\n<li>R\u00e9alis\u00e9e dans des fosses ou des chambres rudimentaires sans contr\u00f4le des \u00e9missions.<\/li>\n<li>Combustion incompl\u00e8te et \u00e0 basse temp\u00e9rature, produisant de grandes quantit\u00e9s de fum\u00e9e, de particules toxiques et des niveaux extr\u00eamement \u00e9lev\u00e9s de dioxines.<\/li>\n<li>Toujours pratiqu\u00e9e dans les r\u00e9gions d\u00e9favoris\u00e9es, mais consid\u00e9r\u00e9e comme la m\u00e9thode la plus dangereuse et la plus obsol\u00e8te.<\/li>\n<\/ul>\n<ol start=\"2\">\n<li><strong>Petits incin\u00e9rateurs<\/strong><\/li>\n<\/ol>\n<ul>\n<li>Utilis\u00e9s par les petits h\u00f4pitaux ou les cliniques rurales.<\/li>\n<li>Fonctionnent souvent \u00e0 des temp\u00e9ratures insuffisantes et instables.<\/li>\n<li>Syst\u00e8mes de traitement des gaz limit\u00e9s ou inexistants.<\/li>\n<li>Apparemment contr\u00f4l\u00e9s, mais peuvent \u00eatre des sources dangereuses d&#8217;\u00e9missions de dioxines s&#8217;ils ne sont pas con\u00e7us selon les normes internationales.<\/li>\n<\/ul>\n<ol start=\"3\">\n<li><strong>Incin\u00e9rateurs \u00e0 grande \u00e9chelle<\/strong><\/li>\n<\/ol>\n<p>\u2013 Four rotatif, gaz\u00e9ificateur (parfois appel\u00e9s incin\u00e9rateurs \u00e0 pyrolyse)<\/p>\n<ul>\n<li>Les installations industrielles correctement con\u00e7ues, dot\u00e9es d&#8217;un traitement des fum\u00e9es avanc\u00e9 et complexe, traitant de grands volumes de d\u00e9chets m\u00e9dicaux, peuvent r\u00e9duire consid\u00e9rablement les risques.<\/li>\n<li>Un contr\u00f4le op\u00e9rationnel strict est n\u00e9cessaire et les installations doivent \u00eatre bien entretenues par une \u00e9quipe de professionnels.<\/li>\n<li>Co\u00fbt d&#8217;exploitation et d&#8217;entretien \u00e9lev\u00e9 pour respecter les normes d&#8217;\u00e9mission internationales.<\/li>\n<li>Malgr\u00e9 cela, les syst\u00e8mes \u00e0 grande \u00e9chelle \u00e9mettent des niveaux nocifs de polluants et produisent des cendres toxiques.<\/li>\n<\/ul>\n<p><strong>\u00c9missions de dioxines issues de l&#8217;incin\u00e9ration des d\u00e9chets m\u00e9dicaux<\/strong><\/p>\n<p>Les lignes directrices de l&#8217;OMS\/PNUE sur les meilleures techniques disponibles et les meilleures pratiques environnementales (2006) recommandent la m\u00eame limite de <strong>0,1 ng TEQ\/Nm\u00b3<\/strong> pour l&#8217;incin\u00e9ration des d\u00e9chets m\u00e9dicaux et dangereux.<\/p>\n<p>&nbsp;<\/p>\n<table>\n<tbody>\n<tr>\n<td><strong><b>Technologie<\/b><\/strong><\/td>\n<td><strong><b>Caract\u00e9ristiques de fonctionnement typiques<\/b><\/strong><\/td>\n<td><strong><b>\u00c9missions de dioxines d\u00e9clar\u00e9es (ng TEQ\/Nm\u00b3)<\/b><\/strong><strong><b>*<\/b><\/strong><\/td>\n<td><strong><b>Conformit\u00e9 \u00e0 la norme internationale (\u22640,1 ng TEQ\/Nm\u00b3*)<\/b><\/strong><\/td>\n<\/tr>\n<tr>\n<td>Combustion \u00e0 l&#8217;air libre (Combustion directe)<\/td>\n<td>D\u00e9chets br\u00fbl\u00e9s dans des fosses ouvertes ou des chambres rudimentaires, sans contr\u00f4le, sans postcombustion<\/td>\n<td>Plus de 4\u00a0000<\/td>\n<td>\u274c D\u00e9passe la norme de plusieurs milliers de fois<\/td>\n<\/tr>\n<tr>\n<td>Incin\u00e9rateurs \u00e0 petite \u00e9chelle<\/td>\n<td>Utilisation de temp\u00e9ratures suffisantes, de postcombustion et d&#8217;autres dispositifs<\/td>\n<td>10 \u2013 500<\/td>\n<td>\u274c Peut \u00eatre 5\u00a0000 fois sup\u00e9rieure \u00e0 la limite.<\/p>\n<p>D\u00e9pend du bon fonctionnement et de l&#8217;entretien<\/td>\n<\/tr>\n<tr>\n<td>Incin\u00e9rateurs \u00e0 grande \u00e9chelle (avec dispositifs de contr\u00f4le de la pollution)<\/td>\n<td>Combustion en deux \u00e9tapes \u00e0 &gt;850\u20131\u00a0100 \u00b0C, traitement des fum\u00e9es<\/td>\n<td>0,1 \u2013 1,0<\/td>\n<td>\u26a0\ufe0f Parfois conforme, souvent sup\u00e9rieure<\/td>\n<\/tr>\n<tr>\n<td>Incin\u00e9rateurs de pointe (Meilleures technologies disponibles, MTD)<\/td>\n<td>Combustion \u00e0 haute temp\u00e9rature + refroidissement rapide + nettoyage des fum\u00e9es en plusieurs \u00e9tapes (filtres \u00e0 manches, charbon actif, \u00e9purateurs)<\/td>\n<td>\u22640,1<\/td>\n<td>\u2714 Inf\u00e9rieure \u00e0 0,1 ng TEQ\/Nm\u00b3<\/p>\n<p>Co\u00fbt d&#8217;exploitation et d&#8217;entretien consid\u00e9rablement \u00e9lev\u00e9<\/td>\n<\/tr>\n<\/tbody>\n<\/table>\n<p>Source\u00a0: Conclusions d&#8217;une \u00e9valuation des incin\u00e9rateurs \u00e0 petite \u00e9chelle pour les d\u00e9chets de soins de sant\u00e9 \u2013 OMS<\/p>\n<p><strong><b>L&#8217;alternative\u00a0: les technologies de traitement sans incin\u00e9ration<\/b><\/strong><\/p>\n<p>Compte tenu des risques graves pour la sant\u00e9 et l&#8217;environnement associ\u00e9s \u00e0 l&#8217;incin\u00e9ration, de nombreux pays se sont tourn\u00e9s vers des m\u00e9thodes plus propres et plus durables de gestion des d\u00e9chets m\u00e9dicaux. Ces technologies neutralisent les agents pathog\u00e8nes sans g\u00e9n\u00e9rer de dioxines ni d&#8217;autres polluants atmosph\u00e9riques dangereux, ce qui les rend plus s\u00fbres pour les communaut\u00e9s et l&#8217;environnement. <strong><b>Autoclavage (St\u00e9rilisation \u00e0 la vapeur)<\/b><\/strong><\/p>\n<ul>\n<li>Utilise de la vapeur sous pression \u00e0 haute temp\u00e9rature pour st\u00e9riliser les d\u00e9chets m\u00e9dicaux, \u00e9liminant efficacement tous les microorganismes, y compris les agents pathog\u00e8nes r\u00e9sistants.<\/li>\n<li>Ne g\u00e9n\u00e8re ni dioxines ni furanes, ce qui en fait une alternative beaucoup plus s\u00fbre.<\/li>\n<li>Produit des \u00e9missions n\u00e9gligeables et est tr\u00e8s rentable par rapport aux technologies d&#8217;incin\u00e9ration de pointe.<\/li>\n<li>La m\u00e9thode de st\u00e9rilisation la plus s\u00fbre et \u00e9prouv\u00e9e depuis des d\u00e9cennies dans l&#8217;histoire de l&#8217;humanit\u00e9.<\/li>\n<\/ul>\n<p><strong>Le cas des \u00c9tats-Unis : De 6\u00a0000 incin\u00e9rateurs aux autoclaves<\/strong><br \/>\nDans les ann\u00e9es 1990, les \u00c9tats-Unis exploitaient environ 6\u00a0000 incin\u00e9rateurs de d\u00e9chets m\u00e9dicaux. Cependant, la mise en \u0153uvre des\u00a0<strong>Amendements de 1990 \u00e0 la loi sur la qualit\u00e9 de l&#8217;air (Clean Air Act)<\/strong>\u00a0et des\u00a0<strong>r\u00e9glementations de l&#8217;EPA de 1997 sur les incin\u00e9rateurs de d\u00e9chets hospitaliers\/m\u00e9dicaux\/infectieux (HMIWI)<\/strong>\u00a0a radicalement modifi\u00e9 la situation. Une fois les limites strictes d&#8217;\u00e9mission de dioxines et les exigences de surveillance appliqu\u00e9es, de nombreux incin\u00e9rateurs ont \u00e9t\u00e9 ferm\u00e9s ou remplac\u00e9s par des m\u00e9thodes de traitement plus s\u00fbres. Apr\u00e8s des ann\u00e9es d&#8217;\u00e9valuation technologique, l&#8217;<strong>autoclavage sous vide pouss\u00e9 s&#8217;est impos\u00e9 comme la solution dominante<\/strong>. Aujourd&#8217;hui, plus de 90 % des d\u00e9chets m\u00e9dicaux aux \u00c9tats-Unis sont trait\u00e9s par autoclavage.<\/p>\n<p><strong>Autres alternatives sans incin\u00e9ration<\/strong><\/p>\n<p><strong>D\u00e9sinfection par micro-ondes<\/strong> : Utilise l&#8217;\u00e9nergie des micro-ondes pour chauffer et d\u00e9sinfecter les d\u00e9chets. Le co\u00fbt de production est relativement faible et cette m\u00e9thode est principalement utilis\u00e9e dans de petits \u00e9quipements avec de faibles exigences de d\u00e9sinfection\u00a0; elle est rarement utilis\u00e9e dans les usines de traitement centralis\u00e9es ou les projets de grande capacit\u00e9.<\/p>\n<p><strong>D\u00e9sinfection chimique<\/strong> : Emploie des agents chimiques (par exemple, des compos\u00e9s chlor\u00e9s) pour inactiver les agents pathog\u00e8nes. Le co\u00fbt est tr\u00e8s faible, mais en raison du probl\u00e8me de pollution secondaire, cette m\u00e9thode est rarement utilis\u00e9e aujourd&#8217;hui.<\/p>\n<p><strong>Traitement thermique (sans incin\u00e9ration)<\/strong> : M\u00e9thodes \u00e0 haute temp\u00e9rature telles que le chauffage par friction, application tr\u00e8s limit\u00e9e avec une faible capacit\u00e9 et de faibles exigences de d\u00e9sinfection.<\/p>\n<p><strong><b>Une voie plus s\u00fbre pour l&#8217;avenir<\/b><\/strong><\/p>\n<p>Chez\u00a0<strong><b>Gient<\/b><\/strong>, nous nous engageons \u00e0 fournir des solutions de traitement des d\u00e9chets m\u00e9dicaux s\u00fbres et respectueuses de l&#8217;environnement qui \u00e9liminent les dangers des dioxines et autres \u00e9missions toxiques. <a href=\"https:\/\/www.gient.net\/contact-us\/\"><u>Contactez-nous d\u00e8s maintenant pour vos solutions de gestion des d\u00e9chets m\u00e9dicaux.<\/u><\/a><\/p>\n","protected":false},"excerpt":{"rendered":"<p>Incin\u00e9ration des d\u00e9chets m\u00e9dicaux et \u00e9missions de dioxines Une gestion ad\u00e9quate des d\u00e9chets m\u00e9dicaux est fondamentale pour la protection de la sant\u00e9 publique et de l&#8217;environnement. Bien que l&#8217;incin\u00e9ration soit utilis\u00e9e depuis des d\u00e9cennies comme principale m\u00e9thode d&#8217;\u00e9limination dans le monde entier, elle pr\u00e9sente \u00e9galement des risques s\u00e9rieux. Lorsqu&#8217;elle n&#8217;est pas correctement con\u00e7ue ou exploit\u00e9e, [&hellip;]<\/p>\n","protected":false},"author":1,"featured_media":0,"parent":0,"menu_order":0,"comment_status":"closed","ping_status":"closed","template":"template-medical-wasteinci.php","meta":{"_acf_changed":false,"footnotes":""},"class_list":["post-8830","page","type-page","status-publish","hentry"],"acf":[],"yoast_head":"<!-- This site is optimized with the Yoast SEO Premium plugin v25.6 (Yoast SEO v26.7) - https:\/\/yoast.com\/wordpress\/plugins\/seo\/ -->\n<title>Incin\u00e9ration des d\u00e9chets m\u00e9dicaux et \u00e9missions de dioxines - GIENT - Medical waste treatment and disposal equipment<\/title>\n<meta name=\"robots\" content=\"noindex, follow, max-snippet:-1, max-image-preview:large, max-video-preview:-1\" \/>\n<meta property=\"og:locale\" content=\"en_US\" \/>\n<meta property=\"og:type\" content=\"article\" \/>\n<meta property=\"og:title\" content=\"Incin\u00e9ration des d\u00e9chets m\u00e9dicaux et \u00e9missions de dioxines\" \/>\n<meta property=\"og:description\" content=\"Incin\u00e9ration des d\u00e9chets m\u00e9dicaux et \u00e9missions de dioxines Une gestion ad\u00e9quate des d\u00e9chets m\u00e9dicaux est fondamentale pour la protection de la sant\u00e9 publique et de l&#8217;environnement. Bien que l&#8217;incin\u00e9ration soit utilis\u00e9e depuis des d\u00e9cennies comme principale m\u00e9thode d&#8217;\u00e9limination dans le monde entier, elle pr\u00e9sente \u00e9galement des risques s\u00e9rieux. Lorsqu&#8217;elle n&#8217;est pas correctement con\u00e7ue ou exploit\u00e9e, [&hellip;]\" \/>\n<meta property=\"og:url\" content=\"https:\/\/skyhawksfusion.com\/gientnew\/fr\/incineration-des-dechets-medicaux-et-emissions-de-dioxines\/\" \/>\n<meta property=\"og:site_name\" content=\"GIENT - Medical waste treatment and disposal equipment\" \/>\n<meta property=\"article:publisher\" content=\"https:\/\/www.facebook.com\/gient.net\/?fref=ts\" \/>\n<meta property=\"article:modified_time\" content=\"2025-12-11T08:47:44+00:00\" \/>\n<meta property=\"og:image\" content=\"https:\/\/www.gient.net\/wp-content\/uploads\/2025\/10\/Medical-Waste-Incineration.jpg\" \/>\n<meta name=\"twitter:card\" content=\"summary_large_image\" \/>\n<meta name=\"twitter:site\" content=\"@GientNews\" \/>\n<meta name=\"twitter:label1\" content=\"Est. reading time\" \/>\n\t<meta name=\"twitter:data1\" content=\"8 minutes\" \/>\n<script type=\"application\/ld+json\" class=\"yoast-schema-graph\">{\"@context\":\"https:\/\/schema.org\",\"@graph\":[{\"@type\":\"WebPage\",\"@id\":\"https:\/\/skyhawksfusion.com\/gientnew\/fr\/incineration-des-dechets-medicaux-et-emissions-de-dioxines\/\",\"url\":\"https:\/\/skyhawksfusion.com\/gientnew\/fr\/incineration-des-dechets-medicaux-et-emissions-de-dioxines\/\",\"name\":\"Incin\u00e9ration des d\u00e9chets m\u00e9dicaux et \u00e9missions de dioxines - GIENT - Medical waste treatment and disposal equipment\",\"isPartOf\":{\"@id\":\"https:\/\/skyhawksfusion.com\/gientnew\/#website\"},\"primaryImageOfPage\":{\"@id\":\"https:\/\/skyhawksfusion.com\/gientnew\/fr\/incineration-des-dechets-medicaux-et-emissions-de-dioxines\/#primaryimage\"},\"image\":{\"@id\":\"https:\/\/skyhawksfusion.com\/gientnew\/fr\/incineration-des-dechets-medicaux-et-emissions-de-dioxines\/#primaryimage\"},\"thumbnailUrl\":\"https:\/\/www.gient.net\/wp-content\/uploads\/2025\/10\/Medical-Waste-Incineration.jpg\",\"datePublished\":\"2025-12-11T08:27:21+00:00\",\"dateModified\":\"2025-12-11T08:47:44+00:00\",\"breadcrumb\":{\"@id\":\"https:\/\/skyhawksfusion.com\/gientnew\/fr\/incineration-des-dechets-medicaux-et-emissions-de-dioxines\/#breadcrumb\"},\"inLanguage\":\"en-US\",\"potentialAction\":[{\"@type\":\"ReadAction\",\"target\":[\"https:\/\/skyhawksfusion.com\/gientnew\/fr\/incineration-des-dechets-medicaux-et-emissions-de-dioxines\/\"]}]},{\"@type\":\"ImageObject\",\"inLanguage\":\"en-US\",\"@id\":\"https:\/\/skyhawksfusion.com\/gientnew\/fr\/incineration-des-dechets-medicaux-et-emissions-de-dioxines\/#primaryimage\",\"url\":\"https:\/\/www.gient.net\/wp-content\/uploads\/2025\/10\/Medical-Waste-Incineration.jpg\",\"contentUrl\":\"https:\/\/www.gient.net\/wp-content\/uploads\/2025\/10\/Medical-Waste-Incineration.jpg\"},{\"@type\":\"BreadcrumbList\",\"@id\":\"https:\/\/skyhawksfusion.com\/gientnew\/fr\/incineration-des-dechets-medicaux-et-emissions-de-dioxines\/#breadcrumb\",\"itemListElement\":[{\"@type\":\"ListItem\",\"position\":1,\"name\":\"Home\",\"item\":\"https:\/\/skyhawksfusion.com\/gientnew\/\"},{\"@type\":\"ListItem\",\"position\":2,\"name\":\"Incin\u00e9ration des d\u00e9chets m\u00e9dicaux et \u00e9missions de dioxines\"}]},{\"@type\":\"WebSite\",\"@id\":\"https:\/\/skyhawksfusion.com\/gientnew\/#website\",\"url\":\"https:\/\/skyhawksfusion.com\/gientnew\/\",\"name\":\"GIENT - Medical waste treatment and disposal equipment\",\"description\":\"medical waste treatment, medical waste disposal, medical waste autoclave\",\"potentialAction\":[{\"@type\":\"SearchAction\",\"target\":{\"@type\":\"EntryPoint\",\"urlTemplate\":\"https:\/\/skyhawksfusion.com\/gientnew\/?s={search_term_string}\"},\"query-input\":{\"@type\":\"PropertyValueSpecification\",\"valueRequired\":true,\"valueName\":\"search_term_string\"}}],\"inLanguage\":\"en-US\"}]}<\/script>\n<!-- \/ Yoast SEO Premium plugin. -->","yoast_head_json":{"title":"Incin\u00e9ration des d\u00e9chets m\u00e9dicaux et \u00e9missions de dioxines - GIENT - Medical waste treatment and disposal equipment","robots":{"index":"noindex","follow":"follow","max-snippet":"max-snippet:-1","max-image-preview":"max-image-preview:large","max-video-preview":"max-video-preview:-1"},"og_locale":"en_US","og_type":"article","og_title":"Incin\u00e9ration des d\u00e9chets m\u00e9dicaux et \u00e9missions de dioxines","og_description":"Incin\u00e9ration des d\u00e9chets m\u00e9dicaux et \u00e9missions de dioxines Une gestion ad\u00e9quate des d\u00e9chets m\u00e9dicaux est fondamentale pour la protection de la sant\u00e9 publique et de l&#8217;environnement. Bien que l&#8217;incin\u00e9ration soit utilis\u00e9e depuis des d\u00e9cennies comme principale m\u00e9thode d&#8217;\u00e9limination dans le monde entier, elle pr\u00e9sente \u00e9galement des risques s\u00e9rieux. Lorsqu&#8217;elle n&#8217;est pas correctement con\u00e7ue ou exploit\u00e9e, [&hellip;]","og_url":"https:\/\/skyhawksfusion.com\/gientnew\/fr\/incineration-des-dechets-medicaux-et-emissions-de-dioxines\/","og_site_name":"GIENT - Medical waste treatment and disposal equipment","article_publisher":"https:\/\/www.facebook.com\/gient.net\/?fref=ts","article_modified_time":"2025-12-11T08:47:44+00:00","og_image":[{"url":"https:\/\/www.gient.net\/wp-content\/uploads\/2025\/10\/Medical-Waste-Incineration.jpg","type":"","width":"","height":""}],"twitter_card":"summary_large_image","twitter_site":"@GientNews","twitter_misc":{"Est. reading time":"8 minutes"},"schema":{"@context":"https:\/\/schema.org","@graph":[{"@type":"WebPage","@id":"https:\/\/skyhawksfusion.com\/gientnew\/fr\/incineration-des-dechets-medicaux-et-emissions-de-dioxines\/","url":"https:\/\/skyhawksfusion.com\/gientnew\/fr\/incineration-des-dechets-medicaux-et-emissions-de-dioxines\/","name":"Incin\u00e9ration des d\u00e9chets m\u00e9dicaux et \u00e9missions de dioxines - GIENT - Medical waste treatment and disposal equipment","isPartOf":{"@id":"https:\/\/skyhawksfusion.com\/gientnew\/#website"},"primaryImageOfPage":{"@id":"https:\/\/skyhawksfusion.com\/gientnew\/fr\/incineration-des-dechets-medicaux-et-emissions-de-dioxines\/#primaryimage"},"image":{"@id":"https:\/\/skyhawksfusion.com\/gientnew\/fr\/incineration-des-dechets-medicaux-et-emissions-de-dioxines\/#primaryimage"},"thumbnailUrl":"https:\/\/www.gient.net\/wp-content\/uploads\/2025\/10\/Medical-Waste-Incineration.jpg","datePublished":"2025-12-11T08:27:21+00:00","dateModified":"2025-12-11T08:47:44+00:00","breadcrumb":{"@id":"https:\/\/skyhawksfusion.com\/gientnew\/fr\/incineration-des-dechets-medicaux-et-emissions-de-dioxines\/#breadcrumb"},"inLanguage":"en-US","potentialAction":[{"@type":"ReadAction","target":["https:\/\/skyhawksfusion.com\/gientnew\/fr\/incineration-des-dechets-medicaux-et-emissions-de-dioxines\/"]}]},{"@type":"ImageObject","inLanguage":"en-US","@id":"https:\/\/skyhawksfusion.com\/gientnew\/fr\/incineration-des-dechets-medicaux-et-emissions-de-dioxines\/#primaryimage","url":"https:\/\/www.gient.net\/wp-content\/uploads\/2025\/10\/Medical-Waste-Incineration.jpg","contentUrl":"https:\/\/www.gient.net\/wp-content\/uploads\/2025\/10\/Medical-Waste-Incineration.jpg"},{"@type":"BreadcrumbList","@id":"https:\/\/skyhawksfusion.com\/gientnew\/fr\/incineration-des-dechets-medicaux-et-emissions-de-dioxines\/#breadcrumb","itemListElement":[{"@type":"ListItem","position":1,"name":"Home","item":"https:\/\/skyhawksfusion.com\/gientnew\/"},{"@type":"ListItem","position":2,"name":"Incin\u00e9ration des d\u00e9chets m\u00e9dicaux et \u00e9missions de dioxines"}]},{"@type":"WebSite","@id":"https:\/\/skyhawksfusion.com\/gientnew\/#website","url":"https:\/\/skyhawksfusion.com\/gientnew\/","name":"GIENT - Medical waste treatment and disposal equipment","description":"medical waste treatment, medical waste disposal, medical waste autoclave","potentialAction":[{"@type":"SearchAction","target":{"@type":"EntryPoint","urlTemplate":"https:\/\/skyhawksfusion.com\/gientnew\/?s={search_term_string}"},"query-input":{"@type":"PropertyValueSpecification","valueRequired":true,"valueName":"search_term_string"}}],"inLanguage":"en-US"}]}},"_links":{"self":[{"href":"https:\/\/skyhawksfusion.com\/gientnew\/wp-json\/wp\/v2\/pages\/8830","targetHints":{"allow":["GET"]}}],"collection":[{"href":"https:\/\/skyhawksfusion.com\/gientnew\/wp-json\/wp\/v2\/pages"}],"about":[{"href":"https:\/\/skyhawksfusion.com\/gientnew\/wp-json\/wp\/v2\/types\/page"}],"author":[{"embeddable":true,"href":"https:\/\/skyhawksfusion.com\/gientnew\/wp-json\/wp\/v2\/users\/1"}],"replies":[{"embeddable":true,"href":"https:\/\/skyhawksfusion.com\/gientnew\/wp-json\/wp\/v2\/comments?post=8830"}],"version-history":[{"count":1,"href":"https:\/\/skyhawksfusion.com\/gientnew\/wp-json\/wp\/v2\/pages\/8830\/revisions"}],"predecessor-version":[{"id":8831,"href":"https:\/\/skyhawksfusion.com\/gientnew\/wp-json\/wp\/v2\/pages\/8830\/revisions\/8831"}],"wp:attachment":[{"href":"https:\/\/skyhawksfusion.com\/gientnew\/wp-json\/wp\/v2\/media?parent=8830"}],"curies":[{"name":"wp","href":"https:\/\/api.w.org\/{rel}","templated":true}]}}