{"id":8824,"date":"2025-12-11T07:55:59","date_gmt":"2025-12-11T07:55:59","guid":{"rendered":"https:\/\/skyhawksfusion.com\/gientnew\/?page_id=8824"},"modified":"2025-12-11T09:01:11","modified_gmt":"2025-12-11T09:01:11","slug":"chat-thai-y-te-la-gi","status":"publish","type":"page","link":"https:\/\/skyhawksfusion.com\/gientnew\/vi\/chat-thai-y-te-la-gi\/","title":{"rendered":"Ch\u1ea5t th\u1ea3i y t\u1ebf l\u00e0 g\u00ec?"},"content":{"rendered":"<p><img decoding=\"async\" class=\"w-100\" src=\"https:\/\/www.gient.net\/wp-content\/uploads\/2025\/10\/medical-waste-scaled.jpg\" \/><\/p>\n<h2 class=\"h-custom-headline cs-ta-left h2\">Ch\u1ea5t th\u1ea3i y t\u1ebf l\u00e0 g\u00ec?<\/h2>\n<p>Ch\u1ea5t th\u1ea3i y t\u1ebf \u0111\u01b0\u1ee3c t\u1ea1o ra t\u1eeb c\u00e1c c\u01a1 s\u1edf ch\u0103m s\u00f3c s\u1ee9c kh\u1ecfe v\u00e0 ch\u1ee9a c\u00e1c vi sinh v\u1eadt c\u00f3 kh\u1ea3 n\u0103ng g\u00e2y h\u1ea1i, c\u00f3 th\u1ec3 l\u00e2y nhi\u1ec5m cho b\u1ec7nh nh\u00e2n, nh\u00e2n vi\u00ean y t\u1ebf v\u00e0 c\u1ed9ng \u0111\u1ed3ng.<\/p>\n<p>\u2014\u2014T\u1ed5 ch\u1ee9c Y t\u1ebf Th\u1ebf gi\u1edbi (WHO)<\/p>\n<p><strong><b>C\u00e1c lo\u1ea1i ch\u1ea5t th\u1ea3i y t\u1ebf<\/b><\/strong><\/p>\n<p><strong><b>Ch\u1ea5t th\u1ea3i l\u00e2y nhi\u1ec5m:<\/b><\/strong> ch\u1ea5t th\u1ea3i \u0111\u01b0\u1ee3c bi\u1ebft ho\u1eb7c nghi ng\u1edd ch\u1ee9a m\u1ea7m b\u1ec7nh v\u00e0 g\u00e2y nguy c\u01a1 l\u00e2y truy\u1ec1n b\u1ec7nh, v\u00ed d\u1ee5: ch\u1ea5t th\u1ea3i v\u00e0 n\u01b0\u1edbc th\u1ea3i b\u1ecb nhi\u1ec5m m\u00e1u v\u00e0 c\u00e1c ch\u1ea5t d\u1ecbch c\u01a1 th\u1ec3 kh\u00e1c, bao g\u1ed3m ch\u1ea5t th\u1ea3i c\u00f3 kh\u1ea3 n\u0103ng l\u00e2y nhi\u1ec5m cao nh\u01b0 nu\u00f4i c\u1ea5y trong ph\u00f2ng th\u00ed nghi\u1ec7m v\u00e0 c\u00e1c m\u1eabu vi sinh v\u1eadt; v\u00e0 ch\u1ea5t th\u1ea3i bao g\u1ed3m ch\u1ea5t b\u00e0i ti\u1ebft v\u00e0 c\u00e1c v\u1eadt li\u1ec7u kh\u00e1c \u0111\u00e3 ti\u1ebfp x\u00fac v\u1edbi b\u1ec7nh nh\u00e2n m\u1eafc c\u00e1c b\u1ec7nh truy\u1ec1n nhi\u1ec5m cao trong c\u00e1c khu c\u00e1ch ly.<\/p>\n<p><strong><b>V\u1eadt s\u1eafc nh\u1ecdn:<\/b><\/strong> v\u1eadt s\u1eafc nh\u1ecdn \u0111\u00e3 s\u1eed d\u1ee5ng ho\u1eb7c ch\u01b0a s\u1eed d\u1ee5ng, v\u00ed d\u1ee5: kim ti\u00eam d\u01b0\u1edbi da, kim ti\u00eam t\u0129nh m\u1ea1ch ho\u1eb7c c\u00e1c lo\u1ea1i kim kh\u00e1c; \u1ed1ng ti\u00eam t\u1ef1 h\u1ee7y; \u1ed1ng ti\u00eam c\u00f3 g\u1eafn kim; b\u1ed9 truy\u1ec1n d\u1ecbch; dao m\u1ed5; pipet; dao; l\u01b0\u1ee1i dao; m\u1ea3nh th\u1ee7y tinh v\u1ee1; Ch\u1ea5t th\u1ea3i b\u1ec7nh l\u00fd: m\u00f4, c\u01a1 quan ho\u1eb7c ch\u1ea5t d\u1ecbch c\u1ee7a ng\u01b0\u1eddi, c\u00e1c b\u1ed9 ph\u1eadn c\u01a1 th\u1ec3, b\u00e0o thai, c\u00e1c s\u1ea3n ph\u1ea9m m\u00e1u ch\u01b0a s\u1eed d\u1ee5ng v\u00e0 x\u00e1c \u0111\u1ed9ng v\u1eadt b\u1ecb nhi\u1ec5m b\u1ec7nh;<\/p>\n<p><strong><b>Ch\u1ea5t th\u1ea3i h\u00f3a h\u1ecdc:<\/b><\/strong> Dung m\u00f4i v\u00e0 thu\u1ed1c th\u1eed, ch\u1ea5t kh\u1eed tr\u00f9ng, ch\u1ea5t ti\u1ec7t tr\u00f9ng, v.v.<\/p>\n<p><strong><b>Ch\u1ea5t th\u1ea3i d\u01b0\u1ee3c ph\u1ea9m:<\/b><\/strong> d\u01b0\u1ee3c ph\u1ea9m \u0111\u00e3 h\u1ebft h\u1ea1n ho\u1eb7c kh\u00f4ng c\u00f2n c\u1ea7n thi\u1ebft; c\u00e1c v\u1eadt d\u1ee5ng b\u1ecb nhi\u1ec5m ho\u1eb7c ch\u1ee9a d\u01b0\u1ee3c ph\u1ea9m. Ch\u1ea5t th\u1ea3i g\u00e2y \u0111\u1ed9c t\u1ebf b\u00e0o ch\u1ee9a c\u00e1c ch\u1ea5t c\u00f3 \u0111\u1eb7c t\u00ednh g\u00e2y \u0111\u1ed9c gen, v\u00ed d\u1ee5: ch\u1ea5t th\u1ea3i ch\u1ee9a thu\u1ed1c g\u00e2y \u0111\u1ed9c t\u1ebf b\u00e0o (th\u01b0\u1eddng \u0111\u01b0\u1ee3c s\u1eed d\u1ee5ng trong \u0111i\u1ec1u tr\u1ecb ung th\u01b0); h\u00f3a ch\u1ea5t g\u00e2y \u0111\u1ed9c gen<\/p>\n<p><strong><b>Nguy hi\u1ec3m c\u1ee7a ch\u1ea5t th\u1ea3i y t\u1ebf<\/b><\/strong><\/p>\n<ul>\n<li><b><\/b><strong><b>Nguy c\u01a1 l\u00e2y nhi\u1ec5m<\/b><\/strong><\/li>\n<\/ul>\n<p>L\u00e2y truy\u1ec1n m\u1ea7m b\u1ec7nh: Vi\u1ec7c x\u1eed l\u00fd kh\u00f4ng \u0111\u00fang c\u00e1ch c\u00f3 th\u1ec3 d\u1eabn \u0111\u1ebfn th\u01b0\u01a1ng t\u00edch do kim ti\u00eam ho\u1eb7c ti\u1ebfp x\u00fac tr\u1ef1c ti\u1ebfp, g\u00e2y ra nh\u1eefng r\u1ee7i ro s\u1ee9c kh\u1ecfe nghi\u00eam tr\u1ecdng cho nh\u00e2n vi\u00ean y t\u1ebf, ng\u01b0\u1eddi x\u1eed l\u00fd ch\u1ea5t th\u1ea3i v\u00e0 c\u1ed9ng \u0111\u1ed3ng.<\/p>\n<p>L\u00e2y lan d\u1ecbch b\u1ec7nh: Trong c\u00e1c \u0111\u1ee3t b\u00f9ng ph\u00e1t d\u1ecbch b\u1ec7nh (v\u00ed d\u1ee5: COVID-19, Ebola), vi\u1ec7c qu\u1ea3n l\u00fd ch\u1ea5t th\u1ea3i y t\u1ebf kh\u00f4ng \u0111\u00fang c\u00e1ch c\u00f3 th\u1ec3 l\u00e0m t\u0103ng s\u1ef1 l\u00e2y truy\u1ec1n b\u1ec7nh trong c\u1ed9ng \u0111\u1ed3ng. <\/p>\n<ul>\n<li><b>\u00d4 nhi\u1ec5m m\u00f4i tr\u01b0\u1eddng<\/b><\/li>\n<\/ul>\n<p>\u00d4 nhi\u1ec5m \u0111\u1ea5t v\u00e0 n\u01b0\u1edbc: H\u00f3a ch\u1ea5t v\u00e0 d\u01b0\u1ee3c ph\u1ea9m ng\u1ea5m v\u00e0o \u0111\u1ea5t\/n\u01b0\u1edbc ng\u1ea7m l\u00e0m gi\u00e1n \u0111o\u1ea1n h\u1ec7 sinh th\u00e1i v\u00e0 x\u00e2m nh\u1eadp v\u00e0o chu\u1ed7i th\u1ee9c \u0103n.<\/p>\n<p>\u00d4 nhi\u1ec5m kh\u00f4ng kh\u00ed: Vi\u1ec7c \u0111\u1ed1t r\u00e1c th\u1ea3i kh\u00f4ng \u0111\u00fang c\u00e1ch ho\u1eb7c \u0111\u1ed1t kh\u00f4ng hi\u1ec7u qu\u1ea3 th\u1ea3i ra kh\u00f3i \u0111\u1ed9c (v\u00ed d\u1ee5: dioxin, furan) c\u00f3 li\u00ean quan \u0111\u1ebfn ung th\u01b0, c\u00e1c b\u1ec7nh v\u1ec1 \u0111\u01b0\u1eddng h\u00f4 h\u1ea5p v\u00e0 bi\u1ebfn \u0111\u1ed5i kh\u00ed h\u1eadu.<\/p>\n<ul>\n<li><b>Kh\u1ee7ng ho\u1ea3ng s\u1ee9c kh\u1ecfe c\u1ed9ng \u0111\u1ed3ng<\/b><\/li>\n<\/ul>\n<p>C\u00e1c c\u1ed9ng \u0111\u1ed3ng s\u1ed1ng g\u1ea7n c\u00e1c b\u00e3i r\u00e1c \u0111\u01b0\u1ee3c qu\u1ea3n l\u00fd k\u00e9m ph\u1ea3i \u0111\u1ed1i m\u1eb7t v\u1edbi t\u1ef7 l\u1ec7 nhi\u1ec5m tr\u00f9ng, b\u1ec7nh m\u00e3n t\u00ednh cao h\u01a1n v\u00e0 ch\u1ea5t l\u01b0\u1ee3ng cu\u1ed9c s\u1ed1ng gi\u1ea3m s\u00fat.<\/p>\n<p><strong>Th\u1ed1ng k\u00ea c\u1ee7a WHO<\/strong><\/p>\n<p>Theo WHO\/UNICEF, n\u0103m 2021, ch\u1ec9 c\u00f3 61% b\u1ec7nh vi\u1ec7n c\u00f3 d\u1ecbch v\u1ee5 x\u1eed l\u00fd ch\u1ea5t th\u1ea3i y t\u1ebf c\u01a1 b\u1ea3n. T\u00ecnh h\u00ecnh c\u00f2n t\u1ed3i t\u1ec7 h\u01a1n nhi\u1ec1u \u1edf nh\u1eefng khu v\u1ef1c d\u1ec5 b\u1ecb t\u1ed5n th\u01b0\u01a1ng, n\u01a1i m\u00e0 d\u1ef1a tr\u00ean d\u1eef li\u1ec7u n\u0103m 2023, ch\u1ec9 c\u00f3 25% c\u01a1 s\u1edf y t\u1ebf c\u00f3 d\u1ecbch v\u1ee5 qu\u1ea3n l\u00fd ch\u1ea5t th\u1ea3i y t\u1ebf c\u01a1 b\u1ea3n.<\/p>\n","protected":false},"excerpt":{"rendered":"<p>Ch\u1ea5t th\u1ea3i y t\u1ebf l\u00e0 g\u00ec? Ch\u1ea5t th\u1ea3i y t\u1ebf \u0111\u01b0\u1ee3c t\u1ea1o ra t\u1eeb c\u00e1c c\u01a1 s\u1edf ch\u0103m s\u00f3c s\u1ee9c kh\u1ecfe v\u00e0 ch\u1ee9a c\u00e1c vi sinh v\u1eadt c\u00f3 kh\u1ea3 n\u0103ng g\u00e2y h\u1ea1i, c\u00f3 th\u1ec3 l\u00e2y nhi\u1ec5m cho b\u1ec7nh nh\u00e2n, nh\u00e2n vi\u00ean y t\u1ebf v\u00e0 c\u1ed9ng \u0111\u1ed3ng. \u2014\u2014T\u1ed5 ch\u1ee9c Y t\u1ebf Th\u1ebf gi\u1edbi (WHO) C\u00e1c lo\u1ea1i [&hellip;]<\/p>\n","protected":false},"author":1,"featured_media":0,"parent":0,"menu_order":0,"comment_status":"closed","ping_status":"closed","template":"template-medical-wasteinci.php","meta":{"_acf_changed":false,"footnotes":""},"class_list":["post-8824","page","type-page","status-publish","hentry"],"acf":[],"yoast_head":"<!-- This site is optimized with the Yoast SEO Premium plugin v25.6 (Yoast SEO v26.7) - https:\/\/yoast.com\/wordpress\/plugins\/seo\/ -->\n<title>Ch\u1ea5t th\u1ea3i y t\u1ebf l\u00e0 g\u00ec? - GIENT - Medical waste treatment and disposal equipment<\/title>\n<meta name=\"robots\" content=\"noindex, follow, max-snippet:-1, max-image-preview:large, max-video-preview:-1\" \/>\n<meta property=\"og:locale\" content=\"en_US\" \/>\n<meta property=\"og:type\" content=\"article\" \/>\n<meta property=\"og:title\" content=\"Ch\u1ea5t th\u1ea3i y t\u1ebf l\u00e0 g\u00ec?\" \/>\n<meta property=\"og:description\" content=\"Ch\u1ea5t th\u1ea3i y t\u1ebf l\u00e0 g\u00ec? Ch\u1ea5t th\u1ea3i y t\u1ebf \u0111\u01b0\u1ee3c t\u1ea1o ra t\u1eeb c\u00e1c c\u01a1 s\u1edf ch\u0103m s\u00f3c s\u1ee9c kh\u1ecfe v\u00e0 ch\u1ee9a c\u00e1c vi sinh v\u1eadt c\u00f3 kh\u1ea3 n\u0103ng g\u00e2y h\u1ea1i, c\u00f3 th\u1ec3 l\u00e2y nhi\u1ec5m cho b\u1ec7nh nh\u00e2n, nh\u00e2n vi\u00ean y t\u1ebf v\u00e0 c\u1ed9ng \u0111\u1ed3ng. \u2014\u2014T\u1ed5 ch\u1ee9c Y t\u1ebf Th\u1ebf gi\u1edbi (WHO) C\u00e1c lo\u1ea1i [&hellip;]\" \/>\n<meta property=\"og:url\" content=\"https:\/\/skyhawksfusion.com\/gientnew\/vi\/chat-thai-y-te-la-gi\/\" \/>\n<meta property=\"og:site_name\" content=\"GIENT - Medical waste treatment and disposal equipment\" \/>\n<meta property=\"article:publisher\" content=\"https:\/\/www.facebook.com\/gient.net\/?fref=ts\" \/>\n<meta property=\"article:modified_time\" content=\"2025-12-11T09:01:11+00:00\" \/>\n<meta property=\"og:image\" content=\"https:\/\/www.gient.net\/wp-content\/uploads\/2025\/10\/medical-waste-scaled.jpg\" \/>\n<meta name=\"twitter:card\" content=\"summary_large_image\" \/>\n<meta name=\"twitter:site\" content=\"@GientNews\" \/>\n<meta name=\"twitter:label1\" content=\"Est. reading time\" \/>\n\t<meta name=\"twitter:data1\" content=\"5 minutes\" \/>\n<script type=\"application\/ld+json\" class=\"yoast-schema-graph\">{\"@context\":\"https:\/\/schema.org\",\"@graph\":[{\"@type\":\"WebPage\",\"@id\":\"https:\/\/skyhawksfusion.com\/gientnew\/vi\/chat-thai-y-te-la-gi\/\",\"url\":\"https:\/\/skyhawksfusion.com\/gientnew\/vi\/chat-thai-y-te-la-gi\/\",\"name\":\"Ch\u1ea5t th\u1ea3i y t\u1ebf l\u00e0 g\u00ec? - GIENT - Medical waste treatment and disposal equipment\",\"isPartOf\":{\"@id\":\"https:\/\/skyhawksfusion.com\/gientnew\/#website\"},\"primaryImageOfPage\":{\"@id\":\"https:\/\/skyhawksfusion.com\/gientnew\/vi\/chat-thai-y-te-la-gi\/#primaryimage\"},\"image\":{\"@id\":\"https:\/\/skyhawksfusion.com\/gientnew\/vi\/chat-thai-y-te-la-gi\/#primaryimage\"},\"thumbnailUrl\":\"https:\/\/www.gient.net\/wp-content\/uploads\/2025\/10\/medical-waste-scaled.jpg\",\"datePublished\":\"2025-12-11T07:55:59+00:00\",\"dateModified\":\"2025-12-11T09:01:11+00:00\",\"breadcrumb\":{\"@id\":\"https:\/\/skyhawksfusion.com\/gientnew\/vi\/chat-thai-y-te-la-gi\/#breadcrumb\"},\"inLanguage\":\"en-US\",\"potentialAction\":[{\"@type\":\"ReadAction\",\"target\":[\"https:\/\/skyhawksfusion.com\/gientnew\/vi\/chat-thai-y-te-la-gi\/\"]}]},{\"@type\":\"ImageObject\",\"inLanguage\":\"en-US\",\"@id\":\"https:\/\/skyhawksfusion.com\/gientnew\/vi\/chat-thai-y-te-la-gi\/#primaryimage\",\"url\":\"https:\/\/www.gient.net\/wp-content\/uploads\/2025\/10\/medical-waste-scaled.jpg\",\"contentUrl\":\"https:\/\/www.gient.net\/wp-content\/uploads\/2025\/10\/medical-waste-scaled.jpg\"},{\"@type\":\"BreadcrumbList\",\"@id\":\"https:\/\/skyhawksfusion.com\/gientnew\/vi\/chat-thai-y-te-la-gi\/#breadcrumb\",\"itemListElement\":[{\"@type\":\"ListItem\",\"position\":1,\"name\":\"Home\",\"item\":\"https:\/\/skyhawksfusion.com\/gientnew\/\"},{\"@type\":\"ListItem\",\"position\":2,\"name\":\"Ch\u1ea5t th\u1ea3i y t\u1ebf l\u00e0 g\u00ec?\"}]},{\"@type\":\"WebSite\",\"@id\":\"https:\/\/skyhawksfusion.com\/gientnew\/#website\",\"url\":\"https:\/\/skyhawksfusion.com\/gientnew\/\",\"name\":\"GIENT - Medical waste treatment and disposal equipment\",\"description\":\"medical waste treatment, medical waste disposal, medical waste autoclave\",\"potentialAction\":[{\"@type\":\"SearchAction\",\"target\":{\"@type\":\"EntryPoint\",\"urlTemplate\":\"https:\/\/skyhawksfusion.com\/gientnew\/?s={search_term_string}\"},\"query-input\":{\"@type\":\"PropertyValueSpecification\",\"valueRequired\":true,\"valueName\":\"search_term_string\"}}],\"inLanguage\":\"en-US\"}]}<\/script>\n<!-- \/ Yoast SEO Premium plugin. -->","yoast_head_json":{"title":"Ch\u1ea5t th\u1ea3i y t\u1ebf l\u00e0 g\u00ec? - GIENT - Medical waste treatment and disposal equipment","robots":{"index":"noindex","follow":"follow","max-snippet":"max-snippet:-1","max-image-preview":"max-image-preview:large","max-video-preview":"max-video-preview:-1"},"og_locale":"en_US","og_type":"article","og_title":"Ch\u1ea5t th\u1ea3i y t\u1ebf l\u00e0 g\u00ec?","og_description":"Ch\u1ea5t th\u1ea3i y t\u1ebf l\u00e0 g\u00ec? Ch\u1ea5t th\u1ea3i y t\u1ebf \u0111\u01b0\u1ee3c t\u1ea1o ra t\u1eeb c\u00e1c c\u01a1 s\u1edf ch\u0103m s\u00f3c s\u1ee9c kh\u1ecfe v\u00e0 ch\u1ee9a c\u00e1c vi sinh v\u1eadt c\u00f3 kh\u1ea3 n\u0103ng g\u00e2y h\u1ea1i, c\u00f3 th\u1ec3 l\u00e2y nhi\u1ec5m cho b\u1ec7nh nh\u00e2n, nh\u00e2n vi\u00ean y t\u1ebf v\u00e0 c\u1ed9ng \u0111\u1ed3ng. \u2014\u2014T\u1ed5 ch\u1ee9c Y t\u1ebf Th\u1ebf gi\u1edbi (WHO) C\u00e1c lo\u1ea1i [&hellip;]","og_url":"https:\/\/skyhawksfusion.com\/gientnew\/vi\/chat-thai-y-te-la-gi\/","og_site_name":"GIENT - Medical waste treatment and disposal equipment","article_publisher":"https:\/\/www.facebook.com\/gient.net\/?fref=ts","article_modified_time":"2025-12-11T09:01:11+00:00","og_image":[{"url":"https:\/\/www.gient.net\/wp-content\/uploads\/2025\/10\/medical-waste-scaled.jpg","type":"","width":"","height":""}],"twitter_card":"summary_large_image","twitter_site":"@GientNews","twitter_misc":{"Est. reading time":"5 minutes"},"schema":{"@context":"https:\/\/schema.org","@graph":[{"@type":"WebPage","@id":"https:\/\/skyhawksfusion.com\/gientnew\/vi\/chat-thai-y-te-la-gi\/","url":"https:\/\/skyhawksfusion.com\/gientnew\/vi\/chat-thai-y-te-la-gi\/","name":"Ch\u1ea5t th\u1ea3i y t\u1ebf l\u00e0 g\u00ec? - GIENT - Medical waste treatment and disposal equipment","isPartOf":{"@id":"https:\/\/skyhawksfusion.com\/gientnew\/#website"},"primaryImageOfPage":{"@id":"https:\/\/skyhawksfusion.com\/gientnew\/vi\/chat-thai-y-te-la-gi\/#primaryimage"},"image":{"@id":"https:\/\/skyhawksfusion.com\/gientnew\/vi\/chat-thai-y-te-la-gi\/#primaryimage"},"thumbnailUrl":"https:\/\/www.gient.net\/wp-content\/uploads\/2025\/10\/medical-waste-scaled.jpg","datePublished":"2025-12-11T07:55:59+00:00","dateModified":"2025-12-11T09:01:11+00:00","breadcrumb":{"@id":"https:\/\/skyhawksfusion.com\/gientnew\/vi\/chat-thai-y-te-la-gi\/#breadcrumb"},"inLanguage":"en-US","potentialAction":[{"@type":"ReadAction","target":["https:\/\/skyhawksfusion.com\/gientnew\/vi\/chat-thai-y-te-la-gi\/"]}]},{"@type":"ImageObject","inLanguage":"en-US","@id":"https:\/\/skyhawksfusion.com\/gientnew\/vi\/chat-thai-y-te-la-gi\/#primaryimage","url":"https:\/\/www.gient.net\/wp-content\/uploads\/2025\/10\/medical-waste-scaled.jpg","contentUrl":"https:\/\/www.gient.net\/wp-content\/uploads\/2025\/10\/medical-waste-scaled.jpg"},{"@type":"BreadcrumbList","@id":"https:\/\/skyhawksfusion.com\/gientnew\/vi\/chat-thai-y-te-la-gi\/#breadcrumb","itemListElement":[{"@type":"ListItem","position":1,"name":"Home","item":"https:\/\/skyhawksfusion.com\/gientnew\/"},{"@type":"ListItem","position":2,"name":"Ch\u1ea5t th\u1ea3i y t\u1ebf l\u00e0 g\u00ec?"}]},{"@type":"WebSite","@id":"https:\/\/skyhawksfusion.com\/gientnew\/#website","url":"https:\/\/skyhawksfusion.com\/gientnew\/","name":"GIENT - Medical waste treatment and disposal equipment","description":"medical waste treatment, medical waste disposal, medical waste autoclave","potentialAction":[{"@type":"SearchAction","target":{"@type":"EntryPoint","urlTemplate":"https:\/\/skyhawksfusion.com\/gientnew\/?s={search_term_string}"},"query-input":{"@type":"PropertyValueSpecification","valueRequired":true,"valueName":"search_term_string"}}],"inLanguage":"en-US"}]}},"_links":{"self":[{"href":"https:\/\/skyhawksfusion.com\/gientnew\/wp-json\/wp\/v2\/pages\/8824","targetHints":{"allow":["GET"]}}],"collection":[{"href":"https:\/\/skyhawksfusion.com\/gientnew\/wp-json\/wp\/v2\/pages"}],"about":[{"href":"https:\/\/skyhawksfusion.com\/gientnew\/wp-json\/wp\/v2\/types\/page"}],"author":[{"embeddable":true,"href":"https:\/\/skyhawksfusion.com\/gientnew\/wp-json\/wp\/v2\/users\/1"}],"replies":[{"embeddable":true,"href":"https:\/\/skyhawksfusion.com\/gientnew\/wp-json\/wp\/v2\/comments?post=8824"}],"version-history":[{"count":1,"href":"https:\/\/skyhawksfusion.com\/gientnew\/wp-json\/wp\/v2\/pages\/8824\/revisions"}],"predecessor-version":[{"id":8825,"href":"https:\/\/skyhawksfusion.com\/gientnew\/wp-json\/wp\/v2\/pages\/8824\/revisions\/8825"}],"wp:attachment":[{"href":"https:\/\/skyhawksfusion.com\/gientnew\/wp-json\/wp\/v2\/media?parent=8824"}],"curies":[{"name":"wp","href":"https:\/\/api.w.org\/{rel}","templated":true}]}}