{"id":8816,"date":"2025-12-11T07:53:19","date_gmt":"2025-12-11T07:53:19","guid":{"rendered":"https:\/\/skyhawksfusion.com\/gientnew\/?page_id=8816"},"modified":"2025-12-11T09:00:27","modified_gmt":"2025-12-11T09:00:27","slug":"que-son-los-residuos-medicos-2","status":"publish","type":"page","link":"https:\/\/skyhawksfusion.com\/gientnew\/es\/que-son-los-residuos-medicos-2\/","title":{"rendered":"\u00bfQu\u00e9 son los residuos m\u00e9dicos?"},"content":{"rendered":"<p><img decoding=\"async\" class=\"w-100\" src=\"https:\/\/www.gient.net\/wp-content\/uploads\/2025\/10\/medical-waste-scaled.jpg\" \/><\/p>\n<h2 class=\"h-custom-headline cs-ta-left h2\">\u00bfQu\u00e9 son los residuos m\u00e9dicos?<\/h2>\n<p>Los residuos m\u00e9dicos se generan en los centros de atenci\u00f3n m\u00e9dica y contienen microorganismos potencialmente da\u00f1inos que pueden infectar a los pacientes, al personal sanitario y al p\u00fablico en general.<\/p>\n<p>\u2014Organizaci\u00f3n Mundial de la Salud (OMS)<\/p>\n<p><strong><b>Tipos de residuos m\u00e9dicos<\/b><\/strong><\/p>\n<p><strong><b>Residuos infecciosos:<\/b><\/strong> residuos que se sabe o se sospecha que contienen pat\u00f3genos y que representan un riesgo de transmisi\u00f3n de enfermedades, por ejemplo, residuos y aguas residuales contaminadas con sangre y otros fluidos corporales, incluidos residuos altamente infecciosos como cultivos de laboratorio y cepas microbiol\u00f3gicas; y residuos que incluyen excrementos y otros materiales que han estado en contacto con pacientes infectados con enfermedades altamente infecciosas en salas de aislamiento.<\/p>\n<p><strong><b>Objetos punzocortantes:<\/b><\/strong> objetos punzocortantes usados \u200b\u200bo sin usar, por ejemplo, agujas hipod\u00e9rmicas, intravenosas u otras; jeringas de autodesactivaci\u00f3n; jeringas con agujas incorporadas; equipos de infusi\u00f3n; bistur\u00edes; pipetas; cuchillos; hojas; vidrio roto; Residuos patol\u00f3gicos: tejidos, \u00f3rganos o fluidos humanos, partes del cuerpo, fetos, productos sangu\u00edneos no utilizados y cad\u00e1veres de animales contaminados;<\/p>\n<p><strong><b>Residuos qu\u00edmicos:<\/b><\/strong> disolventes y reactivos, desinfectantes, esterilizantes, etc.<\/p>\n<p><strong><b>Residuos farmac\u00e9uticos:<\/b><\/strong> productos farmac\u00e9uticos caducados o que ya no se necesitan; art\u00edculos contaminados por productos farmac\u00e9uticos o que los contienen. Residuos citot\u00f3xicos que contienen sustancias con propiedades genot\u00f3xicas, por ejemplo, residuos que contienen f\u00e1rmacos citost\u00e1ticos (que se utilizan a menudo en la terapia contra el c\u00e1ncer); productos qu\u00edmicos genot\u00f3xicos.<\/p>\n<p><strong><b>Peligros de los residuos m\u00e9dicos<\/b><\/strong><\/p>\n<ul>\n<li><b><\/b><strong><b>Riesgos de infecci\u00f3n<\/b><\/strong><\/li>\n<\/ul>\n<p>Transmisi\u00f3n de pat\u00f3genos: La manipulaci\u00f3n inadecuada puede provocar pinchazos con agujas o contacto directo, lo que representa graves riesgos para la salud del personal sanitario, los manipuladores de residuos y el p\u00fablico en general.<\/p>\n<p>Propagaci\u00f3n de epidemias: Durante los brotes (por ejemplo, COVID-19, \u00c9bola), la gesti\u00f3n inadecuada de los residuos m\u00e9dicos puede amplificar la transmisi\u00f3n de enfermedades en las comunidades.<\/p>\n<ul>\n<li><b>Contaminaci\u00f3n ambiental<\/b><\/li>\n<\/ul>\n<p>Contaminaci\u00f3n del suelo y del agua: Los productos qu\u00edmicos y farmac\u00e9uticos que se filtran en el suelo y las aguas subterr\u00e1neas alteran los ecosistemas y entran en la cadena alimentaria.<\/p>\n<p>Contaminaci\u00f3n del aire: La quema al aire libre o la incineraci\u00f3n ineficiente liberan humos t\u00f3xicos (por ejemplo, dioxinas y furanos) relacionados con el c\u00e1ncer, las enfermedades respiratorias y el cambio clim\u00e1tico.<\/p>\n<ul>\n<li><b>Crisis de salud p\u00fablica<\/b><\/li>\n<\/ul>\n<p>Las comunidades cercanas a vertederos mal gestionados presentan mayores tasas de infecciones, enfermedades cr\u00f3nicas y una menor calidad de vida.<\/p>\n<p><b>Estad\u00edsticas de la OMS<\/b><\/p>\n<p>Seg\u00fan la OMS\/UNICEF, en 2021, solo el 61% de los hospitales contaban con servicios b\u00e1sicos de gesti\u00f3n de residuos sanitarios. La situaci\u00f3n es mucho peor en contextos vulnerables, donde, seg\u00fan datos de 2023, solo el 25% de los centros de salud dispon\u00edan de servicios b\u00e1sicos de gesti\u00f3n de residuos sanitarios.<\/p>\n","protected":false},"excerpt":{"rendered":"<p>\u00bfQu\u00e9 son los residuos m\u00e9dicos? Los residuos m\u00e9dicos se generan en los centros de atenci\u00f3n m\u00e9dica y contienen microorganismos potencialmente da\u00f1inos que pueden infectar a los pacientes, al personal sanitario y al p\u00fablico en general. \u2014Organizaci\u00f3n Mundial de la Salud (OMS) Tipos de residuos m\u00e9dicos Residuos infecciosos: residuos que se sabe o se sospecha que [&hellip;]<\/p>\n","protected":false},"author":1,"featured_media":0,"parent":0,"menu_order":0,"comment_status":"closed","ping_status":"closed","template":"template-medical-wasteinci.php","meta":{"_acf_changed":false,"footnotes":""},"class_list":["post-8816","page","type-page","status-publish","hentry"],"acf":[],"yoast_head":"<!-- This site is optimized with the Yoast SEO Premium plugin v25.6 (Yoast SEO v26.7) - https:\/\/yoast.com\/wordpress\/plugins\/seo\/ -->\n<title>\u00bfQu\u00e9 son los residuos m\u00e9dicos? - GIENT - Medical waste treatment and disposal equipment<\/title>\n<meta name=\"robots\" content=\"noindex, follow, max-snippet:-1, max-image-preview:large, max-video-preview:-1\" \/>\n<meta property=\"og:locale\" content=\"en_US\" \/>\n<meta property=\"og:type\" content=\"article\" \/>\n<meta property=\"og:title\" content=\"\u00bfQu\u00e9 son los residuos m\u00e9dicos?\" \/>\n<meta property=\"og:description\" content=\"\u00bfQu\u00e9 son los residuos m\u00e9dicos? Los residuos m\u00e9dicos se generan en los centros de atenci\u00f3n m\u00e9dica y contienen microorganismos potencialmente da\u00f1inos que pueden infectar a los pacientes, al personal sanitario y al p\u00fablico en general. \u2014Organizaci\u00f3n Mundial de la Salud (OMS) Tipos de residuos m\u00e9dicos Residuos infecciosos: residuos que se sabe o se sospecha que [&hellip;]\" \/>\n<meta property=\"og:url\" content=\"https:\/\/skyhawksfusion.com\/gientnew\/es\/que-son-los-residuos-medicos-2\/\" \/>\n<meta property=\"og:site_name\" content=\"GIENT - Medical waste treatment and disposal equipment\" \/>\n<meta property=\"article:publisher\" content=\"https:\/\/www.facebook.com\/gient.net\/?fref=ts\" \/>\n<meta property=\"article:modified_time\" content=\"2025-12-11T09:00:27+00:00\" \/>\n<meta property=\"og:image\" content=\"https:\/\/www.gient.net\/wp-content\/uploads\/2025\/10\/medical-waste-scaled.jpg\" \/>\n<meta name=\"twitter:card\" content=\"summary_large_image\" \/>\n<meta name=\"twitter:site\" content=\"@GientNews\" \/>\n<meta name=\"twitter:label1\" content=\"Est. reading time\" \/>\n\t<meta name=\"twitter:data1\" content=\"2 minutes\" \/>\n<script type=\"application\/ld+json\" class=\"yoast-schema-graph\">{\"@context\":\"https:\/\/schema.org\",\"@graph\":[{\"@type\":\"WebPage\",\"@id\":\"https:\/\/skyhawksfusion.com\/gientnew\/es\/que-son-los-residuos-medicos-2\/\",\"url\":\"https:\/\/skyhawksfusion.com\/gientnew\/es\/que-son-los-residuos-medicos-2\/\",\"name\":\"\u00bfQu\u00e9 son los residuos m\u00e9dicos? - GIENT - Medical waste treatment and disposal equipment\",\"isPartOf\":{\"@id\":\"https:\/\/skyhawksfusion.com\/gientnew\/#website\"},\"primaryImageOfPage\":{\"@id\":\"https:\/\/skyhawksfusion.com\/gientnew\/es\/que-son-los-residuos-medicos-2\/#primaryimage\"},\"image\":{\"@id\":\"https:\/\/skyhawksfusion.com\/gientnew\/es\/que-son-los-residuos-medicos-2\/#primaryimage\"},\"thumbnailUrl\":\"https:\/\/www.gient.net\/wp-content\/uploads\/2025\/10\/medical-waste-scaled.jpg\",\"datePublished\":\"2025-12-11T07:53:19+00:00\",\"dateModified\":\"2025-12-11T09:00:27+00:00\",\"breadcrumb\":{\"@id\":\"https:\/\/skyhawksfusion.com\/gientnew\/es\/que-son-los-residuos-medicos-2\/#breadcrumb\"},\"inLanguage\":\"en-US\",\"potentialAction\":[{\"@type\":\"ReadAction\",\"target\":[\"https:\/\/skyhawksfusion.com\/gientnew\/es\/que-son-los-residuos-medicos-2\/\"]}]},{\"@type\":\"ImageObject\",\"inLanguage\":\"en-US\",\"@id\":\"https:\/\/skyhawksfusion.com\/gientnew\/es\/que-son-los-residuos-medicos-2\/#primaryimage\",\"url\":\"https:\/\/www.gient.net\/wp-content\/uploads\/2025\/10\/medical-waste-scaled.jpg\",\"contentUrl\":\"https:\/\/www.gient.net\/wp-content\/uploads\/2025\/10\/medical-waste-scaled.jpg\"},{\"@type\":\"BreadcrumbList\",\"@id\":\"https:\/\/skyhawksfusion.com\/gientnew\/es\/que-son-los-residuos-medicos-2\/#breadcrumb\",\"itemListElement\":[{\"@type\":\"ListItem\",\"position\":1,\"name\":\"Home\",\"item\":\"https:\/\/skyhawksfusion.com\/gientnew\/\"},{\"@type\":\"ListItem\",\"position\":2,\"name\":\"\u00bfQu\u00e9 son los residuos m\u00e9dicos?\"}]},{\"@type\":\"WebSite\",\"@id\":\"https:\/\/skyhawksfusion.com\/gientnew\/#website\",\"url\":\"https:\/\/skyhawksfusion.com\/gientnew\/\",\"name\":\"GIENT - Medical waste treatment and disposal equipment\",\"description\":\"medical waste treatment, medical waste disposal, medical waste autoclave\",\"potentialAction\":[{\"@type\":\"SearchAction\",\"target\":{\"@type\":\"EntryPoint\",\"urlTemplate\":\"https:\/\/skyhawksfusion.com\/gientnew\/?s={search_term_string}\"},\"query-input\":{\"@type\":\"PropertyValueSpecification\",\"valueRequired\":true,\"valueName\":\"search_term_string\"}}],\"inLanguage\":\"en-US\"}]}<\/script>\n<!-- \/ Yoast SEO Premium plugin. -->","yoast_head_json":{"title":"\u00bfQu\u00e9 son los residuos m\u00e9dicos? - GIENT - Medical waste treatment and disposal equipment","robots":{"index":"noindex","follow":"follow","max-snippet":"max-snippet:-1","max-image-preview":"max-image-preview:large","max-video-preview":"max-video-preview:-1"},"og_locale":"en_US","og_type":"article","og_title":"\u00bfQu\u00e9 son los residuos m\u00e9dicos?","og_description":"\u00bfQu\u00e9 son los residuos m\u00e9dicos? Los residuos m\u00e9dicos se generan en los centros de atenci\u00f3n m\u00e9dica y contienen microorganismos potencialmente da\u00f1inos que pueden infectar a los pacientes, al personal sanitario y al p\u00fablico en general. \u2014Organizaci\u00f3n Mundial de la Salud (OMS) Tipos de residuos m\u00e9dicos Residuos infecciosos: residuos que se sabe o se sospecha que [&hellip;]","og_url":"https:\/\/skyhawksfusion.com\/gientnew\/es\/que-son-los-residuos-medicos-2\/","og_site_name":"GIENT - Medical waste treatment and disposal equipment","article_publisher":"https:\/\/www.facebook.com\/gient.net\/?fref=ts","article_modified_time":"2025-12-11T09:00:27+00:00","og_image":[{"url":"https:\/\/www.gient.net\/wp-content\/uploads\/2025\/10\/medical-waste-scaled.jpg","type":"","width":"","height":""}],"twitter_card":"summary_large_image","twitter_site":"@GientNews","twitter_misc":{"Est. reading time":"2 minutes"},"schema":{"@context":"https:\/\/schema.org","@graph":[{"@type":"WebPage","@id":"https:\/\/skyhawksfusion.com\/gientnew\/es\/que-son-los-residuos-medicos-2\/","url":"https:\/\/skyhawksfusion.com\/gientnew\/es\/que-son-los-residuos-medicos-2\/","name":"\u00bfQu\u00e9 son los residuos m\u00e9dicos? - GIENT - Medical waste treatment and disposal equipment","isPartOf":{"@id":"https:\/\/skyhawksfusion.com\/gientnew\/#website"},"primaryImageOfPage":{"@id":"https:\/\/skyhawksfusion.com\/gientnew\/es\/que-son-los-residuos-medicos-2\/#primaryimage"},"image":{"@id":"https:\/\/skyhawksfusion.com\/gientnew\/es\/que-son-los-residuos-medicos-2\/#primaryimage"},"thumbnailUrl":"https:\/\/www.gient.net\/wp-content\/uploads\/2025\/10\/medical-waste-scaled.jpg","datePublished":"2025-12-11T07:53:19+00:00","dateModified":"2025-12-11T09:00:27+00:00","breadcrumb":{"@id":"https:\/\/skyhawksfusion.com\/gientnew\/es\/que-son-los-residuos-medicos-2\/#breadcrumb"},"inLanguage":"en-US","potentialAction":[{"@type":"ReadAction","target":["https:\/\/skyhawksfusion.com\/gientnew\/es\/que-son-los-residuos-medicos-2\/"]}]},{"@type":"ImageObject","inLanguage":"en-US","@id":"https:\/\/skyhawksfusion.com\/gientnew\/es\/que-son-los-residuos-medicos-2\/#primaryimage","url":"https:\/\/www.gient.net\/wp-content\/uploads\/2025\/10\/medical-waste-scaled.jpg","contentUrl":"https:\/\/www.gient.net\/wp-content\/uploads\/2025\/10\/medical-waste-scaled.jpg"},{"@type":"BreadcrumbList","@id":"https:\/\/skyhawksfusion.com\/gientnew\/es\/que-son-los-residuos-medicos-2\/#breadcrumb","itemListElement":[{"@type":"ListItem","position":1,"name":"Home","item":"https:\/\/skyhawksfusion.com\/gientnew\/"},{"@type":"ListItem","position":2,"name":"\u00bfQu\u00e9 son los residuos m\u00e9dicos?"}]},{"@type":"WebSite","@id":"https:\/\/skyhawksfusion.com\/gientnew\/#website","url":"https:\/\/skyhawksfusion.com\/gientnew\/","name":"GIENT - Medical waste treatment and disposal equipment","description":"medical waste treatment, medical waste disposal, medical waste autoclave","potentialAction":[{"@type":"SearchAction","target":{"@type":"EntryPoint","urlTemplate":"https:\/\/skyhawksfusion.com\/gientnew\/?s={search_term_string}"},"query-input":{"@type":"PropertyValueSpecification","valueRequired":true,"valueName":"search_term_string"}}],"inLanguage":"en-US"}]}},"_links":{"self":[{"href":"https:\/\/skyhawksfusion.com\/gientnew\/wp-json\/wp\/v2\/pages\/8816","targetHints":{"allow":["GET"]}}],"collection":[{"href":"https:\/\/skyhawksfusion.com\/gientnew\/wp-json\/wp\/v2\/pages"}],"about":[{"href":"https:\/\/skyhawksfusion.com\/gientnew\/wp-json\/wp\/v2\/types\/page"}],"author":[{"embeddable":true,"href":"https:\/\/skyhawksfusion.com\/gientnew\/wp-json\/wp\/v2\/users\/1"}],"replies":[{"embeddable":true,"href":"https:\/\/skyhawksfusion.com\/gientnew\/wp-json\/wp\/v2\/comments?post=8816"}],"version-history":[{"count":1,"href":"https:\/\/skyhawksfusion.com\/gientnew\/wp-json\/wp\/v2\/pages\/8816\/revisions"}],"predecessor-version":[{"id":8817,"href":"https:\/\/skyhawksfusion.com\/gientnew\/wp-json\/wp\/v2\/pages\/8816\/revisions\/8817"}],"wp:attachment":[{"href":"https:\/\/skyhawksfusion.com\/gientnew\/wp-json\/wp\/v2\/media?parent=8816"}],"curies":[{"name":"wp","href":"https:\/\/api.w.org\/{rel}","templated":true}]}}