{"id":6915,"date":"2023-10-20T18:36:55","date_gmt":"2023-10-20T18:36:55","guid":{"rendered":"https:\/\/skyhawksfusion.com\/gientnew\/?page_id=6915"},"modified":"2025-12-10T17:10:04","modified_gmt":"2025-12-10T17:10:04","slug":"adfahe-thong-xu-ly-magnagas-mpi-series","status":"publish","type":"page","link":"https:\/\/skyhawksfusion.com\/gientnew\/vi\/adfahe-thong-xu-ly-magnagas-mpi-series\/","title":{"rendered":"H\u1ec6 TH\u1ed0NG X\u1eec L\u00dd MAGNAGAS \u2013 MPI SERIES"},"content":{"rendered":"","protected":false},"excerpt":{"rendered":"","protected":false},"author":1,"featured_media":0,"parent":0,"menu_order":0,"comment_status":"closed","ping_status":"closed","template":"template-product-detail.php","meta":{"_acf_changed":false,"footnotes":""},"class_list":["post-6915","page","type-page","status-publish","hentry"],"acf":[],"yoast_head":"<!-- This site is optimized with the Yoast SEO Premium plugin v25.6 (Yoast SEO v26.7) - https:\/\/yoast.com\/wordpress\/plugins\/seo\/ -->\n<title>H\u1ec7 th\u1ed1ng \u0111\u1ed1t v\u00e0 nhi\u1ec7t ph\u00e2n ch\u1ea5t th\u1ea3i y t\u1ebf thay th\u1ebf m\u1edbi nh\u1ea5t<\/title>\n<meta name=\"description\" content=\"Thay th\u1ebf cho c\u00f4ng ngh\u1ec7 \u0111\u1ed1t v\u00e0 nhi\u1ec7t ph\u00e2n truy\u1ec1n th\u1ed1ng, Gient \u0111\u00e3 ph\u00e1t tri\u1ec3n h\u1ec7 th\u1ed1ng kh\u00ed h\u00f3a ch\u1ea5t th\u1ea3i y t\u1ebf mang t\u00ednh c\u00e1ch m\u1ea1ng v\u1edbi \u0111\u1ed1i t\u00e1c qu\u1ed1c t\u1ebf.\" \/>\n<meta name=\"robots\" content=\"noindex, follow, max-snippet:-1, max-image-preview:large, max-video-preview:-1\" \/>\n<meta property=\"og:locale\" content=\"en_US\" \/>\n<meta property=\"og:type\" content=\"article\" \/>\n<meta property=\"og:title\" content=\"H\u1ec6 TH\u1ed0NG X\u1eec L\u00dd MAGNAGAS \u2013 MPI SERIES\" \/>\n<meta property=\"og:description\" content=\"Thay th\u1ebf cho c\u00f4ng ngh\u1ec7 \u0111\u1ed1t v\u00e0 nhi\u1ec7t ph\u00e2n truy\u1ec1n th\u1ed1ng, Gient \u0111\u00e3 ph\u00e1t tri\u1ec3n h\u1ec7 th\u1ed1ng kh\u00ed h\u00f3a ch\u1ea5t th\u1ea3i y t\u1ebf mang t\u00ednh c\u00e1ch m\u1ea1ng v\u1edbi \u0111\u1ed1i t\u00e1c qu\u1ed1c t\u1ebf.\" \/>\n<meta property=\"og:url\" content=\"https:\/\/skyhawksfusion.com\/gientnew\/vi\/adfahe-thong-xu-ly-magnagas-mpi-series\/\" \/>\n<meta property=\"og:site_name\" content=\"GIENT - Medical waste treatment and disposal equipment\" \/>\n<meta property=\"article:publisher\" content=\"https:\/\/www.facebook.com\/gient.net\/?fref=ts\" \/>\n<meta property=\"article:modified_time\" content=\"2025-12-10T17:10:04+00:00\" \/>\n<meta name=\"twitter:card\" content=\"summary_large_image\" \/>\n<meta name=\"twitter:site\" content=\"@GientNews\" \/>\n<meta name=\"twitter:label1\" content=\"Est. reading time\" \/>\n\t<meta name=\"twitter:data1\" content=\"3 minutes\" \/>\n<script type=\"application\/ld+json\" class=\"yoast-schema-graph\">{\"@context\":\"https:\/\/schema.org\",\"@graph\":[{\"@type\":\"WebPage\",\"@id\":\"https:\/\/skyhawksfusion.com\/gientnew\/vi\/adfahe-thong-xu-ly-magnagas-mpi-series\/\",\"url\":\"https:\/\/skyhawksfusion.com\/gientnew\/vi\/adfahe-thong-xu-ly-magnagas-mpi-series\/\",\"name\":\"H\u1ec7 th\u1ed1ng \u0111\u1ed1t v\u00e0 nhi\u1ec7t ph\u00e2n ch\u1ea5t th\u1ea3i y t\u1ebf thay th\u1ebf m\u1edbi nh\u1ea5t\",\"isPartOf\":{\"@id\":\"https:\/\/skyhawksfusion.com\/gientnew\/#website\"},\"datePublished\":\"2023-10-20T18:36:55+00:00\",\"dateModified\":\"2025-12-10T17:10:04+00:00\",\"description\":\"Thay th\u1ebf cho c\u00f4ng ngh\u1ec7 \u0111\u1ed1t v\u00e0 nhi\u1ec7t ph\u00e2n truy\u1ec1n th\u1ed1ng, Gient \u0111\u00e3 ph\u00e1t tri\u1ec3n h\u1ec7 th\u1ed1ng kh\u00ed h\u00f3a ch\u1ea5t th\u1ea3i y t\u1ebf mang t\u00ednh c\u00e1ch m\u1ea1ng v\u1edbi \u0111\u1ed1i t\u00e1c qu\u1ed1c t\u1ebf.\",\"breadcrumb\":{\"@id\":\"https:\/\/skyhawksfusion.com\/gientnew\/vi\/adfahe-thong-xu-ly-magnagas-mpi-series\/#breadcrumb\"},\"inLanguage\":\"en-US\",\"potentialAction\":[{\"@type\":\"ReadAction\",\"target\":[\"https:\/\/skyhawksfusion.com\/gientnew\/vi\/adfahe-thong-xu-ly-magnagas-mpi-series\/\"]}]},{\"@type\":\"BreadcrumbList\",\"@id\":\"https:\/\/skyhawksfusion.com\/gientnew\/vi\/adfahe-thong-xu-ly-magnagas-mpi-series\/#breadcrumb\",\"itemListElement\":[{\"@type\":\"ListItem\",\"position\":1,\"name\":\"Home\",\"item\":\"https:\/\/skyhawksfusion.com\/gientnew\/\"},{\"@type\":\"ListItem\",\"position\":2,\"name\":\"H\u1ec6 TH\u1ed0NG X\u1eec L\u00dd MAGNAGAS \u2013 MPI SERIES\"}]},{\"@type\":\"WebSite\",\"@id\":\"https:\/\/skyhawksfusion.com\/gientnew\/#website\",\"url\":\"https:\/\/skyhawksfusion.com\/gientnew\/\",\"name\":\"GIENT - Medical waste treatment and disposal equipment\",\"description\":\"medical waste treatment, medical waste disposal, medical waste autoclave\",\"potentialAction\":[{\"@type\":\"SearchAction\",\"target\":{\"@type\":\"EntryPoint\",\"urlTemplate\":\"https:\/\/skyhawksfusion.com\/gientnew\/?s={search_term_string}\"},\"query-input\":{\"@type\":\"PropertyValueSpecification\",\"valueRequired\":true,\"valueName\":\"search_term_string\"}}],\"inLanguage\":\"en-US\"}]}<\/script>\n<!-- \/ Yoast SEO Premium plugin. -->","yoast_head_json":{"title":"H\u1ec7 th\u1ed1ng \u0111\u1ed1t v\u00e0 nhi\u1ec7t ph\u00e2n ch\u1ea5t th\u1ea3i y t\u1ebf thay th\u1ebf m\u1edbi nh\u1ea5t","description":"Thay th\u1ebf cho c\u00f4ng ngh\u1ec7 \u0111\u1ed1t v\u00e0 nhi\u1ec7t ph\u00e2n truy\u1ec1n th\u1ed1ng, Gient \u0111\u00e3 ph\u00e1t tri\u1ec3n h\u1ec7 th\u1ed1ng kh\u00ed h\u00f3a ch\u1ea5t th\u1ea3i y t\u1ebf mang t\u00ednh c\u00e1ch m\u1ea1ng v\u1edbi \u0111\u1ed1i t\u00e1c qu\u1ed1c t\u1ebf.","robots":{"index":"noindex","follow":"follow","max-snippet":"max-snippet:-1","max-image-preview":"max-image-preview:large","max-video-preview":"max-video-preview:-1"},"og_locale":"en_US","og_type":"article","og_title":"H\u1ec6 TH\u1ed0NG X\u1eec L\u00dd MAGNAGAS \u2013 MPI SERIES","og_description":"Thay th\u1ebf cho c\u00f4ng ngh\u1ec7 \u0111\u1ed1t v\u00e0 nhi\u1ec7t ph\u00e2n truy\u1ec1n th\u1ed1ng, Gient \u0111\u00e3 ph\u00e1t tri\u1ec3n h\u1ec7 th\u1ed1ng kh\u00ed h\u00f3a ch\u1ea5t th\u1ea3i y t\u1ebf mang t\u00ednh c\u00e1ch m\u1ea1ng v\u1edbi \u0111\u1ed1i t\u00e1c qu\u1ed1c t\u1ebf.","og_url":"https:\/\/skyhawksfusion.com\/gientnew\/vi\/adfahe-thong-xu-ly-magnagas-mpi-series\/","og_site_name":"GIENT - Medical waste treatment and disposal equipment","article_publisher":"https:\/\/www.facebook.com\/gient.net\/?fref=ts","article_modified_time":"2025-12-10T17:10:04+00:00","twitter_card":"summary_large_image","twitter_site":"@GientNews","twitter_misc":{"Est. reading time":"3 minutes"},"schema":{"@context":"https:\/\/schema.org","@graph":[{"@type":"WebPage","@id":"https:\/\/skyhawksfusion.com\/gientnew\/vi\/adfahe-thong-xu-ly-magnagas-mpi-series\/","url":"https:\/\/skyhawksfusion.com\/gientnew\/vi\/adfahe-thong-xu-ly-magnagas-mpi-series\/","name":"H\u1ec7 th\u1ed1ng \u0111\u1ed1t v\u00e0 nhi\u1ec7t ph\u00e2n ch\u1ea5t th\u1ea3i y t\u1ebf thay th\u1ebf m\u1edbi nh\u1ea5t","isPartOf":{"@id":"https:\/\/skyhawksfusion.com\/gientnew\/#website"},"datePublished":"2023-10-20T18:36:55+00:00","dateModified":"2025-12-10T17:10:04+00:00","description":"Thay th\u1ebf cho c\u00f4ng ngh\u1ec7 \u0111\u1ed1t v\u00e0 nhi\u1ec7t ph\u00e2n truy\u1ec1n th\u1ed1ng, Gient \u0111\u00e3 ph\u00e1t tri\u1ec3n h\u1ec7 th\u1ed1ng kh\u00ed h\u00f3a ch\u1ea5t th\u1ea3i y t\u1ebf mang t\u00ednh c\u00e1ch m\u1ea1ng v\u1edbi \u0111\u1ed1i t\u00e1c qu\u1ed1c t\u1ebf.","breadcrumb":{"@id":"https:\/\/skyhawksfusion.com\/gientnew\/vi\/adfahe-thong-xu-ly-magnagas-mpi-series\/#breadcrumb"},"inLanguage":"en-US","potentialAction":[{"@type":"ReadAction","target":["https:\/\/skyhawksfusion.com\/gientnew\/vi\/adfahe-thong-xu-ly-magnagas-mpi-series\/"]}]},{"@type":"BreadcrumbList","@id":"https:\/\/skyhawksfusion.com\/gientnew\/vi\/adfahe-thong-xu-ly-magnagas-mpi-series\/#breadcrumb","itemListElement":[{"@type":"ListItem","position":1,"name":"Home","item":"https:\/\/skyhawksfusion.com\/gientnew\/"},{"@type":"ListItem","position":2,"name":"H\u1ec6 TH\u1ed0NG X\u1eec L\u00dd MAGNAGAS \u2013 MPI SERIES"}]},{"@type":"WebSite","@id":"https:\/\/skyhawksfusion.com\/gientnew\/#website","url":"https:\/\/skyhawksfusion.com\/gientnew\/","name":"GIENT - Medical waste treatment and disposal equipment","description":"medical waste treatment, medical waste disposal, medical waste autoclave","potentialAction":[{"@type":"SearchAction","target":{"@type":"EntryPoint","urlTemplate":"https:\/\/skyhawksfusion.com\/gientnew\/?s={search_term_string}"},"query-input":{"@type":"PropertyValueSpecification","valueRequired":true,"valueName":"search_term_string"}}],"inLanguage":"en-US"}]}},"_links":{"self":[{"href":"https:\/\/skyhawksfusion.com\/gientnew\/wp-json\/wp\/v2\/pages\/6915","targetHints":{"allow":["GET"]}}],"collection":[{"href":"https:\/\/skyhawksfusion.com\/gientnew\/wp-json\/wp\/v2\/pages"}],"about":[{"href":"https:\/\/skyhawksfusion.com\/gientnew\/wp-json\/wp\/v2\/types\/page"}],"author":[{"embeddable":true,"href":"https:\/\/skyhawksfusion.com\/gientnew\/wp-json\/wp\/v2\/users\/1"}],"replies":[{"embeddable":true,"href":"https:\/\/skyhawksfusion.com\/gientnew\/wp-json\/wp\/v2\/comments?post=6915"}],"version-history":[{"count":6,"href":"https:\/\/skyhawksfusion.com\/gientnew\/wp-json\/wp\/v2\/pages\/6915\/revisions"}],"predecessor-version":[{"id":8760,"href":"https:\/\/skyhawksfusion.com\/gientnew\/wp-json\/wp\/v2\/pages\/6915\/revisions\/8760"}],"wp:attachment":[{"href":"https:\/\/skyhawksfusion.com\/gientnew\/wp-json\/wp\/v2\/media?parent=6915"}],"curies":[{"name":"wp","href":"https:\/\/api.w.org\/{rel}","templated":true}]}}