{"id":2920,"date":"2018-06-15T08:07:43","date_gmt":"2018-06-15T08:07:43","guid":{"rendered":"https:\/\/skyhawksfusion.com\/gientnew\/?page_id=2920"},"modified":"2025-12-09T10:00:54","modified_gmt":"2025-12-09T10:00:54","slug":"thiet-bi-xu-ly-chat-thai-y-te","status":"publish","type":"page","link":"https:\/\/skyhawksfusion.com\/gientnew\/vi\/thiet-bi-xu-ly-chat-thai-y-te\/","title":{"rendered":"Thi\u1ebft b\u1ecb x\u1eed l\u00fd ch\u1ea5t th\u1ea3i y t\u1ebf (MWI)"},"content":{"rendered":"","protected":false},"excerpt":{"rendered":"","protected":false},"author":1,"featured_media":0,"parent":0,"menu_order":0,"comment_status":"closed","ping_status":"closed","template":"template-product-detail.php","meta":{"_acf_changed":false,"footnotes":""},"class_list":["post-2920","page","type-page","status-publish","hentry"],"acf":[],"yoast_head":"<!-- This site is optimized with the Yoast SEO Premium plugin v25.6 (Yoast SEO v26.7) - https:\/\/yoast.com\/wordpress\/plugins\/seo\/ -->\n<title>Ch\u1ea5t th\u1ea3i y t\u1ebf v\u00e0 thi\u1ebft b\u1ecb x\u1eed l\u00fd ch\u1ea5t th\u1ea3i nguy h\u1ea1i sinh h\u1ecdc<\/title>\n<meta name=\"description\" content=\"T\u00edch h\u1ee3p n\u1ed3i h\u1ea5p v\u1edbi m\u00e1y h\u1ee7y t\u00e0i li\u1ec7u l\u00e0 \u0111\u1ec3 x\u1eed l\u00fd ch\u1ea5t th\u1ea3i b\u1ec7nh vi\u1ec7n t\u1ea1i ch\u1ed7. N\u00f3 c\u00f3 quy tr\u00ecnh ho\u00e0n to\u00e0n t\u1ef1 \u0111\u1ed9ng v\u00e0 chi ph\u00ed v\u1eadn h\u00e0nh v\u00e0 b\u1ea3o tr\u00ec th\u1ea5p.\" \/>\n<meta name=\"robots\" content=\"noindex, follow, max-snippet:-1, max-image-preview:large, max-video-preview:-1\" \/>\n<meta property=\"og:locale\" content=\"en_US\" \/>\n<meta property=\"og:type\" content=\"article\" \/>\n<meta property=\"og:title\" content=\"Thi\u1ebft b\u1ecb x\u1eed l\u00fd ch\u1ea5t th\u1ea3i y t\u1ebf (MWI)\" \/>\n<meta property=\"og:description\" content=\"T\u00edch h\u1ee3p n\u1ed3i h\u1ea5p v\u1edbi m\u00e1y h\u1ee7y t\u00e0i li\u1ec7u l\u00e0 \u0111\u1ec3 x\u1eed l\u00fd ch\u1ea5t th\u1ea3i b\u1ec7nh vi\u1ec7n t\u1ea1i ch\u1ed7. N\u00f3 c\u00f3 quy tr\u00ecnh ho\u00e0n to\u00e0n t\u1ef1 \u0111\u1ed9ng v\u00e0 chi ph\u00ed v\u1eadn h\u00e0nh v\u00e0 b\u1ea3o tr\u00ec th\u1ea5p.\" \/>\n<meta property=\"og:url\" content=\"https:\/\/skyhawksfusion.com\/gientnew\/vi\/thiet-bi-xu-ly-chat-thai-y-te\/\" \/>\n<meta property=\"og:site_name\" content=\"GIENT - Medical waste treatment and disposal equipment\" \/>\n<meta property=\"article:publisher\" content=\"https:\/\/www.facebook.com\/gient.net\/?fref=ts\" \/>\n<meta property=\"article:modified_time\" content=\"2025-12-09T10:00:54+00:00\" \/>\n<meta property=\"og:image\" content=\"https:\/\/skyhawksfusion.com\/gientnew\/wp-content\/uploads\/2018\/01\/Medical-waste-treatment-equipment-797x1024.jpg\" \/>\n<meta name=\"twitter:card\" content=\"summary_large_image\" \/>\n<meta name=\"twitter:site\" content=\"@GientNews\" \/>\n<script type=\"application\/ld+json\" class=\"yoast-schema-graph\">{\"@context\":\"https:\/\/schema.org\",\"@graph\":[{\"@type\":\"WebPage\",\"@id\":\"https:\/\/skyhawksfusion.com\/gientnew\/vi\/thiet-bi-xu-ly-chat-thai-y-te\/\",\"url\":\"https:\/\/skyhawksfusion.com\/gientnew\/vi\/thiet-bi-xu-ly-chat-thai-y-te\/\",\"name\":\"Ch\u1ea5t th\u1ea3i y t\u1ebf v\u00e0 thi\u1ebft b\u1ecb x\u1eed l\u00fd ch\u1ea5t th\u1ea3i nguy h\u1ea1i sinh h\u1ecdc\",\"isPartOf\":{\"@id\":\"https:\/\/skyhawksfusion.com\/gientnew\/#website\"},\"datePublished\":\"2018-06-15T08:07:43+00:00\",\"dateModified\":\"2025-12-09T10:00:54+00:00\",\"description\":\"T\u00edch h\u1ee3p n\u1ed3i h\u1ea5p v\u1edbi m\u00e1y h\u1ee7y t\u00e0i li\u1ec7u l\u00e0 \u0111\u1ec3 x\u1eed l\u00fd ch\u1ea5t th\u1ea3i b\u1ec7nh vi\u1ec7n t\u1ea1i ch\u1ed7. N\u00f3 c\u00f3 quy tr\u00ecnh ho\u00e0n to\u00e0n t\u1ef1 \u0111\u1ed9ng v\u00e0 chi ph\u00ed v\u1eadn h\u00e0nh v\u00e0 b\u1ea3o tr\u00ec th\u1ea5p.\",\"breadcrumb\":{\"@id\":\"https:\/\/skyhawksfusion.com\/gientnew\/vi\/thiet-bi-xu-ly-chat-thai-y-te\/#breadcrumb\"},\"inLanguage\":\"en-US\",\"potentialAction\":[{\"@type\":\"ReadAction\",\"target\":[\"https:\/\/skyhawksfusion.com\/gientnew\/vi\/thiet-bi-xu-ly-chat-thai-y-te\/\"]}]},{\"@type\":\"BreadcrumbList\",\"@id\":\"https:\/\/skyhawksfusion.com\/gientnew\/vi\/thiet-bi-xu-ly-chat-thai-y-te\/#breadcrumb\",\"itemListElement\":[{\"@type\":\"ListItem\",\"position\":1,\"name\":\"Home\",\"item\":\"https:\/\/skyhawksfusion.com\/gientnew\/\"},{\"@type\":\"ListItem\",\"position\":2,\"name\":\"Thi\u1ebft b\u1ecb x\u1eed l\u00fd ch\u1ea5t th\u1ea3i y t\u1ebf (MWI)\"}]},{\"@type\":\"WebSite\",\"@id\":\"https:\/\/skyhawksfusion.com\/gientnew\/#website\",\"url\":\"https:\/\/skyhawksfusion.com\/gientnew\/\",\"name\":\"GIENT - Medical waste treatment and disposal equipment\",\"description\":\"medical waste treatment, medical waste disposal, medical waste autoclave\",\"potentialAction\":[{\"@type\":\"SearchAction\",\"target\":{\"@type\":\"EntryPoint\",\"urlTemplate\":\"https:\/\/skyhawksfusion.com\/gientnew\/?s={search_term_string}\"},\"query-input\":{\"@type\":\"PropertyValueSpecification\",\"valueRequired\":true,\"valueName\":\"search_term_string\"}}],\"inLanguage\":\"en-US\"}]}<\/script>\n<!-- \/ Yoast SEO Premium plugin. -->","yoast_head_json":{"title":"Ch\u1ea5t th\u1ea3i y t\u1ebf v\u00e0 thi\u1ebft b\u1ecb x\u1eed l\u00fd ch\u1ea5t th\u1ea3i nguy h\u1ea1i sinh h\u1ecdc","description":"T\u00edch h\u1ee3p n\u1ed3i h\u1ea5p v\u1edbi m\u00e1y h\u1ee7y t\u00e0i li\u1ec7u l\u00e0 \u0111\u1ec3 x\u1eed l\u00fd ch\u1ea5t th\u1ea3i b\u1ec7nh vi\u1ec7n t\u1ea1i ch\u1ed7. N\u00f3 c\u00f3 quy tr\u00ecnh ho\u00e0n to\u00e0n t\u1ef1 \u0111\u1ed9ng v\u00e0 chi ph\u00ed v\u1eadn h\u00e0nh v\u00e0 b\u1ea3o tr\u00ec th\u1ea5p.","robots":{"index":"noindex","follow":"follow","max-snippet":"max-snippet:-1","max-image-preview":"max-image-preview:large","max-video-preview":"max-video-preview:-1"},"og_locale":"en_US","og_type":"article","og_title":"Thi\u1ebft b\u1ecb x\u1eed l\u00fd ch\u1ea5t th\u1ea3i y t\u1ebf (MWI)","og_description":"T\u00edch h\u1ee3p n\u1ed3i h\u1ea5p v\u1edbi m\u00e1y h\u1ee7y t\u00e0i li\u1ec7u l\u00e0 \u0111\u1ec3 x\u1eed l\u00fd ch\u1ea5t th\u1ea3i b\u1ec7nh vi\u1ec7n t\u1ea1i ch\u1ed7. N\u00f3 c\u00f3 quy tr\u00ecnh ho\u00e0n to\u00e0n t\u1ef1 \u0111\u1ed9ng v\u00e0 chi ph\u00ed v\u1eadn h\u00e0nh v\u00e0 b\u1ea3o tr\u00ec th\u1ea5p.","og_url":"https:\/\/skyhawksfusion.com\/gientnew\/vi\/thiet-bi-xu-ly-chat-thai-y-te\/","og_site_name":"GIENT - Medical waste treatment and disposal equipment","article_publisher":"https:\/\/www.facebook.com\/gient.net\/?fref=ts","article_modified_time":"2025-12-09T10:00:54+00:00","og_image":[{"url":"https:\/\/skyhawksfusion.com\/gientnew\/wp-content\/uploads\/2018\/01\/Medical-waste-treatment-equipment-797x1024.jpg","type":"","width":"","height":""}],"twitter_card":"summary_large_image","twitter_site":"@GientNews","schema":{"@context":"https:\/\/schema.org","@graph":[{"@type":"WebPage","@id":"https:\/\/skyhawksfusion.com\/gientnew\/vi\/thiet-bi-xu-ly-chat-thai-y-te\/","url":"https:\/\/skyhawksfusion.com\/gientnew\/vi\/thiet-bi-xu-ly-chat-thai-y-te\/","name":"Ch\u1ea5t th\u1ea3i y t\u1ebf v\u00e0 thi\u1ebft b\u1ecb x\u1eed l\u00fd ch\u1ea5t th\u1ea3i nguy h\u1ea1i sinh h\u1ecdc","isPartOf":{"@id":"https:\/\/skyhawksfusion.com\/gientnew\/#website"},"datePublished":"2018-06-15T08:07:43+00:00","dateModified":"2025-12-09T10:00:54+00:00","description":"T\u00edch h\u1ee3p n\u1ed3i h\u1ea5p v\u1edbi m\u00e1y h\u1ee7y t\u00e0i li\u1ec7u l\u00e0 \u0111\u1ec3 x\u1eed l\u00fd ch\u1ea5t th\u1ea3i b\u1ec7nh vi\u1ec7n t\u1ea1i ch\u1ed7. N\u00f3 c\u00f3 quy tr\u00ecnh ho\u00e0n to\u00e0n t\u1ef1 \u0111\u1ed9ng v\u00e0 chi ph\u00ed v\u1eadn h\u00e0nh v\u00e0 b\u1ea3o tr\u00ec th\u1ea5p.","breadcrumb":{"@id":"https:\/\/skyhawksfusion.com\/gientnew\/vi\/thiet-bi-xu-ly-chat-thai-y-te\/#breadcrumb"},"inLanguage":"en-US","potentialAction":[{"@type":"ReadAction","target":["https:\/\/skyhawksfusion.com\/gientnew\/vi\/thiet-bi-xu-ly-chat-thai-y-te\/"]}]},{"@type":"BreadcrumbList","@id":"https:\/\/skyhawksfusion.com\/gientnew\/vi\/thiet-bi-xu-ly-chat-thai-y-te\/#breadcrumb","itemListElement":[{"@type":"ListItem","position":1,"name":"Home","item":"https:\/\/skyhawksfusion.com\/gientnew\/"},{"@type":"ListItem","position":2,"name":"Thi\u1ebft b\u1ecb x\u1eed l\u00fd ch\u1ea5t th\u1ea3i y t\u1ebf (MWI)"}]},{"@type":"WebSite","@id":"https:\/\/skyhawksfusion.com\/gientnew\/#website","url":"https:\/\/skyhawksfusion.com\/gientnew\/","name":"GIENT - Medical waste treatment and disposal equipment","description":"medical waste treatment, medical waste disposal, medical waste autoclave","potentialAction":[{"@type":"SearchAction","target":{"@type":"EntryPoint","urlTemplate":"https:\/\/skyhawksfusion.com\/gientnew\/?s={search_term_string}"},"query-input":{"@type":"PropertyValueSpecification","valueRequired":true,"valueName":"search_term_string"}}],"inLanguage":"en-US"}]}},"_links":{"self":[{"href":"https:\/\/skyhawksfusion.com\/gientnew\/wp-json\/wp\/v2\/pages\/2920","targetHints":{"allow":["GET"]}}],"collection":[{"href":"https:\/\/skyhawksfusion.com\/gientnew\/wp-json\/wp\/v2\/pages"}],"about":[{"href":"https:\/\/skyhawksfusion.com\/gientnew\/wp-json\/wp\/v2\/types\/page"}],"author":[{"embeddable":true,"href":"https:\/\/skyhawksfusion.com\/gientnew\/wp-json\/wp\/v2\/users\/1"}],"replies":[{"embeddable":true,"href":"https:\/\/skyhawksfusion.com\/gientnew\/wp-json\/wp\/v2\/comments?post=2920"}],"version-history":[{"count":8,"href":"https:\/\/skyhawksfusion.com\/gientnew\/wp-json\/wp\/v2\/pages\/2920\/revisions"}],"predecessor-version":[{"id":8651,"href":"https:\/\/skyhawksfusion.com\/gientnew\/wp-json\/wp\/v2\/pages\/2920\/revisions\/8651"}],"wp:attachment":[{"href":"https:\/\/skyhawksfusion.com\/gientnew\/wp-json\/wp\/v2\/media?parent=2920"}],"curies":[{"name":"wp","href":"https:\/\/api.w.org\/{rel}","templated":true}]}}