{"id":2750,"date":"2018-06-11T07:33:06","date_gmt":"2018-06-11T07:33:06","guid":{"rendered":"https:\/\/skyhawksfusion.com\/gientnew\/?page_id=2750"},"modified":"2025-12-11T10:43:26","modified_gmt":"2025-12-11T10:43:26","slug":"cac-dich-vu-cua-chung-toi","status":"publish","type":"page","link":"https:\/\/skyhawksfusion.com\/gientnew\/vi\/cac-dich-vu-cua-chung-toi\/","title":{"rendered":"C\u00c1C D\u1ecaCH V\u1ee4 C\u1ee6A CH\u00daNG T\u00d4I (Service)"},"content":{"rendered":"","protected":false},"excerpt":{"rendered":"","protected":false},"author":1,"featured_media":0,"parent":0,"menu_order":0,"comment_status":"closed","ping_status":"closed","template":"template-services.php","meta":{"_acf_changed":false,"footnotes":""},"class_list":["post-2750","page","type-page","status-publish","hentry"],"acf":[],"yoast_head":"<!-- This site is optimized with the Yoast SEO Premium plugin v25.6 (Yoast SEO v26.7) - https:\/\/yoast.com\/wordpress\/plugins\/seo\/ -->\n<title>C\u00c1C D\u1ecaCH V\u1ee4 C\u1ee6A CH\u00daNG T\u00d4I - GIENT.NET<\/title>\n<meta name=\"description\" content=\"\u00dd t\u01b0\u1edfng b\u00e1n h\u00e0ng t\u01b0 v\u1ea5n v\u00e0 s\u1ef1 quy\u1ebft t\u00e2m h\u01b0\u1edbng \u0111\u1ebfn s\u1ef1 ghi nh\u1eadn d\u1ecbch v\u1ee5 sau b\u00e1n h\u00e0ng xu\u1ea5t s\u1eafc ch\u00ednh l\u00e0 kim ch\u1ec9 nam c\u1ee7a \u0111\u1ed9i ng\u0169 GIENT.\" \/>\n<meta name=\"robots\" content=\"noindex, follow, max-snippet:-1, max-image-preview:large, max-video-preview:-1\" \/>\n<meta property=\"og:locale\" content=\"en_US\" \/>\n<meta property=\"og:type\" content=\"article\" \/>\n<meta property=\"og:title\" content=\"C\u00c1C D\u1ecaCH V\u1ee4 C\u1ee6A CH\u00daNG T\u00d4I (Service)\" \/>\n<meta property=\"og:description\" content=\"\u00dd t\u01b0\u1edfng b\u00e1n h\u00e0ng t\u01b0 v\u1ea5n v\u00e0 s\u1ef1 quy\u1ebft t\u00e2m h\u01b0\u1edbng \u0111\u1ebfn s\u1ef1 ghi nh\u1eadn d\u1ecbch v\u1ee5 sau b\u00e1n h\u00e0ng xu\u1ea5t s\u1eafc ch\u00ednh l\u00e0 kim ch\u1ec9 nam c\u1ee7a \u0111\u1ed9i ng\u0169 GIENT.\" \/>\n<meta property=\"og:url\" content=\"https:\/\/skyhawksfusion.com\/gientnew\/vi\/cac-dich-vu-cua-chung-toi\/\" \/>\n<meta property=\"og:site_name\" content=\"GIENT - Medical waste treatment and disposal equipment\" \/>\n<meta property=\"article:publisher\" content=\"https:\/\/www.facebook.com\/gient.net\/?fref=ts\" \/>\n<meta property=\"article:modified_time\" content=\"2025-12-11T10:43:26+00:00\" \/>\n<meta name=\"twitter:card\" content=\"summary_large_image\" \/>\n<meta name=\"twitter:site\" content=\"@GientNews\" \/>\n<script type=\"application\/ld+json\" class=\"yoast-schema-graph\">{\"@context\":\"https:\/\/schema.org\",\"@graph\":[{\"@type\":\"WebPage\",\"@id\":\"https:\/\/skyhawksfusion.com\/gientnew\/vi\/cac-dich-vu-cua-chung-toi\/\",\"url\":\"https:\/\/skyhawksfusion.com\/gientnew\/vi\/cac-dich-vu-cua-chung-toi\/\",\"name\":\"C\u00c1C D\u1ecaCH V\u1ee4 C\u1ee6A CH\u00daNG T\u00d4I - GIENT.NET\",\"isPartOf\":{\"@id\":\"https:\/\/skyhawksfusion.com\/gientnew\/#website\"},\"datePublished\":\"2018-06-11T07:33:06+00:00\",\"dateModified\":\"2025-12-11T10:43:26+00:00\",\"description\":\"\u00dd t\u01b0\u1edfng b\u00e1n h\u00e0ng t\u01b0 v\u1ea5n v\u00e0 s\u1ef1 quy\u1ebft t\u00e2m h\u01b0\u1edbng \u0111\u1ebfn s\u1ef1 ghi nh\u1eadn d\u1ecbch v\u1ee5 sau b\u00e1n h\u00e0ng xu\u1ea5t s\u1eafc ch\u00ednh l\u00e0 kim ch\u1ec9 nam c\u1ee7a \u0111\u1ed9i ng\u0169 GIENT.\",\"breadcrumb\":{\"@id\":\"https:\/\/skyhawksfusion.com\/gientnew\/vi\/cac-dich-vu-cua-chung-toi\/#breadcrumb\"},\"inLanguage\":\"en-US\",\"potentialAction\":[{\"@type\":\"ReadAction\",\"target\":[\"https:\/\/skyhawksfusion.com\/gientnew\/vi\/cac-dich-vu-cua-chung-toi\/\"]}]},{\"@type\":\"BreadcrumbList\",\"@id\":\"https:\/\/skyhawksfusion.com\/gientnew\/vi\/cac-dich-vu-cua-chung-toi\/#breadcrumb\",\"itemListElement\":[{\"@type\":\"ListItem\",\"position\":1,\"name\":\"Home\",\"item\":\"https:\/\/skyhawksfusion.com\/gientnew\/\"},{\"@type\":\"ListItem\",\"position\":2,\"name\":\"C\u00c1C D\u1ecaCH V\u1ee4 C\u1ee6A CH\u00daNG T\u00d4I (Service)\"}]},{\"@type\":\"WebSite\",\"@id\":\"https:\/\/skyhawksfusion.com\/gientnew\/#website\",\"url\":\"https:\/\/skyhawksfusion.com\/gientnew\/\",\"name\":\"GIENT - Medical waste treatment and disposal equipment\",\"description\":\"medical waste treatment, medical waste disposal, medical waste autoclave\",\"potentialAction\":[{\"@type\":\"SearchAction\",\"target\":{\"@type\":\"EntryPoint\",\"urlTemplate\":\"https:\/\/skyhawksfusion.com\/gientnew\/?s={search_term_string}\"},\"query-input\":{\"@type\":\"PropertyValueSpecification\",\"valueRequired\":true,\"valueName\":\"search_term_string\"}}],\"inLanguage\":\"en-US\"}]}<\/script>\n<!-- \/ Yoast SEO Premium plugin. -->","yoast_head_json":{"title":"C\u00c1C D\u1ecaCH V\u1ee4 C\u1ee6A CH\u00daNG T\u00d4I - GIENT.NET","description":"\u00dd t\u01b0\u1edfng b\u00e1n h\u00e0ng t\u01b0 v\u1ea5n v\u00e0 s\u1ef1 quy\u1ebft t\u00e2m h\u01b0\u1edbng \u0111\u1ebfn s\u1ef1 ghi nh\u1eadn d\u1ecbch v\u1ee5 sau b\u00e1n h\u00e0ng xu\u1ea5t s\u1eafc ch\u00ednh l\u00e0 kim ch\u1ec9 nam c\u1ee7a \u0111\u1ed9i ng\u0169 GIENT.","robots":{"index":"noindex","follow":"follow","max-snippet":"max-snippet:-1","max-image-preview":"max-image-preview:large","max-video-preview":"max-video-preview:-1"},"og_locale":"en_US","og_type":"article","og_title":"C\u00c1C D\u1ecaCH V\u1ee4 C\u1ee6A CH\u00daNG T\u00d4I (Service)","og_description":"\u00dd t\u01b0\u1edfng b\u00e1n h\u00e0ng t\u01b0 v\u1ea5n v\u00e0 s\u1ef1 quy\u1ebft t\u00e2m h\u01b0\u1edbng \u0111\u1ebfn s\u1ef1 ghi nh\u1eadn d\u1ecbch v\u1ee5 sau b\u00e1n h\u00e0ng xu\u1ea5t s\u1eafc ch\u00ednh l\u00e0 kim ch\u1ec9 nam c\u1ee7a \u0111\u1ed9i ng\u0169 GIENT.","og_url":"https:\/\/skyhawksfusion.com\/gientnew\/vi\/cac-dich-vu-cua-chung-toi\/","og_site_name":"GIENT - Medical waste treatment and disposal equipment","article_publisher":"https:\/\/www.facebook.com\/gient.net\/?fref=ts","article_modified_time":"2025-12-11T10:43:26+00:00","twitter_card":"summary_large_image","twitter_site":"@GientNews","schema":{"@context":"https:\/\/schema.org","@graph":[{"@type":"WebPage","@id":"https:\/\/skyhawksfusion.com\/gientnew\/vi\/cac-dich-vu-cua-chung-toi\/","url":"https:\/\/skyhawksfusion.com\/gientnew\/vi\/cac-dich-vu-cua-chung-toi\/","name":"C\u00c1C D\u1ecaCH V\u1ee4 C\u1ee6A CH\u00daNG T\u00d4I - GIENT.NET","isPartOf":{"@id":"https:\/\/skyhawksfusion.com\/gientnew\/#website"},"datePublished":"2018-06-11T07:33:06+00:00","dateModified":"2025-12-11T10:43:26+00:00","description":"\u00dd t\u01b0\u1edfng b\u00e1n h\u00e0ng t\u01b0 v\u1ea5n v\u00e0 s\u1ef1 quy\u1ebft t\u00e2m h\u01b0\u1edbng \u0111\u1ebfn s\u1ef1 ghi nh\u1eadn d\u1ecbch v\u1ee5 sau b\u00e1n h\u00e0ng xu\u1ea5t s\u1eafc ch\u00ednh l\u00e0 kim ch\u1ec9 nam c\u1ee7a \u0111\u1ed9i ng\u0169 GIENT.","breadcrumb":{"@id":"https:\/\/skyhawksfusion.com\/gientnew\/vi\/cac-dich-vu-cua-chung-toi\/#breadcrumb"},"inLanguage":"en-US","potentialAction":[{"@type":"ReadAction","target":["https:\/\/skyhawksfusion.com\/gientnew\/vi\/cac-dich-vu-cua-chung-toi\/"]}]},{"@type":"BreadcrumbList","@id":"https:\/\/skyhawksfusion.com\/gientnew\/vi\/cac-dich-vu-cua-chung-toi\/#breadcrumb","itemListElement":[{"@type":"ListItem","position":1,"name":"Home","item":"https:\/\/skyhawksfusion.com\/gientnew\/"},{"@type":"ListItem","position":2,"name":"C\u00c1C D\u1ecaCH V\u1ee4 C\u1ee6A CH\u00daNG T\u00d4I (Service)"}]},{"@type":"WebSite","@id":"https:\/\/skyhawksfusion.com\/gientnew\/#website","url":"https:\/\/skyhawksfusion.com\/gientnew\/","name":"GIENT - Medical waste treatment and disposal equipment","description":"medical waste treatment, medical waste disposal, medical waste autoclave","potentialAction":[{"@type":"SearchAction","target":{"@type":"EntryPoint","urlTemplate":"https:\/\/skyhawksfusion.com\/gientnew\/?s={search_term_string}"},"query-input":{"@type":"PropertyValueSpecification","valueRequired":true,"valueName":"search_term_string"}}],"inLanguage":"en-US"}]}},"_links":{"self":[{"href":"https:\/\/skyhawksfusion.com\/gientnew\/wp-json\/wp\/v2\/pages\/2750","targetHints":{"allow":["GET"]}}],"collection":[{"href":"https:\/\/skyhawksfusion.com\/gientnew\/wp-json\/wp\/v2\/pages"}],"about":[{"href":"https:\/\/skyhawksfusion.com\/gientnew\/wp-json\/wp\/v2\/types\/page"}],"author":[{"embeddable":true,"href":"https:\/\/skyhawksfusion.com\/gientnew\/wp-json\/wp\/v2\/users\/1"}],"replies":[{"embeddable":true,"href":"https:\/\/skyhawksfusion.com\/gientnew\/wp-json\/wp\/v2\/comments?post=2750"}],"version-history":[{"count":6,"href":"https:\/\/skyhawksfusion.com\/gientnew\/wp-json\/wp\/v2\/pages\/2750\/revisions"}],"predecessor-version":[{"id":8937,"href":"https:\/\/skyhawksfusion.com\/gientnew\/wp-json\/wp\/v2\/pages\/2750\/revisions\/8937"}],"wp:attachment":[{"href":"https:\/\/skyhawksfusion.com\/gientnew\/wp-json\/wp\/v2\/media?parent=2750"}],"curies":[{"name":"wp","href":"https:\/\/api.w.org\/{rel}","templated":true}]}}