{"id":2721,"date":"2018-06-07T08:36:47","date_gmt":"2018-06-07T08:36:47","guid":{"rendered":"https:\/\/skyhawksfusion.com\/gientnew\/?page_id=2721"},"modified":"2025-12-11T07:02:03","modified_gmt":"2025-12-11T07:02:03","slug":"ve-gient","status":"publish","type":"page","link":"https:\/\/skyhawksfusion.com\/gientnew\/vi\/ve-gient\/","title":{"rendered":"V\u1ec0 GIENT \uff08About GIENT\uff09"},"content":{"rendered":"<div class=\"x-container max width\">\n<div class=\"x-column x-sm x-1-1\">\n<h2 class=\"h-custom-headline cs-ta-center man h3\">GI\u1edaI THI\u1ec6U<\/h2>\n<\/div>\n<\/div>\n<div class=\"x-container max width\">\n<div class=\"x-column x-sm x-1-1\">\n<div class=\"x-text cs-ta-justify\">\n<p><strong>Nh\u00e0 Cung \u1ee8ng h\u00e0ng \u0111\u1ea7u v\u1edbi h\u01a1n 20 n\u0103m kinh nghi\u1ec7m<\/strong><\/p>\n<p>Gient \u0111\u01b0\u1ee3c th\u00e0nh l\u1eadp n\u0103m 1995 v\u1edbi chuy\u00ean m\u00f4n v\u1ec1 thi\u1ebft k\u1ebf, k\u1ef9 thu\u1eadt v\u00e0 s\u1ea3n xu\u1ea5t h\u1ec7 th\u1ed1ng x\u1eed l\u00fd r\u00e1c th\u1ea3i y t\u1ebf trong h\u01a1n 20 n\u0103m. Ch\u00fang t\u00f4i s\u1eed d\u1ee5ng c\u00e1c c\u00f4ng ngh\u1ec7 \u0111\u00e1ng tin c\u1eady, an to\u00e0n v\u00e0 th\u00e2n thi\u1ec7n v\u1edbi m\u00f4i tr\u01b0\u1eddng nh\u1ea5t tr\u00ean to\u00e0n th\u1ebf gi\u1edbi, \u0111\u1ed3ng th\u1eddi s\u1ea3n xu\u1ea5t c\u00e1c s\u1ea3n ph\u1ea9m ch\u1ea5t l\u01b0\u1ee3ng cao v\u00e0 b\u1ec1n b\u1ec9 \u0111\u1ec3 gi\u1ea3i quy\u1ebft c\u00e1c lo\u1ea1i r\u00e1c th\u1ea3i y t\u1ebf \u0111\u1ea7y th\u00e1ch th\u1ee9c. V\u1edbi kinh nghi\u1ec7m phong ph\u00fa, ch\u00fang t\u00f4i r\u1ea5t vui m\u1eebng \u0111\u01b0\u1ee3c cung c\u1ea5p cho kh\u00e1ch h\u00e0ng c\u00f4ng t\u00e1c t\u01b0 v\u1ea5n chuy\u00ean nghi\u1ec7p trong nhi\u1ec1u d\u1ef1 \u00e1n r\u00e1c th\u1ea3i y t\u1ebf kh\u00e1c nhau.<\/p>\n<p><strong>\u0110\u1ed9i ng\u0169 R&amp;D cao c\u1ea5p nh\u1ea5t<\/strong><\/p>\n<p>Gient c\u00f3 \u0111\u1ed9i ng\u0169 R&amp;D cao c\u1ea5p nh\u1ea5t, cho ph\u00e9p ch\u00fang t\u00f4i cung c\u1ea5p c\u00e1c gi\u1ea3i ph\u00e1p to\u00e0n di\u1ec7n v\u00e0 t\u1ed1i \u01b0u v\u1edbi \u0111\u1ecbnh h\u01b0\u1edbng t\u01b0\u01a1ng lai cho vi\u1ec7c x\u1eed l\u00fd v\u00e0 ti\u00eau h\u1ee7y r\u00e1c th\u1ea3i y t\u1ebf. Gient cung c\u1ea5p gi\u1ea3i ph\u00e1p x\u1eed l\u00fd c\u1eb7n th\u1ea3i c\u1ee7a c\u00f4ng ngh\u1ec7 kh\u00f4ng thi\u00eau \u0111\u1ed1t, r\u00e1c th\u1ea3i h\u00f3a h\u1ecdc v\u00e0 r\u00e1c th\u1ea3i d\u01b0\u1ee3c ph\u1ea9m c\u0169ng nh\u01b0 t\u00e1i ch\u1ebf nh\u1ef1a r\u00e1c th\u1ea3i y t\u1ebf, gi\u00fap kh\u00e1ch h\u00e0ng \u0111\u1ea1t \u0111\u01b0\u1ee3c m\u1ee5c ti\u00eau kh\u00f4ng r\u00e1c th\u1ea3i v\u00e0 gi\u1ea3m l\u01b0\u1ee3ng carbon.<\/p>\n<p><strong>H\u1ee3p T\u00e1c To\u00e0n C\u1ea7u<\/strong><\/p>\n<p>Gient \u0111ang h\u1ee3p t\u00e1c v\u1edbi c\u00e1c nh\u00e0 l\u00e3nh \u0111\u1ea1o c\u00f4ng nghi\u1ec7p, \u0111\u1ea1i l\u00fd v\u00e0 kh\u00e1ch h\u00e0ng to\u00e0n c\u1ea7u. Gient tin t\u01b0\u1edfng r\u1eb1ng h\u1ee3p t\u00e1c to\u00e0n c\u1ea7u cho ph\u00e9p ch\u00fang ta chia s\u1ebb nh\u1eefng \u00fd t\u01b0\u1edfng, ngu\u1ed3n l\u1ef1c v\u00e0 ki\u1ebfn th\u1ee9c chuy\u00ean m\u00f4n. \u0110i\u1ec1u n\u00e0y gi\u00fap ch\u00fang t\u00f4i ph\u00e1t tri\u1ec3n c\u00f4ng ngh\u1ec7 t\u1ed1t h\u01a1n, c\u1ea3i ti\u1ebfn s\u1ea3n ph\u1ea9m v\u00e0 \u0111\u00f3ng g\u00f3p cho con ng\u01b0\u1eddi v\u00e0 m\u00f4i tr\u01b0\u1eddng. Gient \u0111\u00e3 v\u00e0 \u0111ang x\u00e2y d\u1ef1ng, cam k\u1ebft ph\u00e1t tri\u1ec3n c\u00e1c m\u1ed1i quan h\u1ec7 b\u1ec1n ch\u1eb7t v\u1edbi c\u00e1c \u0111\u1ed1i t\u00e1c, kh\u00e1ch h\u00e0ng, \u0111\u1ea1i l\u00fd v\u00e0 nh\u00e0 ph\u00e2n ph\u1ed1i c\u1ee7a ch\u00fang t\u00f4i.<\/p>\n<p>&nbsp;<\/p>\n<\/div>\n<\/div>\n<\/div>\n","protected":false},"excerpt":{"rendered":"<p>GI\u1edaI THI\u1ec6U Nh\u00e0 Cung \u1ee8ng h\u00e0ng \u0111\u1ea7u v\u1edbi h\u01a1n 20 n\u0103m kinh nghi\u1ec7m Gient \u0111\u01b0\u1ee3c th\u00e0nh l\u1eadp n\u0103m 1995 v\u1edbi chuy\u00ean m\u00f4n v\u1ec1 thi\u1ebft k\u1ebf, k\u1ef9 thu\u1eadt v\u00e0 s\u1ea3n xu\u1ea5t h\u1ec7 th\u1ed1ng x\u1eed l\u00fd r\u00e1c th\u1ea3i y t\u1ebf trong h\u01a1n 20 n\u0103m. Ch\u00fang t\u00f4i s\u1eed d\u1ee5ng c\u00e1c c\u00f4ng ngh\u1ec7 \u0111\u00e1ng tin c\u1eady, an to\u00e0n v\u00e0 [&hellip;]<\/p>\n","protected":false},"author":1,"featured_media":0,"parent":0,"menu_order":0,"comment_status":"closed","ping_status":"closed","template":"template-about.php","meta":{"_acf_changed":false,"footnotes":""},"class_list":["post-2721","page","type-page","status-publish","hentry"],"acf":[],"yoast_head":"<!-- This site is optimized with the Yoast SEO Premium plugin v25.6 (Yoast SEO v26.7) - https:\/\/yoast.com\/wordpress\/plugins\/seo\/ -->\n<title>V\u1ec0 GIENT<\/title>\n<meta name=\"description\" content=\"GIENT \u0111\u01b0\u1ee3c th\u00e0nh l\u1eadp v\u00e0o n\u0103m 1995, chuy\u00ean v\u1ec1 thi\u1ebft k\u1ebf, \u1ee9ng d\u1ee5ng k\u1ef9 thu\u1eadt v\u00e0 s\u1ea3n xu\u1ea5t c\u00e1c h\u1ec7 th\u1ed1ng x\u1eed l\u00fd ch\u1ea5t th\u1ea3i y t\u1ebf.\" \/>\n<meta name=\"robots\" content=\"noindex, follow, max-snippet:-1, max-image-preview:large, max-video-preview:-1\" \/>\n<meta property=\"og:locale\" content=\"en_US\" \/>\n<meta property=\"og:type\" content=\"article\" \/>\n<meta property=\"og:title\" content=\"V\u1ec0 GIENT \uff08About GIENT\uff09\" \/>\n<meta property=\"og:description\" content=\"GIENT \u0111\u01b0\u1ee3c th\u00e0nh l\u1eadp v\u00e0o n\u0103m 1995, chuy\u00ean v\u1ec1 thi\u1ebft k\u1ebf, \u1ee9ng d\u1ee5ng k\u1ef9 thu\u1eadt v\u00e0 s\u1ea3n xu\u1ea5t c\u00e1c h\u1ec7 th\u1ed1ng x\u1eed l\u00fd ch\u1ea5t th\u1ea3i y t\u1ebf.\" \/>\n<meta property=\"og:url\" content=\"https:\/\/skyhawksfusion.com\/gientnew\/vi\/ve-gient\/\" \/>\n<meta property=\"og:site_name\" content=\"GIENT - Medical waste treatment and disposal equipment\" \/>\n<meta property=\"article:publisher\" content=\"https:\/\/www.facebook.com\/gient.net\/?fref=ts\" \/>\n<meta property=\"article:modified_time\" content=\"2025-12-11T07:02:03+00:00\" \/>\n<meta name=\"twitter:card\" content=\"summary_large_image\" \/>\n<meta name=\"twitter:site\" content=\"@GientNews\" \/>\n<meta name=\"twitter:label1\" content=\"Est. reading time\" \/>\n\t<meta name=\"twitter:data1\" content=\"3 minutes\" \/>\n<script type=\"application\/ld+json\" class=\"yoast-schema-graph\">{\"@context\":\"https:\/\/schema.org\",\"@graph\":[{\"@type\":\"WebPage\",\"@id\":\"https:\/\/skyhawksfusion.com\/gientnew\/vi\/ve-gient\/\",\"url\":\"https:\/\/skyhawksfusion.com\/gientnew\/vi\/ve-gient\/\",\"name\":\"V\u1ec0 GIENT\",\"isPartOf\":{\"@id\":\"https:\/\/skyhawksfusion.com\/gientnew\/#website\"},\"datePublished\":\"2018-06-07T08:36:47+00:00\",\"dateModified\":\"2025-12-11T07:02:03+00:00\",\"description\":\"GIENT \u0111\u01b0\u1ee3c th\u00e0nh l\u1eadp v\u00e0o n\u0103m 1995, chuy\u00ean v\u1ec1 thi\u1ebft k\u1ebf, \u1ee9ng d\u1ee5ng k\u1ef9 thu\u1eadt v\u00e0 s\u1ea3n xu\u1ea5t c\u00e1c h\u1ec7 th\u1ed1ng x\u1eed l\u00fd ch\u1ea5t th\u1ea3i y t\u1ebf.\",\"breadcrumb\":{\"@id\":\"https:\/\/skyhawksfusion.com\/gientnew\/vi\/ve-gient\/#breadcrumb\"},\"inLanguage\":\"en-US\",\"potentialAction\":[{\"@type\":\"ReadAction\",\"target\":[\"https:\/\/skyhawksfusion.com\/gientnew\/vi\/ve-gient\/\"]}]},{\"@type\":\"BreadcrumbList\",\"@id\":\"https:\/\/skyhawksfusion.com\/gientnew\/vi\/ve-gient\/#breadcrumb\",\"itemListElement\":[{\"@type\":\"ListItem\",\"position\":1,\"name\":\"Home\",\"item\":\"https:\/\/skyhawksfusion.com\/gientnew\/\"},{\"@type\":\"ListItem\",\"position\":2,\"name\":\"V\u1ec0 GIENT \uff08About GIENT\uff09\"}]},{\"@type\":\"WebSite\",\"@id\":\"https:\/\/skyhawksfusion.com\/gientnew\/#website\",\"url\":\"https:\/\/skyhawksfusion.com\/gientnew\/\",\"name\":\"GIENT - Medical waste treatment and disposal equipment\",\"description\":\"medical waste treatment, medical waste disposal, medical waste autoclave\",\"potentialAction\":[{\"@type\":\"SearchAction\",\"target\":{\"@type\":\"EntryPoint\",\"urlTemplate\":\"https:\/\/skyhawksfusion.com\/gientnew\/?s={search_term_string}\"},\"query-input\":{\"@type\":\"PropertyValueSpecification\",\"valueRequired\":true,\"valueName\":\"search_term_string\"}}],\"inLanguage\":\"en-US\"}]}<\/script>\n<!-- \/ Yoast SEO Premium plugin. -->","yoast_head_json":{"title":"V\u1ec0 GIENT","description":"GIENT \u0111\u01b0\u1ee3c th\u00e0nh l\u1eadp v\u00e0o n\u0103m 1995, chuy\u00ean v\u1ec1 thi\u1ebft k\u1ebf, \u1ee9ng d\u1ee5ng k\u1ef9 thu\u1eadt v\u00e0 s\u1ea3n xu\u1ea5t c\u00e1c h\u1ec7 th\u1ed1ng x\u1eed l\u00fd ch\u1ea5t th\u1ea3i y t\u1ebf.","robots":{"index":"noindex","follow":"follow","max-snippet":"max-snippet:-1","max-image-preview":"max-image-preview:large","max-video-preview":"max-video-preview:-1"},"og_locale":"en_US","og_type":"article","og_title":"V\u1ec0 GIENT \uff08About GIENT\uff09","og_description":"GIENT \u0111\u01b0\u1ee3c th\u00e0nh l\u1eadp v\u00e0o n\u0103m 1995, chuy\u00ean v\u1ec1 thi\u1ebft k\u1ebf, \u1ee9ng d\u1ee5ng k\u1ef9 thu\u1eadt v\u00e0 s\u1ea3n xu\u1ea5t c\u00e1c h\u1ec7 th\u1ed1ng x\u1eed l\u00fd ch\u1ea5t th\u1ea3i y t\u1ebf.","og_url":"https:\/\/skyhawksfusion.com\/gientnew\/vi\/ve-gient\/","og_site_name":"GIENT - Medical waste treatment and disposal equipment","article_publisher":"https:\/\/www.facebook.com\/gient.net\/?fref=ts","article_modified_time":"2025-12-11T07:02:03+00:00","twitter_card":"summary_large_image","twitter_site":"@GientNews","twitter_misc":{"Est. reading time":"3 minutes"},"schema":{"@context":"https:\/\/schema.org","@graph":[{"@type":"WebPage","@id":"https:\/\/skyhawksfusion.com\/gientnew\/vi\/ve-gient\/","url":"https:\/\/skyhawksfusion.com\/gientnew\/vi\/ve-gient\/","name":"V\u1ec0 GIENT","isPartOf":{"@id":"https:\/\/skyhawksfusion.com\/gientnew\/#website"},"datePublished":"2018-06-07T08:36:47+00:00","dateModified":"2025-12-11T07:02:03+00:00","description":"GIENT \u0111\u01b0\u1ee3c th\u00e0nh l\u1eadp v\u00e0o n\u0103m 1995, chuy\u00ean v\u1ec1 thi\u1ebft k\u1ebf, \u1ee9ng d\u1ee5ng k\u1ef9 thu\u1eadt v\u00e0 s\u1ea3n xu\u1ea5t c\u00e1c h\u1ec7 th\u1ed1ng x\u1eed l\u00fd ch\u1ea5t th\u1ea3i y t\u1ebf.","breadcrumb":{"@id":"https:\/\/skyhawksfusion.com\/gientnew\/vi\/ve-gient\/#breadcrumb"},"inLanguage":"en-US","potentialAction":[{"@type":"ReadAction","target":["https:\/\/skyhawksfusion.com\/gientnew\/vi\/ve-gient\/"]}]},{"@type":"BreadcrumbList","@id":"https:\/\/skyhawksfusion.com\/gientnew\/vi\/ve-gient\/#breadcrumb","itemListElement":[{"@type":"ListItem","position":1,"name":"Home","item":"https:\/\/skyhawksfusion.com\/gientnew\/"},{"@type":"ListItem","position":2,"name":"V\u1ec0 GIENT \uff08About GIENT\uff09"}]},{"@type":"WebSite","@id":"https:\/\/skyhawksfusion.com\/gientnew\/#website","url":"https:\/\/skyhawksfusion.com\/gientnew\/","name":"GIENT - Medical waste treatment and disposal equipment","description":"medical waste treatment, medical waste disposal, medical waste autoclave","potentialAction":[{"@type":"SearchAction","target":{"@type":"EntryPoint","urlTemplate":"https:\/\/skyhawksfusion.com\/gientnew\/?s={search_term_string}"},"query-input":{"@type":"PropertyValueSpecification","valueRequired":true,"valueName":"search_term_string"}}],"inLanguage":"en-US"}]}},"_links":{"self":[{"href":"https:\/\/skyhawksfusion.com\/gientnew\/wp-json\/wp\/v2\/pages\/2721","targetHints":{"allow":["GET"]}}],"collection":[{"href":"https:\/\/skyhawksfusion.com\/gientnew\/wp-json\/wp\/v2\/pages"}],"about":[{"href":"https:\/\/skyhawksfusion.com\/gientnew\/wp-json\/wp\/v2\/types\/page"}],"author":[{"embeddable":true,"href":"https:\/\/skyhawksfusion.com\/gientnew\/wp-json\/wp\/v2\/users\/1"}],"replies":[{"embeddable":true,"href":"https:\/\/skyhawksfusion.com\/gientnew\/wp-json\/wp\/v2\/comments?post=2721"}],"version-history":[{"count":8,"href":"https:\/\/skyhawksfusion.com\/gientnew\/wp-json\/wp\/v2\/pages\/2721\/revisions"}],"predecessor-version":[{"id":8807,"href":"https:\/\/skyhawksfusion.com\/gientnew\/wp-json\/wp\/v2\/pages\/2721\/revisions\/8807"}],"wp:attachment":[{"href":"https:\/\/skyhawksfusion.com\/gientnew\/wp-json\/wp\/v2\/media?parent=2721"}],"curies":[{"name":"wp","href":"https:\/\/api.w.org\/{rel}","templated":true}]}}