{"id":256,"date":"2016-04-07T11:55:45","date_gmt":"2016-04-07T11:55:45","guid":{"rendered":"https:\/\/skyhawksfusion.com\/gientnew\/?page_id=256"},"modified":"2025-12-11T07:01:22","modified_gmt":"2025-12-11T07:01:22","slug":"a-propos-de-gient","status":"publish","type":"page","link":"https:\/\/skyhawksfusion.com\/gientnew\/fr\/a-propos-de-gient\/","title":{"rendered":"\u00c0 PROPOS DE GIENT"},"content":{"rendered":"<div class=\"x-container max width\">\n<div class=\"x-column x-sm x-1-1\">\n<h2 class=\"h-custom-headline cs-ta-center man h3\">INTRODUCTION<\/h2>\n<\/div>\n<\/div>\n<div class=\"x-container max width\">\n<div class=\"x-column x-sm x-1-1\">\n<div class=\"x-text cs-ta-justify\">\n<p><strong>Fournisseur de premier plan avec plus de 20 ans d\u2019exp\u00e9rience<\/strong><\/p>\n<p>La soci\u00e9t\u00e9 Gient, cr\u00e9\u00e9e en 1995, est sp\u00e9cialis\u00e9e dans la conception, l\u2019ing\u00e9nierie et la fabrication de syst\u00e8mes de traitement des d\u00e9chets m\u00e9dicaux depuis plus de 20 ans. Nous adoptons les technologies les plus fiables, les plus s\u00fbres et les plus respectueuses de l\u2019environnement au monde et fabriquons des produits durables et de haute qualit\u00e9 pour les d\u00e9chets m\u00e9dicaux difficiles. Forts de notre riche exp\u00e9rience, nous sommes ravis de fournir \u00e0 nos clients des conseils professionnels sur divers projets de traitement des d\u00e9chets m\u00e9dicaux (DASRI, chimiques, pharmaceutiques etc.)<\/p>\n<p><strong>Une \u00e9quipe de recherche et de d\u00e9veloppement (R&amp;D) de haut niveau<\/strong><\/p>\n<p>Gient dispose d\u2019une \u00e9quipe de R&amp;D de haut niveau, ce qui lui permet de fournir des solutions compl\u00e8tes et ultimes, orient\u00e9es vers l\u2019avenir, pour le traitement et l\u2019\u00e9limination des d\u00e9chets m\u00e9dicaux. Gient propose des solutions pour les r\u00e9sidus des technologies de non-incin\u00e9ration, les d\u00e9chets chimiques et pharmaceutiques, ainsi que pour le recyclage des d\u00e9chets m\u00e9dicaux en plastique, aidant ainsi ses clients \u00e0 atteindre les objectifs de z\u00e9ro d\u00e9chet et de r\u00e9duction des \u00e9missions de carbone.<\/p>\n<p><strong>Coop\u00e9ration mondiale<\/strong><\/p>\n<p>Gient coop\u00e8re avec des leaders industriels, des agents et des clients du monde entier. Gient estime que la coop\u00e9ration mondiale nous permet de partager des id\u00e9es, des ressources et de l\u2019expertise. Cela nous aide \u00e0 d\u00e9velopper de meilleures technologies, \u00e0 am\u00e9liorer les produits et \u00e0 contribuer au bien-\u00eatre des personnes et de l\u2019environnement. Gient a \u00e9tabli des liens solides avec ses partenaires, ses clients, ses agents et ses distributeurs, et s\u2019engage \u00e0 les d\u00e9velopper.\u201d<\/p>\n<p>&nbsp;<\/p>\n<\/div>\n<\/div>\n<\/div>\n","protected":false},"excerpt":{"rendered":"<p>INTRODUCTION Fournisseur de premier plan avec plus de 20 ans d\u2019exp\u00e9rience La soci\u00e9t\u00e9 Gient, cr\u00e9\u00e9e en 1995, est sp\u00e9cialis\u00e9e dans la conception, l\u2019ing\u00e9nierie et la fabrication de syst\u00e8mes de traitement des d\u00e9chets m\u00e9dicaux depuis plus de 20 ans. Nous adoptons les technologies les plus fiables, les plus s\u00fbres et les plus respectueuses de l\u2019environnement au [&hellip;]<\/p>\n","protected":false},"author":1,"featured_media":0,"parent":0,"menu_order":0,"comment_status":"closed","ping_status":"closed","template":"template-about.php","meta":{"_acf_changed":false,"footnotes":""},"class_list":["post-256","page","type-page","status-publish","hentry"],"acf":[],"yoast_head":"<!-- This site is optimized with the Yoast SEO Premium plugin v25.6 (Yoast SEO v26.7) - https:\/\/yoast.com\/wordpress\/plugins\/seo\/ -->\n<title>GIENT | Chine principal fabricant d&#039;autoclave<\/title>\n<meta name=\"description\" content=\"Gient Heating Industry Co Ltd dedicada al dise\u00f1o, fabricaci\u00f3n y mantenimiento de residuos m\u00e9dicos en autoclave mediante tecnolog\u00eda de \u00faltima generaci\u00f3n.\" \/>\n<meta name=\"robots\" content=\"noindex, follow, max-snippet:-1, max-image-preview:large, max-video-preview:-1\" \/>\n<meta property=\"og:locale\" content=\"en_US\" \/>\n<meta property=\"og:type\" content=\"article\" \/>\n<meta property=\"og:title\" content=\"\u00c0 PROPOS DE GIENT\" \/>\n<meta property=\"og:description\" content=\"Gient Heating Industry Co Ltd dedicada al dise\u00f1o, fabricaci\u00f3n y mantenimiento de residuos m\u00e9dicos en autoclave mediante tecnolog\u00eda de \u00faltima generaci\u00f3n.\" \/>\n<meta property=\"og:url\" content=\"https:\/\/skyhawksfusion.com\/gientnew\/fr\/a-propos-de-gient\/\" \/>\n<meta property=\"og:site_name\" content=\"GIENT - Medical waste treatment and disposal equipment\" \/>\n<meta property=\"article:publisher\" content=\"https:\/\/www.facebook.com\/gient.net\/?fref=ts\" \/>\n<meta property=\"article:modified_time\" content=\"2025-12-11T07:01:22+00:00\" \/>\n<meta name=\"twitter:card\" content=\"summary_large_image\" \/>\n<meta name=\"twitter:site\" content=\"@GientNews\" \/>\n<meta name=\"twitter:label1\" content=\"Est. reading time\" \/>\n\t<meta name=\"twitter:data1\" content=\"2 minutes\" \/>\n<script type=\"application\/ld+json\" class=\"yoast-schema-graph\">{\"@context\":\"https:\/\/schema.org\",\"@graph\":[{\"@type\":\"WebPage\",\"@id\":\"https:\/\/skyhawksfusion.com\/gientnew\/fr\/a-propos-de-gient\/\",\"url\":\"https:\/\/skyhawksfusion.com\/gientnew\/fr\/a-propos-de-gient\/\",\"name\":\"GIENT | Chine principal fabricant d'autoclave\",\"isPartOf\":{\"@id\":\"https:\/\/skyhawksfusion.com\/gientnew\/#website\"},\"datePublished\":\"2016-04-07T11:55:45+00:00\",\"dateModified\":\"2025-12-11T07:01:22+00:00\",\"description\":\"Gient Heating Industry Co Ltd dedicada al dise\u00f1o, fabricaci\u00f3n y mantenimiento de residuos m\u00e9dicos en autoclave mediante tecnolog\u00eda de \u00faltima generaci\u00f3n.\",\"breadcrumb\":{\"@id\":\"https:\/\/skyhawksfusion.com\/gientnew\/fr\/a-propos-de-gient\/#breadcrumb\"},\"inLanguage\":\"en-US\",\"potentialAction\":[{\"@type\":\"ReadAction\",\"target\":[\"https:\/\/skyhawksfusion.com\/gientnew\/fr\/a-propos-de-gient\/\"]}]},{\"@type\":\"BreadcrumbList\",\"@id\":\"https:\/\/skyhawksfusion.com\/gientnew\/fr\/a-propos-de-gient\/#breadcrumb\",\"itemListElement\":[{\"@type\":\"ListItem\",\"position\":1,\"name\":\"Home\",\"item\":\"https:\/\/skyhawksfusion.com\/gientnew\/\"},{\"@type\":\"ListItem\",\"position\":2,\"name\":\"\u00c0 PROPOS DE GIENT\"}]},{\"@type\":\"WebSite\",\"@id\":\"https:\/\/skyhawksfusion.com\/gientnew\/#website\",\"url\":\"https:\/\/skyhawksfusion.com\/gientnew\/\",\"name\":\"GIENT - Medical waste treatment and disposal equipment\",\"description\":\"medical waste treatment, medical waste disposal, medical waste autoclave\",\"potentialAction\":[{\"@type\":\"SearchAction\",\"target\":{\"@type\":\"EntryPoint\",\"urlTemplate\":\"https:\/\/skyhawksfusion.com\/gientnew\/?s={search_term_string}\"},\"query-input\":{\"@type\":\"PropertyValueSpecification\",\"valueRequired\":true,\"valueName\":\"search_term_string\"}}],\"inLanguage\":\"en-US\"}]}<\/script>\n<!-- \/ Yoast SEO Premium plugin. -->","yoast_head_json":{"title":"GIENT | Chine principal fabricant d'autoclave","description":"Gient Heating Industry Co Ltd dedicada al dise\u00f1o, fabricaci\u00f3n y mantenimiento de residuos m\u00e9dicos en autoclave mediante tecnolog\u00eda de \u00faltima generaci\u00f3n.","robots":{"index":"noindex","follow":"follow","max-snippet":"max-snippet:-1","max-image-preview":"max-image-preview:large","max-video-preview":"max-video-preview:-1"},"og_locale":"en_US","og_type":"article","og_title":"\u00c0 PROPOS DE GIENT","og_description":"Gient Heating Industry Co Ltd dedicada al dise\u00f1o, fabricaci\u00f3n y mantenimiento de residuos m\u00e9dicos en autoclave mediante tecnolog\u00eda de \u00faltima generaci\u00f3n.","og_url":"https:\/\/skyhawksfusion.com\/gientnew\/fr\/a-propos-de-gient\/","og_site_name":"GIENT - Medical waste treatment and disposal equipment","article_publisher":"https:\/\/www.facebook.com\/gient.net\/?fref=ts","article_modified_time":"2025-12-11T07:01:22+00:00","twitter_card":"summary_large_image","twitter_site":"@GientNews","twitter_misc":{"Est. reading time":"2 minutes"},"schema":{"@context":"https:\/\/schema.org","@graph":[{"@type":"WebPage","@id":"https:\/\/skyhawksfusion.com\/gientnew\/fr\/a-propos-de-gient\/","url":"https:\/\/skyhawksfusion.com\/gientnew\/fr\/a-propos-de-gient\/","name":"GIENT | Chine principal fabricant d'autoclave","isPartOf":{"@id":"https:\/\/skyhawksfusion.com\/gientnew\/#website"},"datePublished":"2016-04-07T11:55:45+00:00","dateModified":"2025-12-11T07:01:22+00:00","description":"Gient Heating Industry Co Ltd dedicada al dise\u00f1o, fabricaci\u00f3n y mantenimiento de residuos m\u00e9dicos en autoclave mediante tecnolog\u00eda de \u00faltima generaci\u00f3n.","breadcrumb":{"@id":"https:\/\/skyhawksfusion.com\/gientnew\/fr\/a-propos-de-gient\/#breadcrumb"},"inLanguage":"en-US","potentialAction":[{"@type":"ReadAction","target":["https:\/\/skyhawksfusion.com\/gientnew\/fr\/a-propos-de-gient\/"]}]},{"@type":"BreadcrumbList","@id":"https:\/\/skyhawksfusion.com\/gientnew\/fr\/a-propos-de-gient\/#breadcrumb","itemListElement":[{"@type":"ListItem","position":1,"name":"Home","item":"https:\/\/skyhawksfusion.com\/gientnew\/"},{"@type":"ListItem","position":2,"name":"\u00c0 PROPOS DE GIENT"}]},{"@type":"WebSite","@id":"https:\/\/skyhawksfusion.com\/gientnew\/#website","url":"https:\/\/skyhawksfusion.com\/gientnew\/","name":"GIENT - Medical waste treatment and disposal equipment","description":"medical waste treatment, medical waste disposal, medical waste autoclave","potentialAction":[{"@type":"SearchAction","target":{"@type":"EntryPoint","urlTemplate":"https:\/\/skyhawksfusion.com\/gientnew\/?s={search_term_string}"},"query-input":{"@type":"PropertyValueSpecification","valueRequired":true,"valueName":"search_term_string"}}],"inLanguage":"en-US"}]}},"_links":{"self":[{"href":"https:\/\/skyhawksfusion.com\/gientnew\/wp-json\/wp\/v2\/pages\/256","targetHints":{"allow":["GET"]}}],"collection":[{"href":"https:\/\/skyhawksfusion.com\/gientnew\/wp-json\/wp\/v2\/pages"}],"about":[{"href":"https:\/\/skyhawksfusion.com\/gientnew\/wp-json\/wp\/v2\/types\/page"}],"author":[{"embeddable":true,"href":"https:\/\/skyhawksfusion.com\/gientnew\/wp-json\/wp\/v2\/users\/1"}],"replies":[{"embeddable":true,"href":"https:\/\/skyhawksfusion.com\/gientnew\/wp-json\/wp\/v2\/comments?post=256"}],"version-history":[{"count":11,"href":"https:\/\/skyhawksfusion.com\/gientnew\/wp-json\/wp\/v2\/pages\/256\/revisions"}],"predecessor-version":[{"id":8803,"href":"https:\/\/skyhawksfusion.com\/gientnew\/wp-json\/wp\/v2\/pages\/256\/revisions\/8803"}],"wp:attachment":[{"href":"https:\/\/skyhawksfusion.com\/gientnew\/wp-json\/wp\/v2\/media?parent=256"}],"curies":[{"name":"wp","href":"https:\/\/api.w.org\/{rel}","templated":true}]}}