{"id":222,"date":"2016-04-07T11:22:42","date_gmt":"2016-04-07T11:22:42","guid":{"rendered":"https:\/\/skyhawksfusion.com\/gientnew\/?page_id=222"},"modified":"2025-12-11T07:00:43","modified_gmt":"2025-12-11T07:00:43","slug":"acerca-de-gient","status":"publish","type":"page","link":"https:\/\/skyhawksfusion.com\/gientnew\/es\/acerca-de-gient\/","title":{"rendered":"Acerca de Gient"},"content":{"rendered":"<div class=\"x-container max width\">\n<div class=\"x-column x-sm x-1-1\">\n<h2 class=\"h-custom-headline cs-ta-center man h3\">INTRODUCCI\u00d3N<\/h2>\n<\/div>\n<\/div>\n<div class=\"x-container max width\">\n<div class=\"x-column x-sm x-1-1\">\n<div class=\"x-text cs-ta-justify\">\n<p><strong>Un proveedor l\u00edder con m\u00e1s de 20 a\u00f1os de experiencia<\/strong><\/p>\n<p>Gient fue fundada en 1995 y se ha especializado en el dise\u00f1o, la ingenier\u00eda y la fabricaci\u00f3n de sistemas de tratamiento de residuos m\u00e9dicos desde hace m\u00e1s de 20 a\u00f1os. Adoptamos las tecnolog\u00edas m\u00e1s fiables, seguras y ecol\u00f3gicas a nivel mundial y fabricamos productos duraderos y de alta calidad para tratar incluso los residuos m\u00e9dicos m\u00e1s complejos. Nuestra amplia experiencia que nos permite ofrecer a nuestros clientes asesoramiento profesional en diversos proyectos de tratamiento de residuos m\u00e9dicos.<\/p>\n<p><strong>Equipo de I+D de primer nivel<\/strong><\/p>\n<p>Gient cuenta con un equipo de I+D de primer nivel que ofrece soluciones de vanguardia, integrales y definitivas para el tratamiento y la eliminaci\u00f3n de residuos m\u00e9dicos. Gient ofrece soluciones para los residuos provenientes de tecnolog\u00edas que no emplean incineraci\u00f3n, residuos qu\u00edmicos y residuos farmac\u00e9uticos, as\u00ed como para reciclar pl\u00e1sticos de residuos m\u00e9dicos, lo cual ayuda a nuestros clientes a alcanzar sus objetivos en t\u00e9rminos de ausencia de residuos y reducci\u00f3n de emisiones de carbono.<\/p>\n<p><strong>Cooperaci\u00f3n internacional<\/strong><\/p>\n<p>Gient colabora con l\u00edderes industriales, agentes y clientes a nivel mundial y estamos convencidos de que el intercambio de ideas, recursos y experiencias en la cooperaci\u00f3n internacional nos permite desarrollar mejores tecnolog\u00edas, mejorar los productos y ayudar a las personas y el ambiente. Gient tiene el compromiso de seguir desarrollando s\u00f3lidos v\u00ednculos con socios, clientes, agentes y distribuidores.<\/p>\n<p>&nbsp;<\/p>\n<\/div>\n<\/div>\n<\/div>\n","protected":false},"excerpt":{"rendered":"<p>INTRODUCCI\u00d3N Un proveedor l\u00edder con m\u00e1s de 20 a\u00f1os de experiencia Gient fue fundada en 1995 y se ha especializado en el dise\u00f1o, la ingenier\u00eda y la fabricaci\u00f3n de sistemas de tratamiento de residuos m\u00e9dicos desde hace m\u00e1s de 20 a\u00f1os. Adoptamos las tecnolog\u00edas m\u00e1s fiables, seguras y ecol\u00f3gicas a nivel mundial y fabricamos productos [&hellip;]<\/p>\n","protected":false},"author":1,"featured_media":0,"parent":0,"menu_order":0,"comment_status":"closed","ping_status":"closed","template":"template-about.php","meta":{"_acf_changed":false,"footnotes":""},"class_list":["post-222","page","type-page","status-publish","hentry"],"acf":[],"yoast_head":"<!-- This site is optimized with the Yoast SEO Premium plugin v25.6 (Yoast SEO v26.7) - https:\/\/yoast.com\/wordpress\/plugins\/seo\/ -->\n<title>Gient Heating Industry | China fabricante l\u00edder de autoclave<\/title>\n<meta name=\"description\" content=\"Gient Heating Industry Co Ltd dedicada al dise\u00f1o, la fabricaci\u00f3n y el mantenimiento de autocalve de residuos sanitarios a trav\u00e9s de tecnolog\u00eda de vanguardia\" \/>\n<meta name=\"robots\" content=\"noindex, follow, max-snippet:-1, max-image-preview:large, max-video-preview:-1\" \/>\n<meta property=\"og:locale\" content=\"en_US\" \/>\n<meta property=\"og:type\" content=\"article\" \/>\n<meta property=\"og:title\" content=\"Acerca de Gient\" \/>\n<meta property=\"og:description\" content=\"Gient Heating Industry Co Ltd dedicada al dise\u00f1o, la fabricaci\u00f3n y el mantenimiento de autocalve de residuos sanitarios a trav\u00e9s de tecnolog\u00eda de vanguardia\" \/>\n<meta property=\"og:url\" content=\"https:\/\/skyhawksfusion.com\/gientnew\/es\/acerca-de-gient\/\" \/>\n<meta property=\"og:site_name\" content=\"GIENT - Medical waste treatment and disposal equipment\" \/>\n<meta property=\"article:publisher\" content=\"https:\/\/www.facebook.com\/gient.net\/?fref=ts\" \/>\n<meta property=\"article:modified_time\" content=\"2025-12-11T07:00:43+00:00\" \/>\n<meta name=\"twitter:card\" content=\"summary_large_image\" \/>\n<meta name=\"twitter:site\" content=\"@GientNews\" \/>\n<meta name=\"twitter:label1\" content=\"Est. reading time\" \/>\n\t<meta name=\"twitter:data1\" content=\"1 minute\" \/>\n<script type=\"application\/ld+json\" class=\"yoast-schema-graph\">{\"@context\":\"https:\/\/schema.org\",\"@graph\":[{\"@type\":\"WebPage\",\"@id\":\"https:\/\/skyhawksfusion.com\/gientnew\/es\/acerca-de-gient\/\",\"url\":\"https:\/\/skyhawksfusion.com\/gientnew\/es\/acerca-de-gient\/\",\"name\":\"Gient Heating Industry | China fabricante l\u00edder de autoclave\",\"isPartOf\":{\"@id\":\"https:\/\/skyhawksfusion.com\/gientnew\/#website\"},\"datePublished\":\"2016-04-07T11:22:42+00:00\",\"dateModified\":\"2025-12-11T07:00:43+00:00\",\"description\":\"Gient Heating Industry Co Ltd dedicada al dise\u00f1o, la fabricaci\u00f3n y el mantenimiento de autocalve de residuos sanitarios a trav\u00e9s de tecnolog\u00eda de vanguardia\",\"breadcrumb\":{\"@id\":\"https:\/\/skyhawksfusion.com\/gientnew\/es\/acerca-de-gient\/#breadcrumb\"},\"inLanguage\":\"en-US\",\"potentialAction\":[{\"@type\":\"ReadAction\",\"target\":[\"https:\/\/skyhawksfusion.com\/gientnew\/es\/acerca-de-gient\/\"]}]},{\"@type\":\"BreadcrumbList\",\"@id\":\"https:\/\/skyhawksfusion.com\/gientnew\/es\/acerca-de-gient\/#breadcrumb\",\"itemListElement\":[{\"@type\":\"ListItem\",\"position\":1,\"name\":\"Home\",\"item\":\"https:\/\/skyhawksfusion.com\/gientnew\/\"},{\"@type\":\"ListItem\",\"position\":2,\"name\":\"Acerca de Gient\"}]},{\"@type\":\"WebSite\",\"@id\":\"https:\/\/skyhawksfusion.com\/gientnew\/#website\",\"url\":\"https:\/\/skyhawksfusion.com\/gientnew\/\",\"name\":\"GIENT - Medical waste treatment and disposal equipment\",\"description\":\"medical waste treatment, medical waste disposal, medical waste autoclave\",\"potentialAction\":[{\"@type\":\"SearchAction\",\"target\":{\"@type\":\"EntryPoint\",\"urlTemplate\":\"https:\/\/skyhawksfusion.com\/gientnew\/?s={search_term_string}\"},\"query-input\":{\"@type\":\"PropertyValueSpecification\",\"valueRequired\":true,\"valueName\":\"search_term_string\"}}],\"inLanguage\":\"en-US\"}]}<\/script>\n<!-- \/ Yoast SEO Premium plugin. -->","yoast_head_json":{"title":"Gient Heating Industry | China fabricante l\u00edder de autoclave","description":"Gient Heating Industry Co Ltd dedicada al dise\u00f1o, la fabricaci\u00f3n y el mantenimiento de autocalve de residuos sanitarios a trav\u00e9s de tecnolog\u00eda de vanguardia","robots":{"index":"noindex","follow":"follow","max-snippet":"max-snippet:-1","max-image-preview":"max-image-preview:large","max-video-preview":"max-video-preview:-1"},"og_locale":"en_US","og_type":"article","og_title":"Acerca de Gient","og_description":"Gient Heating Industry Co Ltd dedicada al dise\u00f1o, la fabricaci\u00f3n y el mantenimiento de autocalve de residuos sanitarios a trav\u00e9s de tecnolog\u00eda de vanguardia","og_url":"https:\/\/skyhawksfusion.com\/gientnew\/es\/acerca-de-gient\/","og_site_name":"GIENT - Medical waste treatment and disposal equipment","article_publisher":"https:\/\/www.facebook.com\/gient.net\/?fref=ts","article_modified_time":"2025-12-11T07:00:43+00:00","twitter_card":"summary_large_image","twitter_site":"@GientNews","twitter_misc":{"Est. reading time":"1 minute"},"schema":{"@context":"https:\/\/schema.org","@graph":[{"@type":"WebPage","@id":"https:\/\/skyhawksfusion.com\/gientnew\/es\/acerca-de-gient\/","url":"https:\/\/skyhawksfusion.com\/gientnew\/es\/acerca-de-gient\/","name":"Gient Heating Industry | China fabricante l\u00edder de autoclave","isPartOf":{"@id":"https:\/\/skyhawksfusion.com\/gientnew\/#website"},"datePublished":"2016-04-07T11:22:42+00:00","dateModified":"2025-12-11T07:00:43+00:00","description":"Gient Heating Industry Co Ltd dedicada al dise\u00f1o, la fabricaci\u00f3n y el mantenimiento de autocalve de residuos sanitarios a trav\u00e9s de tecnolog\u00eda de vanguardia","breadcrumb":{"@id":"https:\/\/skyhawksfusion.com\/gientnew\/es\/acerca-de-gient\/#breadcrumb"},"inLanguage":"en-US","potentialAction":[{"@type":"ReadAction","target":["https:\/\/skyhawksfusion.com\/gientnew\/es\/acerca-de-gient\/"]}]},{"@type":"BreadcrumbList","@id":"https:\/\/skyhawksfusion.com\/gientnew\/es\/acerca-de-gient\/#breadcrumb","itemListElement":[{"@type":"ListItem","position":1,"name":"Home","item":"https:\/\/skyhawksfusion.com\/gientnew\/"},{"@type":"ListItem","position":2,"name":"Acerca de Gient"}]},{"@type":"WebSite","@id":"https:\/\/skyhawksfusion.com\/gientnew\/#website","url":"https:\/\/skyhawksfusion.com\/gientnew\/","name":"GIENT - Medical waste treatment and disposal equipment","description":"medical waste treatment, medical waste disposal, medical waste autoclave","potentialAction":[{"@type":"SearchAction","target":{"@type":"EntryPoint","urlTemplate":"https:\/\/skyhawksfusion.com\/gientnew\/?s={search_term_string}"},"query-input":{"@type":"PropertyValueSpecification","valueRequired":true,"valueName":"search_term_string"}}],"inLanguage":"en-US"}]}},"_links":{"self":[{"href":"https:\/\/skyhawksfusion.com\/gientnew\/wp-json\/wp\/v2\/pages\/222","targetHints":{"allow":["GET"]}}],"collection":[{"href":"https:\/\/skyhawksfusion.com\/gientnew\/wp-json\/wp\/v2\/pages"}],"about":[{"href":"https:\/\/skyhawksfusion.com\/gientnew\/wp-json\/wp\/v2\/types\/page"}],"author":[{"embeddable":true,"href":"https:\/\/skyhawksfusion.com\/gientnew\/wp-json\/wp\/v2\/users\/1"}],"replies":[{"embeddable":true,"href":"https:\/\/skyhawksfusion.com\/gientnew\/wp-json\/wp\/v2\/comments?post=222"}],"version-history":[{"count":21,"href":"https:\/\/skyhawksfusion.com\/gientnew\/wp-json\/wp\/v2\/pages\/222\/revisions"}],"predecessor-version":[{"id":8800,"href":"https:\/\/skyhawksfusion.com\/gientnew\/wp-json\/wp\/v2\/pages\/222\/revisions\/8800"}],"wp:attachment":[{"href":"https:\/\/skyhawksfusion.com\/gientnew\/wp-json\/wp\/v2\/media?parent=222"}],"curies":[{"name":"wp","href":"https:\/\/api.w.org\/{rel}","templated":true}]}}