{"id":1292,"date":"2016-08-08T08:42:11","date_gmt":"2016-08-08T08:42:11","guid":{"rendered":"https:\/\/skyhawksfusion.com\/gientnew\/?page_id=1292"},"modified":"2025-12-10T16:31:26","modified_gmt":"2025-12-10T16:31:26","slug":"estacion-movil-de-tratamiento-de-residuos-medicos","status":"publish","type":"page","link":"https:\/\/skyhawksfusion.com\/gientnew\/es\/estacion-movil-de-tratamiento-de-residuos-medicos\/","title":{"rendered":"Estaci\u00f3n M\u00f3vil de Tratamiento de Residuos Hospitalarios"},"content":{"rendered":"","protected":false},"excerpt":{"rendered":"","protected":false},"author":1,"featured_media":0,"parent":0,"menu_order":0,"comment_status":"closed","ping_status":"closed","template":"template-product-detail.php","meta":{"_acf_changed":false,"footnotes":""},"class_list":["post-1292","page","type-page","status-publish","hentry"],"acf":[],"yoast_head":"<!-- This site is optimized with the Yoast SEO Premium plugin v25.6 (Yoast SEO v26.7) - https:\/\/yoast.com\/wordpress\/plugins\/seo\/ -->\n<title>Estaci\u00f3n M\u00f3vil de Tratamiento de Residuos Medicos contra COVID-19 | Gient<\/title>\n<meta name=\"description\" content=\"La Estaci\u00f3n M\u00f3vil se usa para procesar desechos m\u00e9dicos en COVID-19. El sistema no necesita infraestructura y cuenta con una gran capacidad de tratamiento siempre que haya agua disponible.\" \/>\n<meta name=\"robots\" content=\"noindex, follow, max-snippet:-1, max-image-preview:large, max-video-preview:-1\" \/>\n<meta property=\"og:locale\" content=\"en_US\" \/>\n<meta property=\"og:type\" content=\"article\" \/>\n<meta property=\"og:title\" content=\"Estaci\u00f3n M\u00f3vil de Tratamiento de Residuos Hospitalarios\" \/>\n<meta property=\"og:description\" content=\"La Estaci\u00f3n M\u00f3vil se usa para procesar desechos m\u00e9dicos en COVID-19. El sistema no necesita infraestructura y cuenta con una gran capacidad de tratamiento siempre que haya agua disponible.\" \/>\n<meta property=\"og:url\" content=\"https:\/\/skyhawksfusion.com\/gientnew\/es\/estacion-movil-de-tratamiento-de-residuos-medicos\/\" \/>\n<meta property=\"og:site_name\" content=\"GIENT - Medical waste treatment and disposal equipment\" \/>\n<meta property=\"article:publisher\" content=\"https:\/\/www.facebook.com\/gient.net\/?fref=ts\" \/>\n<meta property=\"article:modified_time\" content=\"2025-12-10T16:31:26+00:00\" \/>\n<meta property=\"og:image\" content=\"https:\/\/skyhawksfusion.com\/gientnew\/wp-content\/uploads\/2016\/09\/MWM-300x170.png\" \/>\n<meta name=\"twitter:card\" content=\"summary_large_image\" \/>\n<meta name=\"twitter:site\" content=\"@GientNews\" \/>\n<script type=\"application\/ld+json\" class=\"yoast-schema-graph\">{\"@context\":\"https:\/\/schema.org\",\"@graph\":[{\"@type\":\"WebPage\",\"@id\":\"https:\/\/skyhawksfusion.com\/gientnew\/es\/estacion-movil-de-tratamiento-de-residuos-medicos\/\",\"url\":\"https:\/\/skyhawksfusion.com\/gientnew\/es\/estacion-movil-de-tratamiento-de-residuos-medicos\/\",\"name\":\"Estaci\u00f3n M\u00f3vil de Tratamiento de Residuos Medicos contra COVID-19 | Gient\",\"isPartOf\":{\"@id\":\"https:\/\/skyhawksfusion.com\/gientnew\/#website\"},\"datePublished\":\"2016-08-08T08:42:11+00:00\",\"dateModified\":\"2025-12-10T16:31:26+00:00\",\"description\":\"La Estaci\u00f3n M\u00f3vil se usa para procesar desechos m\u00e9dicos en COVID-19. El sistema no necesita infraestructura y cuenta con una gran capacidad de tratamiento siempre que haya agua disponible.\",\"breadcrumb\":{\"@id\":\"https:\/\/skyhawksfusion.com\/gientnew\/es\/estacion-movil-de-tratamiento-de-residuos-medicos\/#breadcrumb\"},\"inLanguage\":\"en-US\",\"potentialAction\":[{\"@type\":\"ReadAction\",\"target\":[\"https:\/\/skyhawksfusion.com\/gientnew\/es\/estacion-movil-de-tratamiento-de-residuos-medicos\/\"]}]},{\"@type\":\"BreadcrumbList\",\"@id\":\"https:\/\/skyhawksfusion.com\/gientnew\/es\/estacion-movil-de-tratamiento-de-residuos-medicos\/#breadcrumb\",\"itemListElement\":[{\"@type\":\"ListItem\",\"position\":1,\"name\":\"Home\",\"item\":\"https:\/\/skyhawksfusion.com\/gientnew\/\"},{\"@type\":\"ListItem\",\"position\":2,\"name\":\"Estaci\u00f3n M\u00f3vil de Tratamiento de Residuos Hospitalarios\"}]},{\"@type\":\"WebSite\",\"@id\":\"https:\/\/skyhawksfusion.com\/gientnew\/#website\",\"url\":\"https:\/\/skyhawksfusion.com\/gientnew\/\",\"name\":\"GIENT - Medical waste treatment and disposal equipment\",\"description\":\"medical waste treatment, medical waste disposal, medical waste autoclave\",\"potentialAction\":[{\"@type\":\"SearchAction\",\"target\":{\"@type\":\"EntryPoint\",\"urlTemplate\":\"https:\/\/skyhawksfusion.com\/gientnew\/?s={search_term_string}\"},\"query-input\":{\"@type\":\"PropertyValueSpecification\",\"valueRequired\":true,\"valueName\":\"search_term_string\"}}],\"inLanguage\":\"en-US\"}]}<\/script>\n<!-- \/ Yoast SEO Premium plugin. -->","yoast_head_json":{"title":"Estaci\u00f3n M\u00f3vil de Tratamiento de Residuos Medicos contra COVID-19 | Gient","description":"La Estaci\u00f3n M\u00f3vil se usa para procesar desechos m\u00e9dicos en COVID-19. El sistema no necesita infraestructura y cuenta con una gran capacidad de tratamiento siempre que haya agua disponible.","robots":{"index":"noindex","follow":"follow","max-snippet":"max-snippet:-1","max-image-preview":"max-image-preview:large","max-video-preview":"max-video-preview:-1"},"og_locale":"en_US","og_type":"article","og_title":"Estaci\u00f3n M\u00f3vil de Tratamiento de Residuos Hospitalarios","og_description":"La Estaci\u00f3n M\u00f3vil se usa para procesar desechos m\u00e9dicos en COVID-19. El sistema no necesita infraestructura y cuenta con una gran capacidad de tratamiento siempre que haya agua disponible.","og_url":"https:\/\/skyhawksfusion.com\/gientnew\/es\/estacion-movil-de-tratamiento-de-residuos-medicos\/","og_site_name":"GIENT - Medical waste treatment and disposal equipment","article_publisher":"https:\/\/www.facebook.com\/gient.net\/?fref=ts","article_modified_time":"2025-12-10T16:31:26+00:00","og_image":[{"url":"https:\/\/skyhawksfusion.com\/gientnew\/wp-content\/uploads\/2016\/09\/MWM-300x170.png","type":"","width":"","height":""}],"twitter_card":"summary_large_image","twitter_site":"@GientNews","schema":{"@context":"https:\/\/schema.org","@graph":[{"@type":"WebPage","@id":"https:\/\/skyhawksfusion.com\/gientnew\/es\/estacion-movil-de-tratamiento-de-residuos-medicos\/","url":"https:\/\/skyhawksfusion.com\/gientnew\/es\/estacion-movil-de-tratamiento-de-residuos-medicos\/","name":"Estaci\u00f3n M\u00f3vil de Tratamiento de Residuos Medicos contra COVID-19 | Gient","isPartOf":{"@id":"https:\/\/skyhawksfusion.com\/gientnew\/#website"},"datePublished":"2016-08-08T08:42:11+00:00","dateModified":"2025-12-10T16:31:26+00:00","description":"La Estaci\u00f3n M\u00f3vil se usa para procesar desechos m\u00e9dicos en COVID-19. El sistema no necesita infraestructura y cuenta con una gran capacidad de tratamiento siempre que haya agua disponible.","breadcrumb":{"@id":"https:\/\/skyhawksfusion.com\/gientnew\/es\/estacion-movil-de-tratamiento-de-residuos-medicos\/#breadcrumb"},"inLanguage":"en-US","potentialAction":[{"@type":"ReadAction","target":["https:\/\/skyhawksfusion.com\/gientnew\/es\/estacion-movil-de-tratamiento-de-residuos-medicos\/"]}]},{"@type":"BreadcrumbList","@id":"https:\/\/skyhawksfusion.com\/gientnew\/es\/estacion-movil-de-tratamiento-de-residuos-medicos\/#breadcrumb","itemListElement":[{"@type":"ListItem","position":1,"name":"Home","item":"https:\/\/skyhawksfusion.com\/gientnew\/"},{"@type":"ListItem","position":2,"name":"Estaci\u00f3n M\u00f3vil de Tratamiento de Residuos Hospitalarios"}]},{"@type":"WebSite","@id":"https:\/\/skyhawksfusion.com\/gientnew\/#website","url":"https:\/\/skyhawksfusion.com\/gientnew\/","name":"GIENT - Medical waste treatment and disposal equipment","description":"medical waste treatment, medical waste disposal, medical waste autoclave","potentialAction":[{"@type":"SearchAction","target":{"@type":"EntryPoint","urlTemplate":"https:\/\/skyhawksfusion.com\/gientnew\/?s={search_term_string}"},"query-input":{"@type":"PropertyValueSpecification","valueRequired":true,"valueName":"search_term_string"}}],"inLanguage":"en-US"}]}},"_links":{"self":[{"href":"https:\/\/skyhawksfusion.com\/gientnew\/wp-json\/wp\/v2\/pages\/1292","targetHints":{"allow":["GET"]}}],"collection":[{"href":"https:\/\/skyhawksfusion.com\/gientnew\/wp-json\/wp\/v2\/pages"}],"about":[{"href":"https:\/\/skyhawksfusion.com\/gientnew\/wp-json\/wp\/v2\/types\/page"}],"author":[{"embeddable":true,"href":"https:\/\/skyhawksfusion.com\/gientnew\/wp-json\/wp\/v2\/users\/1"}],"replies":[{"embeddable":true,"href":"https:\/\/skyhawksfusion.com\/gientnew\/wp-json\/wp\/v2\/comments?post=1292"}],"version-history":[{"count":16,"href":"https:\/\/skyhawksfusion.com\/gientnew\/wp-json\/wp\/v2\/pages\/1292\/revisions"}],"predecessor-version":[{"id":8719,"href":"https:\/\/skyhawksfusion.com\/gientnew\/wp-json\/wp\/v2\/pages\/1292\/revisions\/8719"}],"wp:attachment":[{"href":"https:\/\/skyhawksfusion.com\/gientnew\/wp-json\/wp\/v2\/media?parent=1292"}],"curies":[{"name":"wp","href":"https:\/\/api.w.org\/{rel}","templated":true}]}}