{"id":1276,"date":"2016-08-08T08:01:26","date_gmt":"2016-08-08T08:01:26","guid":{"rendered":"https:\/\/skyhawksfusion.com\/gientnew\/?page_id=1276"},"modified":"2026-02-07T08:48:00","modified_gmt":"2026-02-07T08:48:00","slug":"autoclave-de-residuos-medicos","status":"publish","type":"page","link":"https:\/\/skyhawksfusion.com\/gientnew\/es\/autoclave-de-residuos-medicos\/","title":{"rendered":"Autoclave de residuos hospitalarios"},"content":{"rendered":"<p>[cs_content][cs_section parallax=&#8221;false&#8221; style=&#8221;margin: 0px;padding: 45px 0px;&#8221;][cs_row inner_container=&#8221;true&#8221; marginless_columns=&#8221;false&#8221; style=&#8221;margin: 0px auto;padding: 0px;&#8221;][cs_column fade=&#8221;false&#8221; fade_animation=&#8221;in&#8221; fade_animation_offset=&#8221;45px&#8221; fade_duration=&#8221;750&#8243; type=&#8221;1\/1&#8243; style=&#8221;padding: 0px;&#8221;][x_custom_headline level=&#8221;h2&#8243; looks_like=&#8221;h2&#8243; accent=&#8221;false&#8221; class=&#8221;cs-ta-left&#8221;]SISTEMA DE AUTOCLAVE PARA RESIDUOS M\u00c9DICOS<br \/>\n(SERIE MWC)<br \/>\n[\/x_custom_headline][\/cs_column][\/cs_row][\/cs_section][cs_section parallax=&#8221;false&#8221; style=&#8221;margin: 0px;padding: 45px 0px;&#8221;][cs_row inner_container=&#8221;true&#8221; marginless_columns=&#8221;false&#8221; style=&#8221;margin: 0px auto;padding: 0px;&#8221;][cs_column fade=&#8221;false&#8221; fade_animation=&#8221;in&#8221; fade_animation_offset=&#8221;45px&#8221; fade_duration=&#8221;750&#8243; type=&#8221;1\/2&#8243; style=&#8221;padding: 0px;&#8221;][x_image type=&#8221;none&#8221; src=&#8221;https:\/\/skyhawksfusion.com\/gientnew\/wp-content\/uploads\/2016\/07\/MWC650.png&#8221; alt=&#8221;&#8221; link=&#8221;false&#8221; href=&#8221;#&#8221; title=&#8221;&#8221; target=&#8221;&#8221; info=&#8221;none&#8221; info_place=&#8221;top&#8221; info_trigger=&#8221;hover&#8221; info_content=&#8221;&#8221;][x_share title=&#8221; &#8221; share_title=&#8221;&#8221; facebook=&#8221;true&#8221; twitter=&#8221;true&#8221; google_plus=&#8221;true&#8221; linkedin=&#8221;false&#8221; pinterest=&#8221;false&#8221; reddit=&#8221;false&#8221; email=&#8221;true&#8221; email_subject=&#8221;Hey, thought you might enjoy this! Check it out when you have a chance:&#8221;][x_button shape=&#8221;pill&#8221; size=&#8221;large&#8221; block=&#8221;true&#8221; circle=&#8221;false&#8221; icon_only=&#8221;false&#8221; href=&#8221;https:\/\/skyhawksfusion.com\/gientnew\/es\/contactenos\/&#8221; title=&#8221;&#8221; target=&#8221;&#8221; info=&#8221;none&#8221; info_place=&#8221;top&#8221; info_trigger=&#8221;hover&#8221; info_content=&#8221;&#8221;][x_icon type=&#8221;lightbulb-o&#8221; class=&#8221;mvn mln mrs&#8221;]SOLICITAR UN CAT\u00c1LOGO DE PRODUCTOS[\/x_button][\/cs_column][cs_column fade=&#8221;false&#8221; fade_animation=&#8221;in&#8221; fade_animation_offset=&#8221;45px&#8221; fade_duration=&#8221;750&#8243; type=&#8221;1\/2&#8243; style=&#8221;padding: 0px;&#8221;][x_feature_list][x_feature_box title=&#8221;APLICACI\u00d3N&#8221; title_color=&#8221;&#8221; text_color=&#8221;&#8221; graphic=&#8221;icon&#8221; graphic_size=&#8221;60px&#8221; graphic_shape=&#8221;circle&#8221; graphic_color=&#8221;#ffffff&#8221; graphic_bg_color=&#8221;#ff9900&#8243; align_h=&#8221;left&#8221; align_v=&#8221;top&#8221; side_graphic_spacing=&#8221;20px&#8221; max_width=&#8221;none&#8221; child=&#8221;true&#8221; connector_width=&#8221;1px&#8221; connector_style=&#8221;dashed&#8221; connector_color=&#8221;#272727&#8243; graphic_icon=&#8221;home&#8221;]Plantas de tratamiento de residuos m\u00e9dicos[\/x_feature_box][x_feature_box title=&#8221;CAPACIDAD DE UNA UNIDAD&#8221; title_color=&#8221;&#8221; text_color=&#8221;&#8221; graphic=&#8221;icon&#8221; graphic_size=&#8221;60px&#8221; graphic_shape=&#8221;circle&#8221; graphic_color=&#8221;#ffffff&#8221; graphic_bg_color=&#8221;#ff9900&#8243; align_h=&#8221;left&#8221; align_v=&#8221;top&#8221; side_graphic_spacing=&#8221;20px&#8221; max_width=&#8221;none&#8221; child=&#8221;true&#8221; connector_width=&#8221;1px&#8221; connector_style=&#8221;dashed&#8221; connector_color=&#8221;#272727&#8243; graphic_icon=&#8221;cubes&#8221;]100 kg \u2013 1 t por ciclo[\/x_feature_box][x_feature_box title=&#8221;M\u00c9TODO&#8221; title_color=&#8221;&#8221; text_color=&#8221;&#8221; graphic=&#8221;icon&#8221; graphic_size=&#8221;60px&#8221; graphic_shape=&#8221;circle&#8221; graphic_color=&#8221;#ffffff&#8221; graphic_bg_color=&#8221;#ff9900&#8243; align_h=&#8221;left&#8221; align_v=&#8221;top&#8221; side_graphic_spacing=&#8221;20px&#8221; max_width=&#8221;none&#8221; child=&#8221;true&#8221; connector_width=&#8221;1px&#8221; connector_style=&#8221;dashed&#8221; connector_color=&#8221;#272727&#8243; graphic_icon=&#8221;cogs&#8221;]Autoclave de alto vac\u00edo y alta presi\u00f3n que funciona independientemente con una trituradora[\/x_feature_box][x_feature_box title=&#8221;TEMPERATURA Y PRESI\u00d3N DE TRABAJO&#8221; title_color=&#8221;&#8221; text_color=&#8221;&#8221; graphic=&#8221;icon&#8221; graphic_size=&#8221;60px&#8221; graphic_shape=&#8221;circle&#8221; graphic_color=&#8221;#ffffff&#8221; graphic_bg_color=&#8221;#ff9900&#8243; align_h=&#8221;left&#8221; align_v=&#8221;top&#8221; side_graphic_spacing=&#8221;20px&#8221; max_width=&#8221;none&#8221; child=&#8221;true&#8221; connector_width=&#8221;1px&#8221; connector_style=&#8221;dashed&#8221; connector_color=&#8221;#272727&#8243; graphic_icon=&#8221;dashboard&#8221;]134 \u00b0C, 2.2 bar (ajustable)[\/x_feature_box][x_feature_box title=&#8221;INACTIVACI\u00d3N MICROBIANA&#8221; title_color=&#8221;&#8221; text_color=&#8221;&#8221; graphic=&#8221;icon&#8221; graphic_size=&#8221;60px&#8221; graphic_shape=&#8221;circle&#8221; graphic_color=&#8221;#ffffff&#8221; graphic_bg_color=&#8221;#ff9900&#8243; align_h=&#8221;left&#8221; align_v=&#8221;top&#8221; side_graphic_spacing=&#8221;20px&#8221; max_width=&#8221;none&#8221; child=&#8221;true&#8221; connector_width=&#8221;1px&#8221; connector_style=&#8221;dashed&#8221; connector_color=&#8221;#272727&#8243; graphic_icon=&#8221;line-chart&#8221;]6 log 10 (99.9999%)[\/x_feature_box][\/x_feature_list][\/cs_column][\/cs_row][\/cs_section][cs_section parallax=&#8221;false&#8221; style=&#8221;margin: 0px;padding: 45px 0px;&#8221;][cs_row inner_container=&#8221;true&#8221; marginless_columns=&#8221;false&#8221; style=&#8221;margin: 0px auto;padding: 0px;&#8221;][cs_column fade=&#8221;false&#8221; fade_animation=&#8221;in&#8221; fade_animation_offset=&#8221;45px&#8221; fade_duration=&#8221;750&#8243; type=&#8221;1\/1&#8243; style=&#8221;padding: 0px;&#8221;][x_tab_nav type=&#8221;four-up&#8221; float=&#8221;top&#8221;][x_tab_nav_item title=&#8221;Descripci\u00f3n&#8221; active=&#8221;true&#8221;][x_tab_nav_item title=&#8221;Proceso de Funcionamiento&#8221; active=&#8221;false&#8221;][x_tab_nav_item title=&#8221;Certificados&#8221; active=&#8221;true&#8221;][x_tab_nav_item title=&#8221;Composici\u00f3n del Sistema&#8221; active=&#8221;false&#8221;][\/x_tab_nav][x_tabs][x_tab active=&#8221;true&#8221;]<span style=\"color: #ff9900;\"><strong>Soluci\u00f3n para plantas comerciales de tratamiento centralizado de residuos m\u00e9dicos<\/strong><\/span><\/p>\n<p><span style=\"color: #333333;\">El Sistema de Autoclave para Residuos M\u00e9dicos (Serie MWC) es un sistema de autoclave de alto vac\u00edo, alta temperatura y alta presi\u00f3n que tiene aplicaci\u00f3n generalmente en plantas comerciales de tratamiento centralizado de residuos m\u00e9dicos que proporcionan servicios de recolecci\u00f3n, procesamiento y desecho de residuos m\u00e9dicos generados en hospitales e instituciones de atenci\u00f3n m\u00e9dica.<\/span><\/p>\n<p>En la Serie MWC, la autoclave de residuos m\u00e9dicos y la trituradora trabajan por separado e independientemente. En primer lugar, los residuos m\u00e9dicos se esterilizan completamente en la autoclave y, en seguida, se transfieren a la trituradora de residuos m\u00e9dicos para destruir los residuos esterilizados.<\/p>\n<p>Para el caso de plantas de tratamiento de residuos m\u00e9dicos, Gient ofrece una soluci\u00f3n integral que incluye autoclave, trituradora, caldera, sistema de transporte autom\u00e1tico, sistema de desodorizaci\u00f3n y tratamiento del aire del \u00e1rea de trabajo, sistema de tratamiento y reciclaje de aguas residuales, sistema de vigilancia, etc., y, gracias a nuestra vasta experiencia, ofrecemos a los clientes la opci\u00f3n de personalizaci\u00f3n del dise\u00f1o.<\/p>\n<p><span style=\"color: #ff9900;\"><strong>Caracter\u00edsticas y ventajas principales<\/strong><\/span><\/p>\n<p>&nbsp;<\/p>\n<ul>\n<li><strong><span style=\"color: #333333;\">Simple, segura, eficiente y ecol\u00f3gica<\/span><\/strong><\/li>\n<li><strong><span style=\"color: #333333;\">Proceso ecol\u00f3gico sin emisiones peligrosas, sin productos qu\u00edmicos NI radiaci\u00f3n<\/span><\/strong><\/li>\n<li><strong><span style=\"color: #333333;\">Sistema llave en mano, suministro completo, autoclave, trituradora, caldera, etc.<\/span><\/strong><\/li>\n<li><strong><span style=\"color: #333333;\">Tecnolog\u00eda avanzada que evita la corrosi\u00f3n por la presencia de iones de cloruro en los residuos m\u00e9dicos<\/span><\/strong><\/li>\n<li><strong><span style=\"color: #333333;\">Tecnolog\u00eda avanzada de control de olores que garantiza un ambiente de trabajo confortable<\/span><\/strong><\/li>\n<li><strong><span style=\"color: #333333;\">Funcionamiento y mantenimiento econ\u00f3micos<\/span><\/strong><\/li>\n<li><strong><span style=\"color: #333333;\">Sistema opcional de supervisi\u00f3n y grabaci\u00f3n a distancia. El personal en oficinas puede observar y controlar el proceso en directo<\/span><\/strong><\/li>\n<li><strong><span style=\"color: #333333;\"> Vida \u00fatil de al menos 15 a\u00f1os<\/span><\/strong><\/li>\n<\/ul>\n<p>&nbsp;<\/p>\n<p>&nbsp;<\/p>\n<p><a href=\"https:\/\/skyhawksfusion.com\/gientnew\/es\/por-que-elegirnos\/\"><br \/>\nM\u00e1s informaci\u00f3n sobre el tratamiento de residuos m\u00e9dicos.<\/a><\/p>\n<p>[\/x_tab][x_tab active=&#8221;false&#8221;][x_video_embed type=&#8221;16:9&#8243; no_container=&#8221;true&#8221;]<iframe loading=\"lazy\" src=\"https:\/\/www.youtube.com\/embed\/vRXeUYZ8uyQ\" width=\"560\" height=\"315\" frameborder=\"0\" allowfullscreen=\"allowfullscreen\"><\/iframe>[\/x_video_embed][\/x_tab][x_tab active=&#8221;true&#8221;]<br \/>\n[x_image type=&#8221;none&#8221; float=&#8221;none&#8221; src=&#8221;https:\/\/skyhawksfusion.com\/gientnew\/wp-content\/uploads\/2016\/04\/20151125164930_753981.png&#8221; info=&#8221;none&#8221; info_place=&#8221;top&#8221; info_trigger=&#8221;hover&#8221;][\/x_tab][x_tab active=&#8221;false&#8221;]<\/p>\n<p><span style=\"color: #ff9900;\"><strong>Configuraci\u00f3n Est\u00e1ndar<\/strong><\/span><\/p>\n<ul>\n<li style=\"list-style-type: none;\">\n<ul>\n<li style=\"list-style-type: none;\">\n<ul>\n<li><span style=\"color: #333333;\">Autoclave <\/span><\/li>\n<li><span style=\"color: #333333;\">Un juego de contenedores antiadherentes para la autoclave<\/span><\/li>\n<li><span style=\"color: #333333;\">Bomba de vac\u00edo<\/span><\/li>\n<li><span style=\"color: #333333;\">Torre de condensaci\u00f3n y desodorizaci\u00f3n<\/span><\/li>\n<li><span style=\"color: #333333;\">Gabinete de control de PLC el\u00e9ctrico y neum\u00e1tico con pantalla t\u00e1ctil y microimpresora<\/span><\/li>\n<li><span style=\"color: #333333;\">Plataforma de carga automatizada <\/span><\/li>\n<\/ul>\n<\/li>\n<\/ul>\n<\/li>\n<\/ul>\n<p><span style=\"color: #333333;\">\u00a0<\/span><\/p>\n<p><span style=\"color: #ff9900;\"><strong>Opcionales<\/strong><\/span><\/p>\n<ul>\n<li style=\"list-style-type: none;\">\n<ul>\n<li style=\"list-style-type: none;\">\n<ul>\n<li><span style=\"color: #333333;\"><a href=\"https:\/\/skyhawksfusion.com\/gientnew\/es\/trituradora-de-residuos-hospitalarios\/\">Trituradora de residuos m\u00e9dicos, incluido volquete de contenedores, tolva de carga y transportador de tornillo, y m\u00e1s componentes<\/a><\/span><\/li>\n<li><span style=\"color: #333333;\">Caldera de vapor\u00a0<\/span><\/li>\n<li><span style=\"color: #333333;\">L\u00ednea de transferencia automatizada <\/span><\/li>\n<li><span style=\"color: #333333;\">Lavadora de contenedores de residuos m\u00e9dicos<\/span><\/li>\n<li><span style=\"color: #333333;\">Sistema de tratamiento y reciclaje de aguas residuales<\/span><\/li>\n<li><span style=\"color: #333333;\"> Sistema de recolecci\u00f3n y desodorizaci\u00f3n del aire del \u00e1rea de trabajo<\/span><\/li>\n<li><span style=\"color: #333333;\">Sistema de control centralizado<\/span><\/li>\n<li><span style=\"color: #333333;\">Contenedor de residuos m\u00e9dicos<\/span><\/li>\n<\/ul>\n<\/li>\n<\/ul>\n<\/li>\n<\/ul>\n<p>[\/x_tab][\/x_tabs][\/cs_column][\/cs_row][\/cs_section][\/cs_content]<\/p>\n","protected":false},"excerpt":{"rendered":"<p>[cs_content][cs_section parallax=&#8221;false&#8221; style=&#8221;margin: 0px;padding: 45px 0px;&#8221;][cs_row inner_container=&#8221;true&#8221; marginless_columns=&#8221;false&#8221; style=&#8221;margin: 0px auto;padding: 0px;&#8221;][cs_column fade=&#8221;false&#8221; fade_animation=&#8221;in&#8221; fade_animation_offset=&#8221;45px&#8221; fade_duration=&#8221;750&#8243; type=&#8221;1\/1&#8243; style=&#8221;padding: 0px;&#8221;][x_custom_headline level=&#8221;h2&#8243; looks_like=&#8221;h2&#8243; accent=&#8221;false&#8221; class=&#8221;cs-ta-left&#8221;]SISTEMA DE AUTOCLAVE PARA RESIDUOS M\u00c9DICOS (SERIE MWC) [\/x_custom_headline][\/cs_column][\/cs_row][\/cs_section][cs_section parallax=&#8221;false&#8221; style=&#8221;margin: 0px;padding: 45px 0px;&#8221;][cs_row inner_container=&#8221;true&#8221; marginless_columns=&#8221;false&#8221; style=&#8221;margin: 0px auto;padding: 0px;&#8221;][cs_column fade=&#8221;false&#8221; fade_animation=&#8221;in&#8221; fade_animation_offset=&#8221;45px&#8221; fade_duration=&#8221;750&#8243; type=&#8221;1\/2&#8243; style=&#8221;padding: 0px;&#8221;][x_image type=&#8221;none&#8221; src=&#8221;https:\/\/skyhawksfusion.com\/gientnew\/wp-content\/uploads\/2016\/07\/MWC650.png&#8221; alt=&#8221;&#8221; link=&#8221;false&#8221; href=&#8221;#&#8221; title=&#8221;&#8221; [&hellip;]<\/p>\n","protected":false},"author":1,"featured_media":0,"parent":0,"menu_order":0,"comment_status":"closed","ping_status":"closed","template":"template-product-detail.php","meta":{"_acf_changed":false,"footnotes":""},"class_list":["post-1276","page","type-page","status-publish","hentry"],"acf":[],"yoast_head":"<!-- This site is optimized with the Yoast SEO Premium plugin v25.6 (Yoast SEO v26.7) - https:\/\/yoast.com\/wordpress\/plugins\/seo\/ -->\n<title>Autoclave para tratamiento centralizado de residuos hospitalarios | Gient<\/title>\n<meta name=\"description\" content=\"Soluci\u00f3n para la eliminaci\u00f3n de residuos hospitalarios para centros de tratamiento, con una capacidad de eliminaci\u00f3n de hasta 20 toneladas al d\u00eda!\" \/>\n<meta name=\"robots\" content=\"noindex, follow, max-snippet:-1, max-image-preview:large, max-video-preview:-1\" \/>\n<meta property=\"og:locale\" content=\"en_US\" \/>\n<meta property=\"og:type\" content=\"article\" \/>\n<meta property=\"og:title\" content=\"Autoclave de residuos hospitalarios\" \/>\n<meta property=\"og:description\" content=\"Soluci\u00f3n para la eliminaci\u00f3n de residuos hospitalarios para centros de tratamiento, con una capacidad de eliminaci\u00f3n de hasta 20 toneladas al d\u00eda!\" \/>\n<meta property=\"og:url\" content=\"https:\/\/skyhawksfusion.com\/gientnew\/es\/autoclave-de-residuos-medicos\/\" \/>\n<meta property=\"og:site_name\" content=\"GIENT - Medical waste treatment and disposal equipment\" \/>\n<meta property=\"article:publisher\" content=\"https:\/\/www.facebook.com\/gient.net\/?fref=ts\" \/>\n<meta property=\"article:modified_time\" content=\"2026-02-07T08:48:00+00:00\" \/>\n<meta name=\"twitter:card\" content=\"summary_large_image\" \/>\n<meta name=\"twitter:site\" content=\"@GientNews\" \/>\n<meta name=\"twitter:label1\" content=\"Est. reading time\" \/>\n\t<meta name=\"twitter:data1\" content=\"3 minutes\" \/>\n<script type=\"application\/ld+json\" class=\"yoast-schema-graph\">{\"@context\":\"https:\/\/schema.org\",\"@graph\":[{\"@type\":\"WebPage\",\"@id\":\"https:\/\/skyhawksfusion.com\/gientnew\/es\/autoclave-de-residuos-medicos\/\",\"url\":\"https:\/\/skyhawksfusion.com\/gientnew\/es\/autoclave-de-residuos-medicos\/\",\"name\":\"Autoclave para tratamiento centralizado de residuos hospitalarios | Gient\",\"isPartOf\":{\"@id\":\"https:\/\/skyhawksfusion.com\/gientnew\/#website\"},\"datePublished\":\"2016-08-08T08:01:26+00:00\",\"dateModified\":\"2026-02-07T08:48:00+00:00\",\"description\":\"Soluci\u00f3n para la eliminaci\u00f3n de residuos hospitalarios para centros de tratamiento, con una capacidad de eliminaci\u00f3n de hasta 20 toneladas al d\u00eda!\",\"breadcrumb\":{\"@id\":\"https:\/\/skyhawksfusion.com\/gientnew\/es\/autoclave-de-residuos-medicos\/#breadcrumb\"},\"inLanguage\":\"en-US\",\"potentialAction\":[{\"@type\":\"ReadAction\",\"target\":[\"https:\/\/skyhawksfusion.com\/gientnew\/es\/autoclave-de-residuos-medicos\/\"]}]},{\"@type\":\"BreadcrumbList\",\"@id\":\"https:\/\/skyhawksfusion.com\/gientnew\/es\/autoclave-de-residuos-medicos\/#breadcrumb\",\"itemListElement\":[{\"@type\":\"ListItem\",\"position\":1,\"name\":\"Home\",\"item\":\"https:\/\/skyhawksfusion.com\/gientnew\/\"},{\"@type\":\"ListItem\",\"position\":2,\"name\":\"Autoclave de residuos hospitalarios\"}]},{\"@type\":\"WebSite\",\"@id\":\"https:\/\/skyhawksfusion.com\/gientnew\/#website\",\"url\":\"https:\/\/skyhawksfusion.com\/gientnew\/\",\"name\":\"GIENT - Medical waste treatment and disposal equipment\",\"description\":\"medical waste treatment, medical waste disposal, medical waste autoclave\",\"potentialAction\":[{\"@type\":\"SearchAction\",\"target\":{\"@type\":\"EntryPoint\",\"urlTemplate\":\"https:\/\/skyhawksfusion.com\/gientnew\/?s={search_term_string}\"},\"query-input\":{\"@type\":\"PropertyValueSpecification\",\"valueRequired\":true,\"valueName\":\"search_term_string\"}}],\"inLanguage\":\"en-US\"}]}<\/script>\n<!-- \/ Yoast SEO Premium plugin. -->","yoast_head_json":{"title":"Autoclave para tratamiento centralizado de residuos hospitalarios | Gient","description":"Soluci\u00f3n para la eliminaci\u00f3n de residuos hospitalarios para centros de tratamiento, con una capacidad de eliminaci\u00f3n de hasta 20 toneladas al d\u00eda!","robots":{"index":"noindex","follow":"follow","max-snippet":"max-snippet:-1","max-image-preview":"max-image-preview:large","max-video-preview":"max-video-preview:-1"},"og_locale":"en_US","og_type":"article","og_title":"Autoclave de residuos hospitalarios","og_description":"Soluci\u00f3n para la eliminaci\u00f3n de residuos hospitalarios para centros de tratamiento, con una capacidad de eliminaci\u00f3n de hasta 20 toneladas al d\u00eda!","og_url":"https:\/\/skyhawksfusion.com\/gientnew\/es\/autoclave-de-residuos-medicos\/","og_site_name":"GIENT - Medical waste treatment and disposal equipment","article_publisher":"https:\/\/www.facebook.com\/gient.net\/?fref=ts","article_modified_time":"2026-02-07T08:48:00+00:00","twitter_card":"summary_large_image","twitter_site":"@GientNews","twitter_misc":{"Est. reading time":"3 minutes"},"schema":{"@context":"https:\/\/schema.org","@graph":[{"@type":"WebPage","@id":"https:\/\/skyhawksfusion.com\/gientnew\/es\/autoclave-de-residuos-medicos\/","url":"https:\/\/skyhawksfusion.com\/gientnew\/es\/autoclave-de-residuos-medicos\/","name":"Autoclave para tratamiento centralizado de residuos hospitalarios | Gient","isPartOf":{"@id":"https:\/\/skyhawksfusion.com\/gientnew\/#website"},"datePublished":"2016-08-08T08:01:26+00:00","dateModified":"2026-02-07T08:48:00+00:00","description":"Soluci\u00f3n para la eliminaci\u00f3n de residuos hospitalarios para centros de tratamiento, con una capacidad de eliminaci\u00f3n de hasta 20 toneladas al d\u00eda!","breadcrumb":{"@id":"https:\/\/skyhawksfusion.com\/gientnew\/es\/autoclave-de-residuos-medicos\/#breadcrumb"},"inLanguage":"en-US","potentialAction":[{"@type":"ReadAction","target":["https:\/\/skyhawksfusion.com\/gientnew\/es\/autoclave-de-residuos-medicos\/"]}]},{"@type":"BreadcrumbList","@id":"https:\/\/skyhawksfusion.com\/gientnew\/es\/autoclave-de-residuos-medicos\/#breadcrumb","itemListElement":[{"@type":"ListItem","position":1,"name":"Home","item":"https:\/\/skyhawksfusion.com\/gientnew\/"},{"@type":"ListItem","position":2,"name":"Autoclave de residuos hospitalarios"}]},{"@type":"WebSite","@id":"https:\/\/skyhawksfusion.com\/gientnew\/#website","url":"https:\/\/skyhawksfusion.com\/gientnew\/","name":"GIENT - Medical waste treatment and disposal equipment","description":"medical waste treatment, medical waste disposal, medical waste autoclave","potentialAction":[{"@type":"SearchAction","target":{"@type":"EntryPoint","urlTemplate":"https:\/\/skyhawksfusion.com\/gientnew\/?s={search_term_string}"},"query-input":{"@type":"PropertyValueSpecification","valueRequired":true,"valueName":"search_term_string"}}],"inLanguage":"en-US"}]}},"_links":{"self":[{"href":"https:\/\/skyhawksfusion.com\/gientnew\/wp-json\/wp\/v2\/pages\/1276","targetHints":{"allow":["GET"]}}],"collection":[{"href":"https:\/\/skyhawksfusion.com\/gientnew\/wp-json\/wp\/v2\/pages"}],"about":[{"href":"https:\/\/skyhawksfusion.com\/gientnew\/wp-json\/wp\/v2\/types\/page"}],"author":[{"embeddable":true,"href":"https:\/\/skyhawksfusion.com\/gientnew\/wp-json\/wp\/v2\/users\/1"}],"replies":[{"embeddable":true,"href":"https:\/\/skyhawksfusion.com\/gientnew\/wp-json\/wp\/v2\/comments?post=1276"}],"version-history":[{"count":26,"href":"https:\/\/skyhawksfusion.com\/gientnew\/wp-json\/wp\/v2\/pages\/1276\/revisions"}],"predecessor-version":[{"id":9002,"href":"https:\/\/skyhawksfusion.com\/gientnew\/wp-json\/wp\/v2\/pages\/1276\/revisions\/9002"}],"wp:attachment":[{"href":"https:\/\/skyhawksfusion.com\/gientnew\/wp-json\/wp\/v2\/media?parent=1276"}],"curies":[{"name":"wp","href":"https:\/\/api.w.org\/{rel}","templated":true}]}}